{"id":1276,"date":"2021-10-15T11:30:03","date_gmt":"2021-10-15T09:30:03","guid":{"rendered":"http:\/\/www.camping-bellavista.com\/camping-familial-calvi\/"},"modified":"2024-12-06T09:38:36","modified_gmt":"2024-12-06T08:38:36","slug":"familiencamping-calvi","status":"publish","type":"page","link":"https:\/\/www.camping-bellavista.com\/de\/familiencamping-calvi\/","title":{"rendered":"Services"},"content":{"rendered":"<section id=\"ls-section-block_04977cc841d4cbf90adb4c3ede2c5856\" class=\"ls-section  section-mobile has-m-b m-b-0 has-p-b p-b-0\" >\r\n        <div class=\"container \">\r\n        \n\n<h1 class=\"ls__heading wp-block-heading has-text-align-center has-color-2-color has-text-color\">3-Sterne-Dienstleistungen in Calvi<\/h1>\n\n\n\n<p class=\"ls-paragraph has-text-align-center\">Eingebettet in einen fast 6 Hektar gro\u00dfen Park bietet Ihnen der Campingplatz Bella Vista in Calvi zahlreiche Serviceleistungen in einer famili\u00e4ren und geselligen Atmosph\u00e4re.<\/p>\n\n\r\n    <\/div>\r\n<\/section>\n\n<section id=\"ls-section-block_084393fff1a6d0b793473bb595c4ce57\" class=\"ls-section  section-mobile has-m-t m-t-0\" >\r\n        <div class=\"container container--wide\">\r\n        \n\n<div class=\"wp-block-columns are-vertically-aligned-center is-layout-flex wp-container-core-columns-is-layout-1 wp-block-columns-is-layout-flex\">\n<div class=\"wp-block-column is-vertically-aligned-center fancybox is-layout-flow wp-block-column-is-layout-flow\">\n<figure class=\"wp-block-image size-large\"><a href=\"https:\/\/www.camping-bellavista.com\/wp-content\/uploads\/2021\/12\/camping-3-etoiles-calvi.jpg\"><img decoding=\"async\" width=\"1200\" height=\"800\" src=\"https:\/\/www.camping-bellavista.com\/wp-content\/uploads\/2021\/12\/camping-3-etoiles-calvi.jpg\" alt=\"camping 3 etoiles calvi\" class=\"wp-image-1277\" srcset=\"https:\/\/www.camping-bellavista.com\/wp-content\/uploads\/2021\/12\/camping-3-etoiles-calvi.jpg 1200w, https:\/\/www.camping-bellavista.com\/wp-content\/uploads\/2021\/12\/camping-3-etoiles-calvi-300x200.jpg 300w, https:\/\/www.camping-bellavista.com\/wp-content\/uploads\/2021\/12\/camping-3-etoiles-calvi-1024x683.jpg 1024w, https:\/\/www.camping-bellavista.com\/wp-content\/uploads\/2021\/12\/camping-3-etoiles-calvi-768x512.jpg 768w\" sizes=\"(max-width: 1200px) 100vw, 1200px\" \/><\/a><\/figure>\n<\/div>\n\n\n\n<div class=\"wp-block-column is-vertically-aligned-center is-layout-flow wp-block-column-is-layout-flow\">\n<h2 class=\"ls__heading wp-block-heading has-color-2-color has-text-color\">Das Land<\/h2>\n\n\n\n<p class=\"ls-paragraph\">Der Campingplatz Bella Vista in Calvi genie\u00dft eine au\u00dfergew\u00f6hnliche Lage. Nur 700 Meter vom Strand und 900 Meter vom Yachthafen entfernt, gelangen Sie leicht in die Sch\u00f6nheit der Bucht von Calvi.<\/p>\n\n\n\n<p class=\"ls-paragraph\">In einem Park mit Kiefern und Eukalyptusb\u00e4umen stehen Ihnen 22 Chalets, 6 Mobilheime und 123 nackte Stellpl\u00e4tze zur Verf\u00fcgung.<\/p>\n\n\n\n<p class=\"ls-paragraph\">Sie profitieren nach Belieben von den neuen Sanit\u00e4ranlagen, die f\u00fcr Personen mit eingeschr\u00e4nkter Mobilit\u00e4t zug\u00e4nglich sind, einem Wickeltisch f\u00fcr Babys sowie von den Bereichen f\u00fcr Kinder.<\/p>\n<\/div>\n<\/div>\n\n\r\n    <\/div>\r\n<\/section>\n\n<section id=\"ls-section-block_0e795b7f91188638da4c6612d166d227\" class=\"ls-section  has-background-image has-parallax has-background has-color-black-background-color has-p-t p-t-16 has-p-b p-b-16\" >\r\n    <div class=\"ls-section__background-image opacity-60\"><img decoding=\"async\" src=\"https:\/\/www.camping-bellavista.com\/wp-content\/uploads\/2021\/12\/bar-snack-calvi.jpg\" alt=\"bar snack calvi\"><\/div>    <div class=\"container \">\r\n        \n\n<h2 class=\"ls__heading wp-block-heading has-text-align-center m-t-0 m-b-0 has-color-white-color has-text-color\" id=\"snack-bar\">Die Snackbar<\/h2>\n\n\n\n<p class=\"ls-paragraph has-text-align-center has-color-white-color has-text-color\">Ein Restaurantservice ist t\u00e4glich in der hochsaison f\u00fcr Snacks, die Sie auf einer schattigen Terrasse genie\u00dfen k\u00f6nnen. Genie\u00dfen Sie ein Mittagessen, ein Abendessen oder einen Aperitif!\u00a0<\/p>\n\n\n\n<h2 class=\"ls__heading wp-block-heading has-text-align-center m-t-0 m-b-0 has-color-white-color has-text-color\" id=\"laverie\">Die W\u00e4scherei<\/h2>\n\n\n\n<p class=\"ls-paragraph has-text-align-center m-t-0 m-b-0 has-color-white-color has-text-color\">Auf dem Campingplatz Bella Vista in Calvi stehen Ihnen zwei Waschmaschinen zur Verf\u00fcgung, die mit einem M\u00fcnzeinwurf funktionieren und rund um die Uhr zug\u00e4nglich sind.<\/p>\n\n\r\n    <\/div>\r\n<\/section>\n\n<section id=\"ls-section-block_57f8f5747545fb467942d2ade839e342\" class=\"ls-section  section-mobile has-p-b p-b-6\" >\r\n        <div class=\"container container--wide\">\r\n        \n\n<div class=\"wp-block-columns are-vertically-aligned-center is-layout-flex wp-container-core-columns-is-layout-3 wp-block-columns-is-layout-flex\">\n<div class=\"wp-block-column is-vertically-aligned-center is-layout-flow wp-block-column-is-layout-flow\">\n<h2 class=\"ls__heading wp-block-heading has-color-2-color has-text-color\" id=\"aire-services\">Der Dienstleistungsbereich<\/h2>\n\n\n\n<p class=\"ls-paragraph\">Wohnmobile k\u00f6nnen an einer jederzeit verf\u00fcgbaren Euro-Relais-S\u00e4ule Wasser tanken und ihr Abwasser ablassen.&nbsp;<\/p>\n\n\n\n<h2 class=\"ls__heading wp-block-heading has-color-2-color has-text-color\" id=\"wifi\">Wifi<\/h2>\n\n\n\n<p class=\"ls-paragraph\">Um m\u00f6glichst viele Besucher zufrieden zu stellen, ist die Umgebung der Rezeption und der Snackbar mit einem kostenlosen WLAN-Zugang ausgestattet.<\/p>\n\n\n\n<h2 class=\"ls__heading wp-block-heading has-color-2-color has-text-color\" id=\"superette\">Der Supermarkt<\/h2>\n\n\n\n<p class=\"ls-paragraph\">Um Ihren Bed\u00fcrfnissen gerecht zu werden und Ihnen den Urlaub zu erleichtern, bietet der Campingplatz ein Depot mit Brot, Croissants und Pain au Chocolat an. Der Minimarkt verf\u00fcgt au\u00dferdem \u00fcber Artikel des t\u00e4glichen Bedarfs, korsische Regionalprodukte usw.<\/p>\n<\/div>\n\n\n\n<div class=\"wp-block-column is-vertically-aligned-center fancybox is-layout-flow wp-block-column-is-layout-flow\">\n<div class=\"wp-block-columns is-layout-flex wp-container-core-columns-is-layout-2 wp-block-columns-is-layout-flex\">\n<div class=\"wp-block-column is-layout-flow wp-block-column-is-layout-flow\">\n<figure class=\"wp-block-image size-large\"><a href=\"https:\/\/www.camping-bellavista.com\/wp-content\/uploads\/2021\/12\/camping-aire-de-vidange-calvi.jpg\"><img decoding=\"async\" width=\"1200\" height=\"800\" src=\"https:\/\/www.camping-bellavista.com\/wp-content\/uploads\/2021\/12\/camping-aire-de-vidange-calvi.jpg\" alt=\"camping aire de vidange calvi\" class=\"wp-image-1804\" srcset=\"https:\/\/www.camping-bellavista.com\/wp-content\/uploads\/2021\/12\/camping-aire-de-vidange-calvi.jpg 1200w, https:\/\/www.camping-bellavista.com\/wp-content\/uploads\/2021\/12\/camping-aire-de-vidange-calvi-300x200.jpg 300w, https:\/\/www.camping-bellavista.com\/wp-content\/uploads\/2021\/12\/camping-aire-de-vidange-calvi-1024x683.jpg 1024w, https:\/\/www.camping-bellavista.com\/wp-content\/uploads\/2021\/12\/camping-aire-de-vidange-calvi-768x512.jpg 768w\" sizes=\"(max-width: 1200px) 100vw, 1200px\" \/><\/a><\/figure>\n<\/div>\n\n\n\n<div class=\"wp-block-column is-layout-flow wp-block-column-is-layout-flow\">\n<figure class=\"wp-block-image size-large\"><a href=\"https:\/\/www.camping-bellavista.com\/wp-content\/uploads\/2021\/12\/camping-3-etoiles-balagne.jpg\"><img decoding=\"async\" width=\"1200\" height=\"800\" src=\"https:\/\/www.camping-bellavista.com\/wp-content\/uploads\/2021\/12\/camping-3-etoiles-balagne.jpg\" alt=\"camping 3 etoiles balagne\" class=\"wp-image-1807\" srcset=\"https:\/\/www.camping-bellavista.com\/wp-content\/uploads\/2021\/12\/camping-3-etoiles-balagne.jpg 1200w, https:\/\/www.camping-bellavista.com\/wp-content\/uploads\/2021\/12\/camping-3-etoiles-balagne-300x200.jpg 300w, https:\/\/www.camping-bellavista.com\/wp-content\/uploads\/2021\/12\/camping-3-etoiles-balagne-1024x683.jpg 1024w, https:\/\/www.camping-bellavista.com\/wp-content\/uploads\/2021\/12\/camping-3-etoiles-balagne-768x512.jpg 768w\" sizes=\"(max-width: 1200px) 100vw, 1200px\" \/><\/a><\/figure>\n<\/div>\n<\/div>\n\n\n\n<figure class=\"wp-block-image size-large\"><a href=\"https:\/\/www.camping-bellavista.com\/wp-content\/uploads\/2021\/12\/camping-vente-produit-locaux-corse.jpg\"><img decoding=\"async\" width=\"1200\" height=\"800\" src=\"https:\/\/www.camping-bellavista.com\/wp-content\/uploads\/2021\/12\/camping-vente-produit-locaux-corse.jpg\" alt=\"camping vente produits locaux corse\" class=\"wp-image-1810\" srcset=\"https:\/\/www.camping-bellavista.com\/wp-content\/uploads\/2021\/12\/camping-vente-produit-locaux-corse.jpg 1200w, https:\/\/www.camping-bellavista.com\/wp-content\/uploads\/2021\/12\/camping-vente-produit-locaux-corse-300x200.jpg 300w, https:\/\/www.camping-bellavista.com\/wp-content\/uploads\/2021\/12\/camping-vente-produit-locaux-corse-1024x683.jpg 1024w, https:\/\/www.camping-bellavista.com\/wp-content\/uploads\/2021\/12\/camping-vente-produit-locaux-corse-768x512.jpg 768w\" sizes=\"(max-width: 1200px) 100vw, 1200px\" \/><\/a><\/figure>\n<\/div>\n<\/div>\n\n\r\n    <\/div>\r\n<\/section>\n\n<section id=\"ls-section-block_4efe443a4b53d5266a6fda4f9e9fae7b\" class=\"ls-section  has-background-image has-parallax has-background has-color-black-background-color has-m-b m-b-4 has-p-t p-t-16 has-p-b p-b-16\" >\r\n    <div class=\"ls-section__background-image opacity-77\"><img decoding=\"async\" src=\"https:\/\/www.camping-bellavista.com\/wp-content\/uploads\/2021\/12\/camping-bord-de-mer-calvi.jpg\" alt=\"camping bord de mer calvi2\"><\/div>    <div class=\"container container--wide\">\r\n        \n\n<div class=\"wp-block-columns is-layout-flex wp-container-core-columns-is-layout-4 wp-block-columns-is-layout-flex\">\n<div class=\"wp-block-column is-layout-flow wp-block-column-is-layout-flow\">\n<h2 class=\"ls__heading wp-block-heading has-text-align-center\" id=\"loisirs\"><span style=\"color:#fff\" class=\"tadv-color\">Freizeit<\/span><\/h2>\n\n\n\n<p class=\"ls-paragraph has-text-align-center\"><span style=\"color:#fff\" class=\"tadv-color\">Teilen Sie zahlreiche Aktivit\u00e4ten auf dem Campingplatz oder in der Umgebung: den feinen Sandstrand, den Jachthafen und alle Aktivit\u00e4ten, die in der Bucht von Calvi angeboten werden: Jet-Ski, Tretboote, Fly-Fish, Bojen, etc.<\/span><\/p>\n<\/div>\n\n\n\n<div class=\"wp-block-column is-layout-flow wp-block-column-is-layout-flow\">\n<h2 class=\"ls__heading wp-block-heading has-text-align-center\" id=\"gardiennage\"><span style=\"color:#fff\" class=\"tadv-color\">Die Bewachung des Campingplatzes<\/span><\/h2>\n\n\n\n<p class=\"ls-paragraph has-text-align-center\"><span style=\"color:#fff\" class=\"tadv-color\">W\u00e4hrend der gesamten Hochsaison filtert ein Nachtw\u00e4chter zu Ihrer Sicherheit die Eing\u00e4nge zum Campingplatz. Je nach Bedarf steht Ihnen ein Parkplatz auf dem Campingplatz zur Verf\u00fcgung.<\/span><\/p>\n<\/div>\n<\/div>\n\n\r\n    <\/div>\r\n<\/section>\n\n<section id=\"ls-section-block_39717b4901d43c5d3f62b129b4dbe0d2\" class=\"ls-section  has-p-t p-t-1\" >\r\n        <div class=\"container container--wide\">\r\n        \n\n<p class=\"ls-paragraph ls__heading has-text-align-center has-color-2-color has-text-color has-large-font-size\">Entdecken Sie die anderen Leistungen des Campingplatzes<\/p>\n\n\n\n<div class=\"wp-block-columns is-layout-flex wp-container-core-columns-is-layout-5 wp-block-columns-is-layout-flex\">\n<div class=\"wp-block-column is-layout-flow wp-block-column-is-layout-flow\">\r\n<div id=\"ls-cta-block_dba5772b307969805a60623528f20e7a\" class=\"ls-cta\">  \r\n    \r\n\r\n<a href=\"\/de\/vermietung-mobilheim-calvi\/\" target=\"\" rel=\"noopener\" class=\"ls-cta__link\">\r\n\r\n\t<div class=\"ls-cta__image\"><img decoding=\"async\" src=\"https:\/\/www.camping-bellavista.com\/wp-content\/uploads\/2021\/12\/camping-location-mobil-home-calvi.jpg\" alt=\"camping location mobil home calvi1\"><\/div>\r\n\t<div class=\"ls-cta__title\">\r\n\t\tVermietung von Mobilheimen\t<\/div>\r\n\r\n\t\t\r\n<\/a><\/div><\/div>\n\n\n\n<div class=\"wp-block-column is-layout-flow wp-block-column-is-layout-flow\">\r\n<div id=\"ls-cta-block_d597854739d325749dc76af230b55bee\" class=\"ls-cta\">  \r\n    \r\n\r\n<a href=\"\/de\/aktivitaeten-calvi\/\" target=\"\" rel=\"noopener\" class=\"ls-cta__link\">\r\n\r\n\t<div class=\"ls-cta__image\"><img decoding=\"async\" src=\"https:\/\/www.camping-bellavista.com\/wp-content\/uploads\/2021\/12\/camping-paddle-calvi-768x512.jpg\" alt=\"camping paddle calvi\"><\/div>\r\n\t<div class=\"ls-cta__title\">\r\n\t\tAktivit\u00e4ten in Calvi\t<\/div>\r\n\r\n\t\t\r\n<\/a><\/div><\/div>\n\n\n\n<div class=\"wp-block-column is-layout-flow wp-block-column-is-layout-flow\">\r\n<div id=\"ls-cta-block_e10aabcb5cc9979329d1d24200768fc9\" class=\"ls-cta\">  \r\n    \r\n\r\n<a href=\"\/de\/campingplatz-seebad-calvi\/\" target=\"\" rel=\"noopener\" class=\"ls-cta__link\">\r\n\r\n\t<div class=\"ls-cta__image\"><img decoding=\"async\" src=\"https:\/\/www.camping-bellavista.com\/wp-content\/uploads\/2021\/12\/camping-plage-balagne-768x512.jpg\" alt=\"camping plage balagne\"><\/div>\r\n\t<div class=\"ls-cta__title\">\r\n\t\tMeeresufer\t<\/div>\r\n\r\n\t\t\r\n<\/a><\/div><\/div>\n<\/div>\n\n\r\n    <\/div>\r\n<\/section>","protected":false},"excerpt":{"rendered":"","protected":false},"author":1,"featured_media":1278,"parent":0,"menu_order":0,"comment_status":"closed","ping_status":"closed","template":"","meta":{"_acf_changed":false,"footnotes":""},"sujet":[],"class_list":["post-1276","page","type-page","status-publish","has-post-thumbnail","hentry"],"acf":[],"yoast_head":"<!-- This site is optimized with the Yoast SEO plugin v25.3 - https:\/\/yoast.com\/wordpress\/plugins\/seo\/ -->\n<title>Familiencamping Balagne | Snackbar Korsika | Supermarkt in Calvi<\/title>\n<meta name=\"robots\" content=\"index, follow, max-snippet:-1, max-image-preview:large, max-video-preview:-1\" \/>\n<link rel=\"canonical\" href=\"https:\/\/www.camping-bellavista.com\/de\/familiencamping-calvi\/\" \/>\n<meta property=\"og:locale\" content=\"de_DE\" \/>\n<meta property=\"og:type\" content=\"article\" \/>\n<meta property=\"og:title\" content=\"Familiencamping Balagne | Snackbar Korsika | Supermarkt in Calvi\" \/>\n<meta property=\"og:url\" content=\"https:\/\/www.camping-bellavista.com\/de\/familiencamping-calvi\/\" \/>\n<meta property=\"og:site_name\" content=\"Camping Bella Vista\" \/>\n<meta property=\"article:modified_time\" content=\"2024-12-06T08:38:36+00:00\" \/>\n<meta property=\"og:image\" content=\"https:\/\/www.camping-bellavista.com\/wp-content\/uploads\/2021\/12\/camping-3-etoiles-corse.jpg\" \/>\n\t<meta property=\"og:image:width\" content=\"1900\" \/>\n\t<meta property=\"og:image:height\" content=\"700\" \/>\n\t<meta property=\"og:image:type\" content=\"image\/jpeg\" \/>\n<meta name=\"twitter:card\" content=\"summary_large_image\" \/>\n<meta name=\"twitter:label1\" content=\"Gesch\u00e4tzte Lesezeit\" \/>\n\t<meta name=\"twitter:data1\" content=\"3\u00a0Minuten\" \/>\n<script type=\"application\/ld+json\" class=\"yoast-schema-graph\">{\"@context\":\"https:\/\/schema.org\",\"@graph\":[{\"@type\":\"WebPage\",\"@id\":\"https:\/\/www.camping-bellavista.com\/de\/familiencamping-calvi\/\",\"url\":\"https:\/\/www.camping-bellavista.com\/de\/familiencamping-calvi\/\",\"name\":\"Familiencamping Balagne | Snackbar Korsika | Supermarkt in Calvi\",\"isPartOf\":{\"@id\":\"https:\/\/www.camping-bellavista.com\/de\/#website\"},\"primaryImageOfPage\":{\"@id\":\"https:\/\/www.camping-bellavista.com\/de\/familiencamping-calvi\/#primaryimage\"},\"image\":{\"@id\":\"https:\/\/www.camping-bellavista.com\/de\/familiencamping-calvi\/#primaryimage\"},\"thumbnailUrl\":\"https:\/\/www.camping-bellavista.com\/wp-content\/uploads\/2021\/12\/camping-3-etoiles-corse.jpg\",\"datePublished\":\"2021-10-15T09:30:03+00:00\",\"dateModified\":\"2024-12-06T08:38:36+00:00\",\"breadcrumb\":{\"@id\":\"https:\/\/www.camping-bellavista.com\/de\/familiencamping-calvi\/#breadcrumb\"},\"inLanguage\":\"de\",\"potentialAction\":[{\"@type\":\"ReadAction\",\"target\":[\"https:\/\/www.camping-bellavista.com\/de\/familiencamping-calvi\/\"]}]},{\"@type\":\"ImageObject\",\"inLanguage\":\"de\",\"@id\":\"https:\/\/www.camping-bellavista.com\/de\/familiencamping-calvi\/#primaryimage\",\"url\":\"https:\/\/www.camping-bellavista.com\/wp-content\/uploads\/2021\/12\/camping-3-etoiles-corse.jpg\",\"contentUrl\":\"https:\/\/www.camping-bellavista.com\/wp-content\/uploads\/2021\/12\/camping-3-etoiles-corse.jpg\",\"width\":1900,\"height\":700,\"caption\":\"camping 3 etoiles corse\"},{\"@type\":\"BreadcrumbList\",\"@id\":\"https:\/\/www.camping-bellavista.com\/de\/familiencamping-calvi\/#breadcrumb\",\"itemListElement\":[{\"@type\":\"ListItem\",\"position\":1,\"name\":\"Campingplatz Korsika\",\"item\":\"https:\/\/www.camping-bellavista.com\/de\/\"},{\"@type\":\"ListItem\",\"position\":2,\"name\":\"Familiencamping auf Korsika\"}]},{\"@type\":\"WebSite\",\"@id\":\"https:\/\/www.camping-bellavista.com\/de\/#website\",\"url\":\"https:\/\/www.camping-bellavista.com\/de\/\",\"name\":\"Camping Bella Vista\",\"description\":\"\",\"publisher\":{\"@id\":\"https:\/\/www.camping-bellavista.com\/de\/#organization\"},\"potentialAction\":[{\"@type\":\"SearchAction\",\"target\":{\"@type\":\"EntryPoint\",\"urlTemplate\":\"https:\/\/www.camping-bellavista.com\/de\/?s={search_term_string}\"},\"query-input\":{\"@type\":\"PropertyValueSpecification\",\"valueRequired\":true,\"valueName\":\"search_term_string\"}}],\"inLanguage\":\"de\"},{\"@type\":\"Organization\",\"@id\":\"https:\/\/www.camping-bellavista.com\/de\/#organization\",\"name\":\"Camping Bellavista\",\"url\":\"https:\/\/www.camping-bellavista.com\/de\/\",\"logo\":{\"@type\":\"ImageObject\",\"inLanguage\":\"de\",\"@id\":\"https:\/\/www.camping-bellavista.com\/de\/#\/schema\/logo\/image\/\",\"url\":\"https:\/\/www.camping-bellavista.com\/wp-content\/uploads\/2021\/12\/logo-bella-vista.png\",\"contentUrl\":\"https:\/\/www.camping-bellavista.com\/wp-content\/uploads\/2021\/12\/logo-bella-vista.png\",\"width\":512,\"height\":512,\"caption\":\"Camping Bellavista\"},\"image\":{\"@id\":\"https:\/\/www.camping-bellavista.com\/de\/#\/schema\/logo\/image\/\"}}]}<\/script>\n<!-- \/ Yoast SEO plugin. -->","yoast_head_json":{"title":"Familiencamping Balagne | Snackbar Korsika | Supermarkt in Calvi","robots":{"index":"index","follow":"follow","max-snippet":"max-snippet:-1","max-image-preview":"max-image-preview:large","max-video-preview":"max-video-preview:-1"},"canonical":"https:\/\/www.camping-bellavista.com\/de\/familiencamping-calvi\/","og_locale":"de_DE","og_type":"article","og_title":"Familiencamping Balagne | Snackbar Korsika | Supermarkt in Calvi","og_url":"https:\/\/www.camping-bellavista.com\/de\/familiencamping-calvi\/","og_site_name":"Camping Bella Vista","article_modified_time":"2024-12-06T08:38:36+00:00","og_image":[{"width":1900,"height":700,"url":"https:\/\/www.camping-bellavista.com\/wp-content\/uploads\/2021\/12\/camping-3-etoiles-corse.jpg","type":"image\/jpeg"}],"twitter_card":"summary_large_image","twitter_misc":{"Gesch\u00e4tzte Lesezeit":"3\u00a0Minuten"},"schema":{"@context":"https:\/\/schema.org","@graph":[{"@type":"WebPage","@id":"https:\/\/www.camping-bellavista.com\/de\/familiencamping-calvi\/","url":"https:\/\/www.camping-bellavista.com\/de\/familiencamping-calvi\/","name":"Familiencamping Balagne | Snackbar Korsika | Supermarkt in Calvi","isPartOf":{"@id":"https:\/\/www.camping-bellavista.com\/de\/#website"},"primaryImageOfPage":{"@id":"https:\/\/www.camping-bellavista.com\/de\/familiencamping-calvi\/#primaryimage"},"image":{"@id":"https:\/\/www.camping-bellavista.com\/de\/familiencamping-calvi\/#primaryimage"},"thumbnailUrl":"https:\/\/www.camping-bellavista.com\/wp-content\/uploads\/2021\/12\/camping-3-etoiles-corse.jpg","datePublished":"2021-10-15T09:30:03+00:00","dateModified":"2024-12-06T08:38:36+00:00","breadcrumb":{"@id":"https:\/\/www.camping-bellavista.com\/de\/familiencamping-calvi\/#breadcrumb"},"inLanguage":"de","potentialAction":[{"@type":"ReadAction","target":["https:\/\/www.camping-bellavista.com\/de\/familiencamping-calvi\/"]}]},{"@type":"ImageObject","inLanguage":"de","@id":"https:\/\/www.camping-bellavista.com\/de\/familiencamping-calvi\/#primaryimage","url":"https:\/\/www.camping-bellavista.com\/wp-content\/uploads\/2021\/12\/camping-3-etoiles-corse.jpg","contentUrl":"https:\/\/www.camping-bellavista.com\/wp-content\/uploads\/2021\/12\/camping-3-etoiles-corse.jpg","width":1900,"height":700,"caption":"camping 3 etoiles corse"},{"@type":"BreadcrumbList","@id":"https:\/\/www.camping-bellavista.com\/de\/familiencamping-calvi\/#breadcrumb","itemListElement":[{"@type":"ListItem","position":1,"name":"Campingplatz Korsika","item":"https:\/\/www.camping-bellavista.com\/de\/"},{"@type":"ListItem","position":2,"name":"Familiencamping auf Korsika"}]},{"@type":"WebSite","@id":"https:\/\/www.camping-bellavista.com\/de\/#website","url":"https:\/\/www.camping-bellavista.com\/de\/","name":"Camping Bella Vista","description":"","publisher":{"@id":"https:\/\/www.camping-bellavista.com\/de\/#organization"},"potentialAction":[{"@type":"SearchAction","target":{"@type":"EntryPoint","urlTemplate":"https:\/\/www.camping-bellavista.com\/de\/?s={search_term_string}"},"query-input":{"@type":"PropertyValueSpecification","valueRequired":true,"valueName":"search_term_string"}}],"inLanguage":"de"},{"@type":"Organization","@id":"https:\/\/www.camping-bellavista.com\/de\/#organization","name":"Camping Bellavista","url":"https:\/\/www.camping-bellavista.com\/de\/","logo":{"@type":"ImageObject","inLanguage":"de","@id":"https:\/\/www.camping-bellavista.com\/de\/#\/schema\/logo\/image\/","url":"https:\/\/www.camping-bellavista.com\/wp-content\/uploads\/2021\/12\/logo-bella-vista.png","contentUrl":"https:\/\/www.camping-bellavista.com\/wp-content\/uploads\/2021\/12\/logo-bella-vista.png","width":512,"height":512,"caption":"Camping Bellavista"},"image":{"@id":"https:\/\/www.camping-bellavista.com\/de\/#\/schema\/logo\/image\/"}}]}},"_links":{"self":[{"href":"https:\/\/www.camping-bellavista.com\/de\/wp-json\/wp\/v2\/pages\/1276"}],"collection":[{"href":"https:\/\/www.camping-bellavista.com\/de\/wp-json\/wp\/v2\/pages"}],"about":[{"href":"https:\/\/www.camping-bellavista.com\/de\/wp-json\/wp\/v2\/types\/page"}],"author":[{"embeddable":true,"href":"https:\/\/www.camping-bellavista.com\/de\/wp-json\/wp\/v2\/users\/1"}],"replies":[{"embeddable":true,"href":"https:\/\/www.camping-bellavista.com\/de\/wp-json\/wp\/v2\/comments?post=1276"}],"version-history":[{"count":15,"href":"https:\/\/www.camping-bellavista.com\/de\/wp-json\/wp\/v2\/pages\/1276\/revisions"}],"predecessor-version":[{"id":31648,"href":"https:\/\/www.camping-bellavista.com\/de\/wp-json\/wp\/v2\/pages\/1276\/revisions\/31648"}],"wp:featuredmedia":[{"embeddable":true,"href":"https:\/\/www.camping-bellavista.com\/de\/wp-json\/wp\/v2\/media\/1278"}],"wp:attachment":[{"href":"https:\/\/www.camping-bellavista.com\/de\/wp-json\/wp\/v2\/media?parent=1276"}],"wp:term":[{"taxonomy":"sujet","embeddable":true,"href":"https:\/\/www.camping-bellavista.com\/de\/wp-json\/wp\/v2\/sujet?post=1276"}],"curies":[{"name":"wp","href":"https:\/\/api.w.org\/{rel}","templated":true}]}}