{"id":1368,"date":"2021-10-15T11:30:43","date_gmt":"2021-10-15T09:30:43","guid":{"rendered":"http:\/\/www.camping-bellavista.com\/camping-bord-de-mer-calvi\/"},"modified":"2021-12-15T12:01:53","modified_gmt":"2021-12-15T11:01:53","slug":"campingplatz-seebad-calvi","status":"publish","type":"page","link":"https:\/\/www.camping-bellavista.com\/de\/campingplatz-seebad-calvi\/","title":{"rendered":"Bord de mer"},"content":{"rendered":"<section id=\"ls-section-block_61ade23095e92\" class=\"ls-section \" >\r\n        <div class=\"container \">\r\n        \n\n<h1 class=\"ls__heading has-text-align-center has-color-2-color has-text-color wp-block-heading\">Campingplatz am Meer in Calvi<\/h1>\n\n\r\n    <\/div>\r\n<\/section>\n\n<section id=\"ls-section-block_618e2e2e4264e\" class=\"ls-section  has-p-t p-t-0\" >\r\n        <div class=\"container container--wide\">\r\n        \n\n<div class=\"wp-block-columns are-vertically-aligned-center is-layout-flex wp-container-core-columns-is-layout-1 wp-block-columns-is-layout-flex\">\n<div class=\"wp-block-column is-vertically-aligned-center fancybox is-layout-flow wp-block-column-is-layout-flow\">\n<figure class=\"wp-block-image size-large\"><a href=\"https:\/\/www.camping-bellavista.com\/wp-content\/uploads\/2021\/12\/camping-plage-balagne.jpg\"><img decoding=\"async\" width=\"1200\" height=\"800\" src=\"https:\/\/www.camping-bellavista.com\/wp-content\/uploads\/2021\/12\/camping-plage-balagne.jpg\" alt=\"camping plage balagne\" class=\"wp-image-1373\" srcset=\"https:\/\/www.camping-bellavista.com\/wp-content\/uploads\/2021\/12\/camping-plage-balagne.jpg 1200w, https:\/\/www.camping-bellavista.com\/wp-content\/uploads\/2021\/12\/camping-plage-balagne-300x200.jpg 300w, https:\/\/www.camping-bellavista.com\/wp-content\/uploads\/2021\/12\/camping-plage-balagne-1024x683.jpg 1024w, https:\/\/www.camping-bellavista.com\/wp-content\/uploads\/2021\/12\/camping-plage-balagne-768x512.jpg 768w\" sizes=\"(max-width: 1200px) 100vw, 1200px\" \/><\/a><\/figure>\n<\/div>\n\n\n\n<div class=\"wp-block-column is-vertically-aligned-center is-layout-flow wp-block-column-is-layout-flow\">\n<h2 class=\"ls__heading has-color-2-color has-text-color wp-block-heading\">Idealer Campingplatz, um in der Balagne nahe am Meer zu sein<\/h2>\n\n\n\n<p class=\"ls-paragraph\">Sie m\u00f6chten einen Urlaub auf Korsika verbringen und tr\u00e4umen von feinen Sandstr\u00e4nden, grandiosen Naturlandschaften mit Meer, soweit das Auge reicht? Die Balagne im Nordwesten Korsikas ist die perfekte Region, die all Ihre W\u00fcnsche erf\u00fcllt!<\/p>\n\n\n\n<p class=\"ls-paragraph\">Um in der N\u00e4he der K\u00fcste zu wohnen, ist der Campingplatz Bella Vista in Calvi der ideale Ort. Da er nur 700 m von der K\u00fcste entfernt liegt, k\u00f6nnen Sie den Strand von Calvi leicht erreichen. Was gibt es Sch\u00f6neres, als zu Fu\u00df oder mit dem Fahrrad an die korsische K\u00fcste zu fahren und den Sand, die kleinen Felseninseln und das t\u00fcrkisfarbene Wasser der Insel der Sch\u00f6nheit zu genie\u00dfen?<\/p>\n<\/div>\n<\/div>\n\n\r\n    <\/div>\r\n<\/section>\n\n<section id=\"ls-section-block_618e2fba4264f\" class=\"ls-section  has-background-image has-parallax has-background has-color-black-background-color has-p-t p-t-16 has-p-b p-b-16\" >\r\n    <div class=\"ls-section__background-image opacity-70\"><img decoding=\"async\" src=\"https:\/\/www.camping-bellavista.com\/wp-content\/uploads\/2021\/12\/camping-bord-de-mer-calvi-1.jpg\" alt=\"camping bord de mer calvi\"><\/div>    <div class=\"container container--wide\">\r\n        \n\n<h2 class=\"ls__heading has-text-align-center m-t-0 m-b-0 has-color-white-color has-text-color wp-block-heading\">Top 5 der Str\u00e4nde in Calvi<\/h2>\n\n\n\n<p class=\"ls-paragraph has-text-align-center has-color-white-color has-text-color\">Der lange, von einem Pinienwald ges\u00e4umte Strand von Calvi ist einer der sch\u00f6nsten Str\u00e4nde Korsikas. Es ist sogar der Strand, an dem Luc Besson den ber\u00fchmten Film &#8222;Le Grand Bleu&#8220; gedreht hat! Sie werden das lichtdurchl\u00e4ssige Wasser, den feinen Sand und die felsigen Halbinseln genie\u00dfen.<\/p>\n\n\n\n<p class=\"ls-paragraph has-text-align-center m-t-0 m-b-0 has-color-white-color has-text-color\">Der Strand von Sainte Restitude ist eine kleine Bucht von 150 m, in der sich Familien treffen. Der Strand von Roncu in der N\u00e4he der Zitadelle von Calvi ist ein kleiner Strand, der wenig bekannt ist und kaum besucht wird. Sie werden seine Ruhe auch in der Hochsaison zu sch\u00e4tzen wissen. Der Strand von Alga ist eine kleine, wilde Bucht mit einem herrlichen Blick auf den Golf von Calvi. Wenn Sie schlie\u00dflich die wilde und nat\u00fcrliche Seite Korsikas m\u00f6gen, wird Ihnen der Strand von Oscelluccia am Ende der Pointe de la Revallata gefallen.<\/p>\n\n\r\n    <\/div>\r\n<\/section>\n\n<section id=\"ls-section-block_618e300242650\" class=\"ls-section  has-p-b p-b-6\" >\r\n        <div class=\"container container--wide\">\r\n        \n\n<div class=\"wp-block-columns are-vertically-aligned-center is-layout-flex wp-container-core-columns-is-layout-3 wp-block-columns-is-layout-flex\">\n<div class=\"wp-block-column is-vertically-aligned-center is-layout-flow wp-block-column-is-layout-flow\">\n<h2 class=\"ls__heading has-color-2-color has-text-color wp-block-heading\">Wassersportaktivit\u00e4ten, die Sie in der Balagne unternehmen k\u00f6nnen<\/h2>\n\n\n\n<p class=\"ls-paragraph\">Die Balagne mit ihren langen wei\u00dfen Sandstr\u00e4nden und kleinen, intimen Buchten ist eine ideale Region f\u00fcr alle, die gerne faulenzen, baden und Wassersport treiben. Am Strand von Calvi und an anderen Str\u00e4nden in der Umgebung gibt es eine Vielzahl von Wassersportaktivit\u00e4ten.<\/p>\n\n\n\n<p class=\"ls-paragraph\">Sie k\u00f6nnen Surfen, Jetski, Boje, Kanu und Kajak, aber auch Segeln, Windsurfen oder Windsurfen entdecken und aus\u00fcben.<\/p>\n\n\n\n<p class=\"ls-paragraph\">Auch Tauchfans werden von der au\u00dfergew\u00f6hnlichen Unterwasserwelt begeistert sein. Entscheiden Sie sich f\u00fcr ein Tretboot f\u00fcr eine sanftere Aktivit\u00e4t. Schlie\u00dflich k\u00f6nnen Sie auch einen Katamaran mieten, um diesen Teil der balanesischen K\u00fcste auf eine andere Art und Weise zu entdecken.<\/p>\n<\/div>\n\n\n\n<div class=\"wp-block-column is-vertically-aligned-center fancybox is-layout-flow wp-block-column-is-layout-flow\">\n<div class=\"wp-block-columns is-layout-flex wp-container-core-columns-is-layout-2 wp-block-columns-is-layout-flex\">\n<div class=\"wp-block-column is-layout-flow wp-block-column-is-layout-flow\">\n<figure class=\"wp-block-image size-large\"><a href=\"https:\/\/www.camping-bellavista.com\/wp-content\/uploads\/2021\/12\/camping-location-bateau-calvi.jpg\"><img decoding=\"async\" width=\"1200\" height=\"800\" src=\"https:\/\/www.camping-bellavista.com\/wp-content\/uploads\/2021\/12\/camping-location-bateau-calvi.jpg\" alt=\"camping location bateau calvi\" class=\"wp-image-1374\" srcset=\"https:\/\/www.camping-bellavista.com\/wp-content\/uploads\/2021\/12\/camping-location-bateau-calvi.jpg 1200w, https:\/\/www.camping-bellavista.com\/wp-content\/uploads\/2021\/12\/camping-location-bateau-calvi-300x200.jpg 300w, https:\/\/www.camping-bellavista.com\/wp-content\/uploads\/2021\/12\/camping-location-bateau-calvi-1024x683.jpg 1024w, https:\/\/www.camping-bellavista.com\/wp-content\/uploads\/2021\/12\/camping-location-bateau-calvi-768x512.jpg 768w\" sizes=\"(max-width: 1200px) 100vw, 1200px\" \/><\/a><\/figure>\n<\/div>\n\n\n\n<div class=\"wp-block-column is-layout-flow wp-block-column-is-layout-flow\">\n<figure class=\"wp-block-image size-large\"><a href=\"https:\/\/www.camping-bellavista.com\/wp-content\/uploads\/2021\/12\/camping-activites-nautiques-corse.jpg\"><img decoding=\"async\" width=\"1200\" height=\"800\" src=\"https:\/\/www.camping-bellavista.com\/wp-content\/uploads\/2021\/12\/camping-activites-nautiques-corse.jpg\" alt=\"camping activites nautiques corse\" class=\"wp-image-1375\" srcset=\"https:\/\/www.camping-bellavista.com\/wp-content\/uploads\/2021\/12\/camping-activites-nautiques-corse.jpg 1200w, https:\/\/www.camping-bellavista.com\/wp-content\/uploads\/2021\/12\/camping-activites-nautiques-corse-300x200.jpg 300w, https:\/\/www.camping-bellavista.com\/wp-content\/uploads\/2021\/12\/camping-activites-nautiques-corse-1024x683.jpg 1024w, https:\/\/www.camping-bellavista.com\/wp-content\/uploads\/2021\/12\/camping-activites-nautiques-corse-768x512.jpg 768w\" sizes=\"(max-width: 1200px) 100vw, 1200px\" \/><\/a><\/figure>\n<\/div>\n<\/div>\n\n\n\n<figure class=\"wp-block-image size-large\"><a href=\"https:\/\/www.camping-bellavista.com\/wp-content\/uploads\/2021\/12\/camping-planche-a-voile-calvi.jpg\"><img decoding=\"async\" width=\"1200\" height=\"800\" src=\"https:\/\/www.camping-bellavista.com\/wp-content\/uploads\/2021\/12\/camping-planche-a-voile-calvi.jpg\" alt=\"camping planche a voile calvi\" class=\"wp-image-1376\" srcset=\"https:\/\/www.camping-bellavista.com\/wp-content\/uploads\/2021\/12\/camping-planche-a-voile-calvi.jpg 1200w, https:\/\/www.camping-bellavista.com\/wp-content\/uploads\/2021\/12\/camping-planche-a-voile-calvi-300x200.jpg 300w, https:\/\/www.camping-bellavista.com\/wp-content\/uploads\/2021\/12\/camping-planche-a-voile-calvi-1024x683.jpg 1024w, https:\/\/www.camping-bellavista.com\/wp-content\/uploads\/2021\/12\/camping-planche-a-voile-calvi-768x512.jpg 768w\" sizes=\"(max-width: 1200px) 100vw, 1200px\" \/><\/a><\/figure>\n<\/div>\n<\/div>\n\n\r\n    <\/div>\r\n<\/section>\n\n<section id=\"ls-section-block_61a775007de53\" class=\"ls-section  has-p-t p-t-1\" >\r\n        <div class=\"container container--wide\">\r\n        \n\n<p class=\"ls-paragraph ls__heading has-text-align-center has-large-font-size\"><span class=\"has-inline-color has-color-2-color\">Entdecke den Campingplatz<\/span><\/p>\n\n\n\n<div class=\"wp-block-columns is-layout-flex wp-container-core-columns-is-layout-4 wp-block-columns-is-layout-flex\">\n<div class=\"wp-block-column is-layout-flow wp-block-column-is-layout-flow\">\r\n<div id=\"ls-cta-block_61a775227de54\" class=\"ls-cta\">  \r\n    \r\n\r\n<a href=\"\/de\/vermietung-mobilheim-calvi\/\" target=\"\" rel=\"noopener\" class=\"ls-cta__link\">\r\n\r\n\t<div class=\"ls-cta__image\"><img decoding=\"async\" src=\"https:\/\/www.camping-bellavista.com\/wp-content\/uploads\/2021\/12\/camping-location-mobil-home-calvi-1-768x283.jpg\" alt=\"camping location mobil home calvi\"><\/div>\r\n\t<div class=\"ls-cta__title\">\r\n\t\tVermietung von Mobilheimen\t<\/div>\r\n\r\n\t\t\r\n<\/a><\/div><\/div>\n\n\n\n<div class=\"wp-block-column is-layout-flow wp-block-column-is-layout-flow\">\r\n<div id=\"ls-cta-block_61a775297de55\" class=\"ls-cta\">  \r\n    \r\n\r\n<a href=\"\/de\/aktivitaeten-calvi\/\" target=\"\" rel=\"noopener\" class=\"ls-cta__link\">\r\n\r\n\t<div class=\"ls-cta__image\"><img decoding=\"async\" src=\"https:\/\/www.camping-bellavista.com\/wp-content\/uploads\/2021\/12\/camping-paddle-calvi-768x512.jpg\" alt=\"camping paddle calvi\"><\/div>\r\n\t<div class=\"ls-cta__title\">\r\n\t\tAktivit\u00e4ten in Calvi\t<\/div>\r\n\r\n\t\t\r\n<\/a><\/div><\/div>\n\n\n\n<div class=\"wp-block-column is-layout-flow wp-block-column-is-layout-flow\">\r\n<div id=\"ls-cta-block_61a7752b7de56\" class=\"ls-cta\">  \r\n    \r\n\r\n<a href=\"\/de\/familiencamping-calvi\/\" target=\"\" rel=\"noopener\" class=\"ls-cta__link\">\r\n\r\n\t<div class=\"ls-cta__image\"><img decoding=\"async\" src=\"https:\/\/www.camping-bellavista.com\/wp-content\/uploads\/2021\/12\/camping-3-etoiles-calvi-768x512.jpg\" alt=\"camping 3 etoiles calvi\"><\/div>\r\n\t<div class=\"ls-cta__title\">\r\n\t\tDienste \t<\/div>\r\n\r\n\t\t\r\n<\/a><\/div><\/div>\n<\/div>\n\n\r\n    <\/div>\r\n<\/section>","protected":false},"excerpt":{"rendered":"","protected":false},"author":1,"featured_media":1369,"parent":0,"menu_order":0,"comment_status":"closed","ping_status":"closed","template":"","meta":{"_acf_changed":false,"footnotes":""},"sujet":[],"class_list":["post-1368","page","type-page","status-publish","has-post-thumbnail","hentry"],"acf":[],"yoast_head":"<!-- This site is optimized with the Yoast SEO plugin v25.3 - https:\/\/yoast.com\/wordpress\/plugins\/seo\/ -->\n<title>Camping am Meer in der Balagne | Camping in der N\u00e4he von Str\u00e4nden in Calvi<\/title>\n<meta name=\"robots\" content=\"index, follow, max-snippet:-1, max-image-preview:large, max-video-preview:-1\" \/>\n<link rel=\"canonical\" href=\"https:\/\/www.camping-bellavista.com\/de\/campingplatz-seebad-calvi\/\" \/>\n<meta property=\"og:locale\" content=\"de_DE\" \/>\n<meta property=\"og:type\" content=\"article\" \/>\n<meta property=\"og:title\" content=\"Camping am Meer in der Balagne | Camping in der N\u00e4he von Str\u00e4nden in Calvi\" \/>\n<meta property=\"og:url\" content=\"https:\/\/www.camping-bellavista.com\/de\/campingplatz-seebad-calvi\/\" \/>\n<meta property=\"og:site_name\" content=\"Camping Bella Vista\" \/>\n<meta property=\"article:modified_time\" content=\"2021-12-15T11:01:53+00:00\" \/>\n<meta property=\"og:image\" content=\"https:\/\/www.camping-bellavista.com\/wp-content\/uploads\/2021\/12\/camping-plage-calvi.jpg\" \/>\n\t<meta property=\"og:image:width\" content=\"1900\" \/>\n\t<meta property=\"og:image:height\" content=\"700\" \/>\n\t<meta property=\"og:image:type\" content=\"image\/jpeg\" \/>\n<meta name=\"twitter:card\" content=\"summary_large_image\" \/>\n<meta name=\"twitter:label1\" content=\"Gesch\u00e4tzte Lesezeit\" \/>\n\t<meta name=\"twitter:data1\" content=\"3\u00a0Minuten\" \/>\n<script type=\"application\/ld+json\" class=\"yoast-schema-graph\">{\"@context\":\"https:\/\/schema.org\",\"@graph\":[{\"@type\":\"WebPage\",\"@id\":\"https:\/\/www.camping-bellavista.com\/de\/campingplatz-seebad-calvi\/\",\"url\":\"https:\/\/www.camping-bellavista.com\/de\/campingplatz-seebad-calvi\/\",\"name\":\"Camping am Meer in der Balagne | Camping in der N\u00e4he von Str\u00e4nden in Calvi\",\"isPartOf\":{\"@id\":\"https:\/\/www.camping-bellavista.com\/de\/#website\"},\"primaryImageOfPage\":{\"@id\":\"https:\/\/www.camping-bellavista.com\/de\/campingplatz-seebad-calvi\/#primaryimage\"},\"image\":{\"@id\":\"https:\/\/www.camping-bellavista.com\/de\/campingplatz-seebad-calvi\/#primaryimage\"},\"thumbnailUrl\":\"https:\/\/www.camping-bellavista.com\/wp-content\/uploads\/2021\/12\/camping-plage-calvi.jpg\",\"datePublished\":\"2021-10-15T09:30:43+00:00\",\"dateModified\":\"2021-12-15T11:01:53+00:00\",\"breadcrumb\":{\"@id\":\"https:\/\/www.camping-bellavista.com\/de\/campingplatz-seebad-calvi\/#breadcrumb\"},\"inLanguage\":\"de\",\"potentialAction\":[{\"@type\":\"ReadAction\",\"target\":[\"https:\/\/www.camping-bellavista.com\/de\/campingplatz-seebad-calvi\/\"]}]},{\"@type\":\"ImageObject\",\"inLanguage\":\"de\",\"@id\":\"https:\/\/www.camping-bellavista.com\/de\/campingplatz-seebad-calvi\/#primaryimage\",\"url\":\"https:\/\/www.camping-bellavista.com\/wp-content\/uploads\/2021\/12\/camping-plage-calvi.jpg\",\"contentUrl\":\"https:\/\/www.camping-bellavista.com\/wp-content\/uploads\/2021\/12\/camping-plage-calvi.jpg\",\"width\":1900,\"height\":700,\"caption\":\"camping plage calvi\"},{\"@type\":\"BreadcrumbList\",\"@id\":\"https:\/\/www.camping-bellavista.com\/de\/campingplatz-seebad-calvi\/#breadcrumb\",\"itemListElement\":[{\"@type\":\"ListItem\",\"position\":1,\"name\":\"Campingplatz Korsika\",\"item\":\"https:\/\/www.camping-bellavista.com\/de\/\"},{\"@type\":\"ListItem\",\"position\":2,\"name\":\"Camping in Strandn\u00e4he in der Balagne\"}]},{\"@type\":\"WebSite\",\"@id\":\"https:\/\/www.camping-bellavista.com\/de\/#website\",\"url\":\"https:\/\/www.camping-bellavista.com\/de\/\",\"name\":\"Camping Bella Vista\",\"description\":\"\",\"publisher\":{\"@id\":\"https:\/\/www.camping-bellavista.com\/de\/#organization\"},\"potentialAction\":[{\"@type\":\"SearchAction\",\"target\":{\"@type\":\"EntryPoint\",\"urlTemplate\":\"https:\/\/www.camping-bellavista.com\/de\/?s={search_term_string}\"},\"query-input\":{\"@type\":\"PropertyValueSpecification\",\"valueRequired\":true,\"valueName\":\"search_term_string\"}}],\"inLanguage\":\"de\"},{\"@type\":\"Organization\",\"@id\":\"https:\/\/www.camping-bellavista.com\/de\/#organization\",\"name\":\"Camping Bellavista\",\"url\":\"https:\/\/www.camping-bellavista.com\/de\/\",\"logo\":{\"@type\":\"ImageObject\",\"inLanguage\":\"de\",\"@id\":\"https:\/\/www.camping-bellavista.com\/de\/#\/schema\/logo\/image\/\",\"url\":\"https:\/\/www.camping-bellavista.com\/wp-content\/uploads\/2021\/12\/logo-bella-vista.png\",\"contentUrl\":\"https:\/\/www.camping-bellavista.com\/wp-content\/uploads\/2021\/12\/logo-bella-vista.png\",\"width\":512,\"height\":512,\"caption\":\"Camping Bellavista\"},\"image\":{\"@id\":\"https:\/\/www.camping-bellavista.com\/de\/#\/schema\/logo\/image\/\"}}]}<\/script>\n<!-- \/ Yoast SEO plugin. -->","yoast_head_json":{"title":"Camping am Meer in der Balagne | Camping in der N\u00e4he von Str\u00e4nden in Calvi","robots":{"index":"index","follow":"follow","max-snippet":"max-snippet:-1","max-image-preview":"max-image-preview:large","max-video-preview":"max-video-preview:-1"},"canonical":"https:\/\/www.camping-bellavista.com\/de\/campingplatz-seebad-calvi\/","og_locale":"de_DE","og_type":"article","og_title":"Camping am Meer in der Balagne | Camping in der N\u00e4he von Str\u00e4nden in Calvi","og_url":"https:\/\/www.camping-bellavista.com\/de\/campingplatz-seebad-calvi\/","og_site_name":"Camping Bella Vista","article_modified_time":"2021-12-15T11:01:53+00:00","og_image":[{"width":1900,"height":700,"url":"https:\/\/www.camping-bellavista.com\/wp-content\/uploads\/2021\/12\/camping-plage-calvi.jpg","type":"image\/jpeg"}],"twitter_card":"summary_large_image","twitter_misc":{"Gesch\u00e4tzte Lesezeit":"3\u00a0Minuten"},"schema":{"@context":"https:\/\/schema.org","@graph":[{"@type":"WebPage","@id":"https:\/\/www.camping-bellavista.com\/de\/campingplatz-seebad-calvi\/","url":"https:\/\/www.camping-bellavista.com\/de\/campingplatz-seebad-calvi\/","name":"Camping am Meer in der Balagne | Camping in der N\u00e4he von Str\u00e4nden in Calvi","isPartOf":{"@id":"https:\/\/www.camping-bellavista.com\/de\/#website"},"primaryImageOfPage":{"@id":"https:\/\/www.camping-bellavista.com\/de\/campingplatz-seebad-calvi\/#primaryimage"},"image":{"@id":"https:\/\/www.camping-bellavista.com\/de\/campingplatz-seebad-calvi\/#primaryimage"},"thumbnailUrl":"https:\/\/www.camping-bellavista.com\/wp-content\/uploads\/2021\/12\/camping-plage-calvi.jpg","datePublished":"2021-10-15T09:30:43+00:00","dateModified":"2021-12-15T11:01:53+00:00","breadcrumb":{"@id":"https:\/\/www.camping-bellavista.com\/de\/campingplatz-seebad-calvi\/#breadcrumb"},"inLanguage":"de","potentialAction":[{"@type":"ReadAction","target":["https:\/\/www.camping-bellavista.com\/de\/campingplatz-seebad-calvi\/"]}]},{"@type":"ImageObject","inLanguage":"de","@id":"https:\/\/www.camping-bellavista.com\/de\/campingplatz-seebad-calvi\/#primaryimage","url":"https:\/\/www.camping-bellavista.com\/wp-content\/uploads\/2021\/12\/camping-plage-calvi.jpg","contentUrl":"https:\/\/www.camping-bellavista.com\/wp-content\/uploads\/2021\/12\/camping-plage-calvi.jpg","width":1900,"height":700,"caption":"camping plage calvi"},{"@type":"BreadcrumbList","@id":"https:\/\/www.camping-bellavista.com\/de\/campingplatz-seebad-calvi\/#breadcrumb","itemListElement":[{"@type":"ListItem","position":1,"name":"Campingplatz Korsika","item":"https:\/\/www.camping-bellavista.com\/de\/"},{"@type":"ListItem","position":2,"name":"Camping in Strandn\u00e4he in der Balagne"}]},{"@type":"WebSite","@id":"https:\/\/www.camping-bellavista.com\/de\/#website","url":"https:\/\/www.camping-bellavista.com\/de\/","name":"Camping Bella Vista","description":"","publisher":{"@id":"https:\/\/www.camping-bellavista.com\/de\/#organization"},"potentialAction":[{"@type":"SearchAction","target":{"@type":"EntryPoint","urlTemplate":"https:\/\/www.camping-bellavista.com\/de\/?s={search_term_string}"},"query-input":{"@type":"PropertyValueSpecification","valueRequired":true,"valueName":"search_term_string"}}],"inLanguage":"de"},{"@type":"Organization","@id":"https:\/\/www.camping-bellavista.com\/de\/#organization","name":"Camping Bellavista","url":"https:\/\/www.camping-bellavista.com\/de\/","logo":{"@type":"ImageObject","inLanguage":"de","@id":"https:\/\/www.camping-bellavista.com\/de\/#\/schema\/logo\/image\/","url":"https:\/\/www.camping-bellavista.com\/wp-content\/uploads\/2021\/12\/logo-bella-vista.png","contentUrl":"https:\/\/www.camping-bellavista.com\/wp-content\/uploads\/2021\/12\/logo-bella-vista.png","width":512,"height":512,"caption":"Camping Bellavista"},"image":{"@id":"https:\/\/www.camping-bellavista.com\/de\/#\/schema\/logo\/image\/"}}]}},"_links":{"self":[{"href":"https:\/\/www.camping-bellavista.com\/de\/wp-json\/wp\/v2\/pages\/1368"}],"collection":[{"href":"https:\/\/www.camping-bellavista.com\/de\/wp-json\/wp\/v2\/pages"}],"about":[{"href":"https:\/\/www.camping-bellavista.com\/de\/wp-json\/wp\/v2\/types\/page"}],"author":[{"embeddable":true,"href":"https:\/\/www.camping-bellavista.com\/de\/wp-json\/wp\/v2\/users\/1"}],"replies":[{"embeddable":true,"href":"https:\/\/www.camping-bellavista.com\/de\/wp-json\/wp\/v2\/comments?post=1368"}],"version-history":[{"count":12,"href":"https:\/\/www.camping-bellavista.com\/de\/wp-json\/wp\/v2\/pages\/1368\/revisions"}],"predecessor-version":[{"id":2288,"href":"https:\/\/www.camping-bellavista.com\/de\/wp-json\/wp\/v2\/pages\/1368\/revisions\/2288"}],"wp:featuredmedia":[{"embeddable":true,"href":"https:\/\/www.camping-bellavista.com\/de\/wp-json\/wp\/v2\/media\/1369"}],"wp:attachment":[{"href":"https:\/\/www.camping-bellavista.com\/de\/wp-json\/wp\/v2\/media?parent=1368"}],"wp:term":[{"taxonomy":"sujet","embeddable":true,"href":"https:\/\/www.camping-bellavista.com\/de\/wp-json\/wp\/v2\/sujet?post=1368"}],"curies":[{"name":"wp","href":"https:\/\/api.w.org\/{rel}","templated":true}]}}