{"id":1400,"date":"2021-10-15T11:31:27","date_gmt":"2021-10-15T09:31:27","guid":{"rendered":"http:\/\/www.camping-bellavista.com\/camping-balagne\/"},"modified":"2023-08-17T15:48:12","modified_gmt":"2023-08-17T13:48:12","slug":"zeltplatz-balagne","status":"publish","type":"page","link":"https:\/\/www.camping-bellavista.com\/de\/zeltplatz-balagne\/","title":{"rendered":"La Balagne"},"content":{"rendered":"<section id=\"ls-section-block_137b9280424d759d9116bec365ec84d7\" class=\"ls-section \" >\r\n        <div class=\"container \">\r\n        \n\n<h1 class=\"ls__heading wp-block-heading has-text-align-center has-color-2-color has-text-color\">Campingplatz in der Balagne<\/h1>\n\n\r\n    <\/div>\r\n<\/section>\n\n<section id=\"ls-section-block_a13524bb7c96636738d1366374fc8cf4\" class=\"ls-section  has-p-t p-t-0\" >\r\n        <div class=\"container container--wide\">\r\n        \n\n<div class=\"wp-block-columns are-vertically-aligned-center is-layout-flex wp-container-core-columns-is-layout-1 wp-block-columns-is-layout-flex\">\n<div class=\"wp-block-column is-vertically-aligned-center fancybox is-layout-flow wp-block-column-is-layout-flow\">\n<figure class=\"wp-block-image size-large\"><a href=\"https:\/\/www.camping-bellavista.com\/wp-content\/uploads\/2021\/12\/camping-ile-rousse-balagne.jpg\"><img decoding=\"async\" width=\"1200\" height=\"800\" src=\"https:\/\/www.camping-bellavista.com\/wp-content\/uploads\/2021\/12\/camping-ile-rousse-balagne.jpg\" alt=\"camping ile rousse balagne\" class=\"wp-image-1875\" srcset=\"https:\/\/www.camping-bellavista.com\/wp-content\/uploads\/2021\/12\/camping-ile-rousse-balagne.jpg 1200w, https:\/\/www.camping-bellavista.com\/wp-content\/uploads\/2021\/12\/camping-ile-rousse-balagne-300x200.jpg 300w, https:\/\/www.camping-bellavista.com\/wp-content\/uploads\/2021\/12\/camping-ile-rousse-balagne-1024x683.jpg 1024w, https:\/\/www.camping-bellavista.com\/wp-content\/uploads\/2021\/12\/camping-ile-rousse-balagne-768x512.jpg 768w\" sizes=\"(max-width: 1200px) 100vw, 1200px\" \/><\/a><\/figure>\n<\/div>\n\n\n\n<div class=\"wp-block-column is-vertically-aligned-center is-layout-flow wp-block-column-is-layout-flow\">\n<h2 class=\"ls__heading wp-block-heading has-color-2-color has-text-color\">Top 5 Sehensw\u00fcrdigkeiten in der Balagne<\/h2>\n\n\n\n<p class=\"ls-paragraph\">Im Nordwesten Korsikas empf\u00e4ngt Sie die Balagne. Zwischen der K\u00fcste und ihren paradiesischen Str\u00e4nden, dem Hinterland und seinen typischen D\u00f6rfern, den Bergen und W\u00e4ldern bietet die Region Balagne eine unglaubliche Vielfalt an Landschaften. Verpassen Sie nicht Calvi und seine unumg\u00e4ngliche Zitadelle am Fu\u00dfe des Monte Cisto.<\/p>\n\n\n\n<p class=\"ls-paragraph\">L&#8217;\u00cele Rousse empf\u00e4ngt Sie auf dem Place Paoli. Entdecken Sie bei einer Fahrt durch das Reginu-Tal die Balkond\u00f6rfer im Hinterland der Ile de Beaut\u00e9.<\/p>\n\n\n\n<p class=\"ls-paragraph\">Das Dorf Calenzana zeigt Ihnen seine geschmacklichen Sch\u00e4tze, seine Kunsthandwerker und Naturr\u00e4ume, die Sie nicht mehr verlassen wollen. Genie\u00dfen Sie schlie\u00dflich die unglaublichen Sandstr\u00e4nde in Gal\u00e9ria.<\/p>\n<\/div>\n<\/div>\n\n\r\n    <\/div>\r\n<\/section>\n\n<section id=\"ls-section-block_60aacbdd93e87e5a2f7fcf8727d27cf1\" class=\"ls-section  has-background-image has-parallax has-background has-color-black-background-color has-p-t p-t-16 has-p-b p-b-16\" >\r\n    <div class=\"ls-section__background-image opacity-50\"><img decoding=\"async\" src=\"https:\/\/www.camping-bellavista.com\/wp-content\/uploads\/2023\/08\/camping-tourisme-train-littoral-balagne-1.jpg\" alt=\"\"><\/div>    <div class=\"container container--wide\">\r\n        \n\n<h2 class=\"ls__heading wp-block-heading has-text-align-center m-t-0 m-b-0 has-color-white-color has-text-color\">Top 5 Aktivit\u00e4ten in Balagne<\/h2>\n\n\n\n<p class=\"ls-paragraph has-text-align-center has-color-white-color has-text-color\">Korsika und insbesondere die Balagne stellen sowohl Liebhaber des Faulenzens als auch Sportbegeisterte zufrieden. Steigen Sie an Bord des kleinen K\u00fcstenzugs U Trinichellu, der alle Str\u00e4nde von Calvi bis \u00cele Rousse abf\u00e4hrt.<\/p>\n\n\n\n<p class=\"ls-paragraph has-text-align-center m-t-0 m-b-0 has-color-white-color has-text-color\">Dies ist eine wunderbare M\u00f6glichkeit, die balinesische K\u00fcste zu entdecken! Halten Sie an, um an einem der beeindruckendsten Str\u00e4nde Korsikas zu faulenzen: dem Strand von Ostirconi.<\/p>\n\n\n\n<p class=\"ls-paragraph has-text-align-center has-color-white-color has-text-color\"><span style=\"color:#fff\" class=\"tadv-color\">Wenn Sie das Hinterland erkunden m\u00f6chten, nehmen Sie die Handwerkerstra\u00dfe von Pietralba nach Gal\u00e9ria. Wanderfreunde werden sich \u00fcber den GR20 und den Mare \u00e8 Monti mit unvergesslichen Wanderungen von Bonifatu nach Calenzana freuen. Und schlie\u00dflich sollten sich die Aktiven nicht die Gelegenheit entgehen lassen, die sch\u00f6nsten korsischen Fl\u00fcsse beim Canyoning hinabzusteigen!&nbsp;<\/span><\/p>\n\n\r\n    <\/div>\r\n<\/section>\n\n<section id=\"ls-section-block_f7d34c701a47bcb4a0506ecc86f22c0f\" class=\"ls-section  has-p-b p-b-6\" >\r\n        <div class=\"container container--wide\">\r\n        \n\n<div class=\"wp-block-columns are-vertically-aligned-center is-layout-flex wp-container-core-columns-is-layout-3 wp-block-columns-is-layout-flex\">\n<div class=\"wp-block-column is-vertically-aligned-center is-layout-flow wp-block-column-is-layout-flow\">\n<h2 class=\"ls__heading wp-block-heading has-color-2-color has-text-color\">Campingplatz in der Balagne<\/h2>\n\n\n\n<p class=\"ls-paragraph\">Wenn Sie sich f\u00fcr den Campingplatz Bella Vista in Calvi entscheiden, haben Sie eine ideale Lage, um die Balagne und all ihre Sch\u00e4tze zu entdecken. Seine Lage ist zentral und Sie befinden sich in der N\u00e4he aller Aktivit\u00e4ten und Orte, die Sie in der Balagne unbedingt sehen sollten.<\/p>\n\n\n\n<p class=\"ls-paragraph\">In der N\u00e4he von Calvi und nicht weit von der \u00cele Rousse entfernt, haben Sie leichten Zugang zur balanesischen K\u00fcste. Sie k\u00f6nnen die riesigen Str\u00e4nde, die kleinen wilden Buchten und die Halbinseln genie\u00dfen, aber auch in den Bergen oder W\u00e4ldern wandern und die unz\u00e4hligen kleinen typischen D\u00f6rfer Korsikas entdecken.<\/p>\n<\/div>\n\n\n\n<div class=\"wp-block-column is-vertically-aligned-center fancybox is-layout-flow wp-block-column-is-layout-flow\">\n<div class=\"wp-block-columns is-layout-flex wp-container-core-columns-is-layout-2 wp-block-columns-is-layout-flex\">\n<div class=\"wp-block-column is-layout-flow wp-block-column-is-layout-flow\">\n<figure class=\"wp-block-image size-large\"><a href=\"https:\/\/www.camping-bellavista.com\/wp-content\/uploads\/2021\/12\/camping-tourisme-balagne-speloncato.jpg\"><img decoding=\"async\" width=\"1200\" height=\"800\" src=\"https:\/\/www.camping-bellavista.com\/wp-content\/uploads\/2021\/12\/camping-tourisme-balagne-speloncato.jpg\" alt=\"camping tourisme balagne speloncato\" class=\"wp-image-1887\" srcset=\"https:\/\/www.camping-bellavista.com\/wp-content\/uploads\/2021\/12\/camping-tourisme-balagne-speloncato.jpg 1200w, https:\/\/www.camping-bellavista.com\/wp-content\/uploads\/2021\/12\/camping-tourisme-balagne-speloncato-300x200.jpg 300w, https:\/\/www.camping-bellavista.com\/wp-content\/uploads\/2021\/12\/camping-tourisme-balagne-speloncato-1024x683.jpg 1024w, https:\/\/www.camping-bellavista.com\/wp-content\/uploads\/2021\/12\/camping-tourisme-balagne-speloncato-768x512.jpg 768w\" sizes=\"(max-width: 1200px) 100vw, 1200px\" \/><\/a><\/figure>\n<\/div>\n\n\n\n<div class=\"wp-block-column is-layout-flow wp-block-column-is-layout-flow\">\n<figure class=\"wp-block-image size-large\"><a href=\"https:\/\/www.camping-bellavista.com\/wp-content\/uploads\/2021\/12\/camping-tourisme-galeria-balagne.jpg\"><img decoding=\"async\" width=\"1200\" height=\"800\" src=\"https:\/\/www.camping-bellavista.com\/wp-content\/uploads\/2021\/12\/camping-tourisme-galeria-balagne.jpg\" alt=\"camping tourisme galeria balagne\" class=\"wp-image-1884\" srcset=\"https:\/\/www.camping-bellavista.com\/wp-content\/uploads\/2021\/12\/camping-tourisme-galeria-balagne.jpg 1200w, https:\/\/www.camping-bellavista.com\/wp-content\/uploads\/2021\/12\/camping-tourisme-galeria-balagne-300x200.jpg 300w, https:\/\/www.camping-bellavista.com\/wp-content\/uploads\/2021\/12\/camping-tourisme-galeria-balagne-1024x683.jpg 1024w, https:\/\/www.camping-bellavista.com\/wp-content\/uploads\/2021\/12\/camping-tourisme-galeria-balagne-768x512.jpg 768w\" sizes=\"(max-width: 1200px) 100vw, 1200px\" \/><\/a><\/figure>\n<\/div>\n<\/div>\n\n\n\n<figure class=\"wp-block-image size-large\"><a href=\"https:\/\/www.camping-bellavista.com\/wp-content\/uploads\/2021\/12\/camping-tourisme-calenzana-balagne.jpg\"><img decoding=\"async\" width=\"1200\" height=\"800\" src=\"https:\/\/www.camping-bellavista.com\/wp-content\/uploads\/2021\/12\/camping-tourisme-calenzana-balagne.jpg\" alt=\"camping tourisme calenzana balagne\" class=\"wp-image-1881\" srcset=\"https:\/\/www.camping-bellavista.com\/wp-content\/uploads\/2021\/12\/camping-tourisme-calenzana-balagne.jpg 1200w, https:\/\/www.camping-bellavista.com\/wp-content\/uploads\/2021\/12\/camping-tourisme-calenzana-balagne-300x200.jpg 300w, https:\/\/www.camping-bellavista.com\/wp-content\/uploads\/2021\/12\/camping-tourisme-calenzana-balagne-1024x683.jpg 1024w, https:\/\/www.camping-bellavista.com\/wp-content\/uploads\/2021\/12\/camping-tourisme-calenzana-balagne-768x512.jpg 768w\" sizes=\"(max-width: 1200px) 100vw, 1200px\" \/><\/a><\/figure>\n<\/div>\n<\/div>\n\n\r\n    <\/div>\r\n<\/section>\n\n<section id=\"ls-section-block_c14a7ff143d9d14c14235fd8c10a2872\" class=\"ls-section  has-p-t p-t-1\" >\r\n        <div class=\"container container--wide\">\r\n        \n\n<p class=\"ls-paragraph ls__heading has-text-align-center has-color-2-color has-text-color has-large-font-size\">Entdecken Sie die St\u00e4dte und D\u00f6rfer der Balagne<\/p>\n\n\n\n<div class=\"wp-block-columns is-layout-flex wp-container-core-columns-is-layout-4 wp-block-columns-is-layout-flex\">\n<div class=\"wp-block-column is-layout-flow wp-block-column-is-layout-flow\">\r\n<div id=\"ls-cta-block_a8ae4a14a3cf5627c9abcfef2174deb5\" class=\"ls-cta\">  \r\n    \r\n\r\n<a href=\"\/de\/tourismus-calvi\/\" target=\"\" rel=\"noopener\" class=\"ls-cta__link\">\r\n\r\n\t<div class=\"ls-cta__image\"><img decoding=\"async\" src=\"https:\/\/www.camping-bellavista.com\/wp-content\/uploads\/2021\/12\/camping-citadelle-calvi-768x512.jpg\" alt=\"camping citadelle calvi\"><\/div>\r\n\t<div class=\"ls-cta__title\">\r\n\t\tCalvi\t<\/div>\r\n\r\n\t\t\r\n<\/a><\/div><\/div>\n\n\n\n<div class=\"wp-block-column is-layout-flow wp-block-column-is-layout-flow\">\r\n<div id=\"ls-cta-block_d2956609e9578496d5aa2d8ae35be715\" class=\"ls-cta\">  \r\n    \r\n\r\n<a href=\"\/de\/campingplatz-calenzana\/\" target=\"\" rel=\"noopener\" class=\"ls-cta__link\">\r\n\r\n\t<div class=\"ls-cta__image\"><img decoding=\"async\" src=\"https:\/\/www.camping-bellavista.com\/wp-content\/uploads\/2021\/12\/camping-tourisme-calenzana-balagne-1-768x512.jpg\" alt=\"camping tourisme calenzana balagne\"><\/div>\r\n\t<div class=\"ls-cta__title\">\r\n\t\tCalenzana\t<\/div>\r\n\r\n\t\t\r\n<\/a><\/div><\/div>\n\n\n\n<div class=\"wp-block-column is-layout-flow wp-block-column-is-layout-flow\">\r\n<div id=\"ls-cta-block_a9198b90ac5ba8814ef39a26b0c03b35\" class=\"ls-cta\">  \r\n    \r\n\r\n<a href=\"\/de\/zeltplatz-ile-rousse\/\" target=\"\" rel=\"noopener\" class=\"ls-cta__link\">\r\n\r\n\t<div class=\"ls-cta__image\"><img decoding=\"async\" src=\"https:\/\/www.camping-bellavista.com\/wp-content\/uploads\/2021\/12\/camping-tourisme-ile-rousse-balagne-1-768x512.jpg\" alt=\"camping tourisme ile rousse balagne\"><\/div>\r\n\t<div class=\"ls-cta__title\">\r\n\t\tIle Rousse\t<\/div>\r\n\r\n\t\t\r\n<\/a><\/div><\/div>\n<\/div>\n\n\r\n    <\/div>\r\n<\/section>","protected":false},"excerpt":{"rendered":"","protected":false},"author":1,"featured_media":1402,"parent":0,"menu_order":0,"comment_status":"closed","ping_status":"closed","template":"","meta":{"_acf_changed":false,"footnotes":""},"sujet":[],"class_list":["post-1400","page","type-page","status-publish","has-post-thumbnail","hentry"],"acf":[],"yoast_head":"<!-- This site is optimized with the Yoast SEO plugin v25.3 - https:\/\/yoast.com\/wordpress\/plugins\/seo\/ -->\n<title>Camping in der N\u00e4he von Balagne | Besuchen Sie Balagne | Unternehmungen Balagne<\/title>\n<meta name=\"robots\" content=\"index, follow, max-snippet:-1, max-image-preview:large, max-video-preview:-1\" \/>\n<link rel=\"canonical\" href=\"https:\/\/www.camping-bellavista.com\/de\/zeltplatz-balagne\/\" \/>\n<meta property=\"og:locale\" content=\"de_DE\" \/>\n<meta property=\"og:type\" content=\"article\" \/>\n<meta property=\"og:title\" content=\"Camping in der N\u00e4he von Balagne | Besuchen Sie Balagne | Unternehmungen Balagne\" \/>\n<meta property=\"og:url\" content=\"https:\/\/www.camping-bellavista.com\/de\/zeltplatz-balagne\/\" \/>\n<meta property=\"og:site_name\" content=\"Camping Bella Vista\" \/>\n<meta property=\"article:modified_time\" content=\"2023-08-17T13:48:12+00:00\" \/>\n<meta property=\"og:image\" content=\"https:\/\/www.camping-bellavista.com\/wp-content\/uploads\/2021\/12\/camping-tourisme-plage-ostriconi-balagnei.jpg\" \/>\n\t<meta property=\"og:image:width\" content=\"1900\" \/>\n\t<meta property=\"og:image:height\" content=\"700\" \/>\n\t<meta property=\"og:image:type\" content=\"image\/jpeg\" \/>\n<meta name=\"twitter:card\" content=\"summary_large_image\" \/>\n<meta name=\"twitter:label1\" content=\"Gesch\u00e4tzte Lesezeit\" \/>\n\t<meta name=\"twitter:data1\" content=\"3\u00a0Minuten\" \/>\n<script type=\"application\/ld+json\" class=\"yoast-schema-graph\">{\"@context\":\"https:\/\/schema.org\",\"@graph\":[{\"@type\":\"WebPage\",\"@id\":\"https:\/\/www.camping-bellavista.com\/de\/zeltplatz-balagne\/\",\"url\":\"https:\/\/www.camping-bellavista.com\/de\/zeltplatz-balagne\/\",\"name\":\"Camping in der N\u00e4he von Balagne | Besuchen Sie Balagne | Unternehmungen Balagne\",\"isPartOf\":{\"@id\":\"https:\/\/www.camping-bellavista.com\/de\/#website\"},\"primaryImageOfPage\":{\"@id\":\"https:\/\/www.camping-bellavista.com\/de\/zeltplatz-balagne\/#primaryimage\"},\"image\":{\"@id\":\"https:\/\/www.camping-bellavista.com\/de\/zeltplatz-balagne\/#primaryimage\"},\"thumbnailUrl\":\"https:\/\/www.camping-bellavista.com\/wp-content\/uploads\/2021\/12\/camping-tourisme-plage-ostriconi-balagnei.jpg\",\"datePublished\":\"2021-10-15T09:31:27+00:00\",\"dateModified\":\"2023-08-17T13:48:12+00:00\",\"breadcrumb\":{\"@id\":\"https:\/\/www.camping-bellavista.com\/de\/zeltplatz-balagne\/#breadcrumb\"},\"inLanguage\":\"de\",\"potentialAction\":[{\"@type\":\"ReadAction\",\"target\":[\"https:\/\/www.camping-bellavista.com\/de\/zeltplatz-balagne\/\"]}]},{\"@type\":\"ImageObject\",\"inLanguage\":\"de\",\"@id\":\"https:\/\/www.camping-bellavista.com\/de\/zeltplatz-balagne\/#primaryimage\",\"url\":\"https:\/\/www.camping-bellavista.com\/wp-content\/uploads\/2021\/12\/camping-tourisme-plage-ostriconi-balagnei.jpg\",\"contentUrl\":\"https:\/\/www.camping-bellavista.com\/wp-content\/uploads\/2021\/12\/camping-tourisme-plage-ostriconi-balagnei.jpg\",\"width\":1900,\"height\":700,\"caption\":\"camping tourisme plage ostriconi balagne\"},{\"@type\":\"BreadcrumbList\",\"@id\":\"https:\/\/www.camping-bellavista.com\/de\/zeltplatz-balagne\/#breadcrumb\",\"itemListElement\":[{\"@type\":\"ListItem\",\"position\":1,\"name\":\"Campingplatz Korsika\",\"item\":\"https:\/\/www.camping-bellavista.com\/de\/\"},{\"@type\":\"ListItem\",\"position\":2,\"name\":\"Camping in der N\u00e4he von Balagne\"}]},{\"@type\":\"WebSite\",\"@id\":\"https:\/\/www.camping-bellavista.com\/de\/#website\",\"url\":\"https:\/\/www.camping-bellavista.com\/de\/\",\"name\":\"Camping Bella Vista\",\"description\":\"\",\"publisher\":{\"@id\":\"https:\/\/www.camping-bellavista.com\/de\/#organization\"},\"potentialAction\":[{\"@type\":\"SearchAction\",\"target\":{\"@type\":\"EntryPoint\",\"urlTemplate\":\"https:\/\/www.camping-bellavista.com\/de\/?s={search_term_string}\"},\"query-input\":{\"@type\":\"PropertyValueSpecification\",\"valueRequired\":true,\"valueName\":\"search_term_string\"}}],\"inLanguage\":\"de\"},{\"@type\":\"Organization\",\"@id\":\"https:\/\/www.camping-bellavista.com\/de\/#organization\",\"name\":\"Camping Bellavista\",\"url\":\"https:\/\/www.camping-bellavista.com\/de\/\",\"logo\":{\"@type\":\"ImageObject\",\"inLanguage\":\"de\",\"@id\":\"https:\/\/www.camping-bellavista.com\/de\/#\/schema\/logo\/image\/\",\"url\":\"https:\/\/www.camping-bellavista.com\/wp-content\/uploads\/2021\/12\/logo-bella-vista.png\",\"contentUrl\":\"https:\/\/www.camping-bellavista.com\/wp-content\/uploads\/2021\/12\/logo-bella-vista.png\",\"width\":512,\"height\":512,\"caption\":\"Camping Bellavista\"},\"image\":{\"@id\":\"https:\/\/www.camping-bellavista.com\/de\/#\/schema\/logo\/image\/\"}}]}<\/script>\n<!-- \/ Yoast SEO plugin. -->","yoast_head_json":{"title":"Camping in der N\u00e4he von Balagne | Besuchen Sie Balagne | Unternehmungen Balagne","robots":{"index":"index","follow":"follow","max-snippet":"max-snippet:-1","max-image-preview":"max-image-preview:large","max-video-preview":"max-video-preview:-1"},"canonical":"https:\/\/www.camping-bellavista.com\/de\/zeltplatz-balagne\/","og_locale":"de_DE","og_type":"article","og_title":"Camping in der N\u00e4he von Balagne | Besuchen Sie Balagne | Unternehmungen Balagne","og_url":"https:\/\/www.camping-bellavista.com\/de\/zeltplatz-balagne\/","og_site_name":"Camping Bella Vista","article_modified_time":"2023-08-17T13:48:12+00:00","og_image":[{"width":1900,"height":700,"url":"https:\/\/www.camping-bellavista.com\/wp-content\/uploads\/2021\/12\/camping-tourisme-plage-ostriconi-balagnei.jpg","type":"image\/jpeg"}],"twitter_card":"summary_large_image","twitter_misc":{"Gesch\u00e4tzte Lesezeit":"3\u00a0Minuten"},"schema":{"@context":"https:\/\/schema.org","@graph":[{"@type":"WebPage","@id":"https:\/\/www.camping-bellavista.com\/de\/zeltplatz-balagne\/","url":"https:\/\/www.camping-bellavista.com\/de\/zeltplatz-balagne\/","name":"Camping in der N\u00e4he von Balagne | Besuchen Sie Balagne | Unternehmungen Balagne","isPartOf":{"@id":"https:\/\/www.camping-bellavista.com\/de\/#website"},"primaryImageOfPage":{"@id":"https:\/\/www.camping-bellavista.com\/de\/zeltplatz-balagne\/#primaryimage"},"image":{"@id":"https:\/\/www.camping-bellavista.com\/de\/zeltplatz-balagne\/#primaryimage"},"thumbnailUrl":"https:\/\/www.camping-bellavista.com\/wp-content\/uploads\/2021\/12\/camping-tourisme-plage-ostriconi-balagnei.jpg","datePublished":"2021-10-15T09:31:27+00:00","dateModified":"2023-08-17T13:48:12+00:00","breadcrumb":{"@id":"https:\/\/www.camping-bellavista.com\/de\/zeltplatz-balagne\/#breadcrumb"},"inLanguage":"de","potentialAction":[{"@type":"ReadAction","target":["https:\/\/www.camping-bellavista.com\/de\/zeltplatz-balagne\/"]}]},{"@type":"ImageObject","inLanguage":"de","@id":"https:\/\/www.camping-bellavista.com\/de\/zeltplatz-balagne\/#primaryimage","url":"https:\/\/www.camping-bellavista.com\/wp-content\/uploads\/2021\/12\/camping-tourisme-plage-ostriconi-balagnei.jpg","contentUrl":"https:\/\/www.camping-bellavista.com\/wp-content\/uploads\/2021\/12\/camping-tourisme-plage-ostriconi-balagnei.jpg","width":1900,"height":700,"caption":"camping tourisme plage ostriconi balagne"},{"@type":"BreadcrumbList","@id":"https:\/\/www.camping-bellavista.com\/de\/zeltplatz-balagne\/#breadcrumb","itemListElement":[{"@type":"ListItem","position":1,"name":"Campingplatz Korsika","item":"https:\/\/www.camping-bellavista.com\/de\/"},{"@type":"ListItem","position":2,"name":"Camping in der N\u00e4he von Balagne"}]},{"@type":"WebSite","@id":"https:\/\/www.camping-bellavista.com\/de\/#website","url":"https:\/\/www.camping-bellavista.com\/de\/","name":"Camping Bella Vista","description":"","publisher":{"@id":"https:\/\/www.camping-bellavista.com\/de\/#organization"},"potentialAction":[{"@type":"SearchAction","target":{"@type":"EntryPoint","urlTemplate":"https:\/\/www.camping-bellavista.com\/de\/?s={search_term_string}"},"query-input":{"@type":"PropertyValueSpecification","valueRequired":true,"valueName":"search_term_string"}}],"inLanguage":"de"},{"@type":"Organization","@id":"https:\/\/www.camping-bellavista.com\/de\/#organization","name":"Camping Bellavista","url":"https:\/\/www.camping-bellavista.com\/de\/","logo":{"@type":"ImageObject","inLanguage":"de","@id":"https:\/\/www.camping-bellavista.com\/de\/#\/schema\/logo\/image\/","url":"https:\/\/www.camping-bellavista.com\/wp-content\/uploads\/2021\/12\/logo-bella-vista.png","contentUrl":"https:\/\/www.camping-bellavista.com\/wp-content\/uploads\/2021\/12\/logo-bella-vista.png","width":512,"height":512,"caption":"Camping Bellavista"},"image":{"@id":"https:\/\/www.camping-bellavista.com\/de\/#\/schema\/logo\/image\/"}}]}},"_links":{"self":[{"href":"https:\/\/www.camping-bellavista.com\/de\/wp-json\/wp\/v2\/pages\/1400"}],"collection":[{"href":"https:\/\/www.camping-bellavista.com\/de\/wp-json\/wp\/v2\/pages"}],"about":[{"href":"https:\/\/www.camping-bellavista.com\/de\/wp-json\/wp\/v2\/types\/page"}],"author":[{"embeddable":true,"href":"https:\/\/www.camping-bellavista.com\/de\/wp-json\/wp\/v2\/users\/1"}],"replies":[{"embeddable":true,"href":"https:\/\/www.camping-bellavista.com\/de\/wp-json\/wp\/v2\/comments?post=1400"}],"version-history":[{"count":10,"href":"https:\/\/www.camping-bellavista.com\/de\/wp-json\/wp\/v2\/pages\/1400\/revisions"}],"predecessor-version":[{"id":7027,"href":"https:\/\/www.camping-bellavista.com\/de\/wp-json\/wp\/v2\/pages\/1400\/revisions\/7027"}],"wp:featuredmedia":[{"embeddable":true,"href":"https:\/\/www.camping-bellavista.com\/de\/wp-json\/wp\/v2\/media\/1402"}],"wp:attachment":[{"href":"https:\/\/www.camping-bellavista.com\/de\/wp-json\/wp\/v2\/media?parent=1400"}],"wp:term":[{"taxonomy":"sujet","embeddable":true,"href":"https:\/\/www.camping-bellavista.com\/de\/wp-json\/wp\/v2\/sujet?post=1400"}],"curies":[{"name":"wp","href":"https:\/\/api.w.org\/{rel}","templated":true}]}}