{"id":1418,"date":"2021-10-15T11:31:38","date_gmt":"2021-10-15T09:31:38","guid":{"rendered":"http:\/\/www.camping-bellavista.com\/camping-lumio\/"},"modified":"2021-12-15T12:06:26","modified_gmt":"2021-12-15T11:06:26","slug":"zeltplatz-lumio","status":"publish","type":"page","link":"https:\/\/www.camping-bellavista.com\/de\/zeltplatz-lumio\/","title":{"rendered":"Lumio"},"content":{"rendered":"<section id=\"ls-section-block_61ae15a57b7c0\" class=\"ls-section \" >\r\n        <div class=\"container \">\r\n        \n\n<h1 class=\"ls__heading has-text-align-center wp-block-heading\"><span style=\"color:#a6338b\" class=\"tadv-color\">Camping in der N\u00e4he von Lumio<\/span><\/h1>\n\n\r\n    <\/div>\r\n<\/section>\n\n<section id=\"ls-section-block_618e2e2e4264e\" class=\"ls-section  has-p-t p-t-0\" >\r\n        <div class=\"container container--wide\">\r\n        \n\n<div class=\"wp-block-columns are-vertically-aligned-center is-layout-flex wp-container-core-columns-is-layout-1 wp-block-columns-is-layout-flex\">\n<div class=\"wp-block-column is-vertically-aligned-center fancybox is-layout-flow wp-block-column-is-layout-flow\">\n<figure class=\"wp-block-image size-large\"><a href=\"https:\/\/www.camping-bellavista.com\/wp-content\/uploads\/2021\/12\/camoing-tourisme-lumio-balagne.jpg\"><img decoding=\"async\" width=\"1200\" height=\"800\" src=\"https:\/\/www.camping-bellavista.com\/wp-content\/uploads\/2021\/12\/camoing-tourisme-lumio-balagne.jpg\" alt=\"camping tourisme lumio balagne\" class=\"wp-image-1909\" srcset=\"https:\/\/www.camping-bellavista.com\/wp-content\/uploads\/2021\/12\/camoing-tourisme-lumio-balagne.jpg 1200w, https:\/\/www.camping-bellavista.com\/wp-content\/uploads\/2021\/12\/camoing-tourisme-lumio-balagne-300x200.jpg 300w, https:\/\/www.camping-bellavista.com\/wp-content\/uploads\/2021\/12\/camoing-tourisme-lumio-balagne-1024x683.jpg 1024w, https:\/\/www.camping-bellavista.com\/wp-content\/uploads\/2021\/12\/camoing-tourisme-lumio-balagne-768x512.jpg 768w\" sizes=\"(max-width: 1200px) 100vw, 1200px\" \/><\/a><\/figure>\n<\/div>\n\n\n\n<div class=\"wp-block-column is-vertically-aligned-center is-layout-flow wp-block-column-is-layout-flow\">\n<h2 class=\"ls__heading has-color-2-color has-text-color wp-block-heading\">Die 5 sch\u00f6nsten Dinge, die es in Lumio zu sehen gibt<\/h2>\n\n\n\n<p class=\"ls-paragraph\"><a href=\"https:\/\/www.mairie-lumio.fr\/\" target=\"_blank\" rel=\"noreferrer noopener\">Lumio ist bekannt als die &#8222;Stadt des Lichts&#8220; und Sie werden sehen, dass die Atmosph\u00e4re ihrem Ruf gerecht wird!<\/a><\/p>\n\n\n\n<p class=\"ls-paragraph\">Genie\u00dfen Sie die Besonderheit von Lumio, indem Sie friedlich seine Gassen, kleinen Pl\u00e4tze und Kapellen besuchen, denn das Dorf besteht aus Fu\u00dfg\u00e4ngerwegen, die um das Dorf herum und \u00fcber den Dorfplatz f\u00fchren. Verpassen Sie bei Ihrem Spaziergang nicht das Viertel Torricella mit seinen wundersch\u00f6nen H\u00e4usern und dem quadratischen Turm, der Terra Lomellini.<\/p>\n\n\n\n<p class=\"ls-paragraph\">Schlendern Sie \u00fcber den Strand Plage de l&#8217;Eglise mit seinem Brunnen, dem alten Waschhaus und der Kirche Santa Maria. Entdecken Sie auch den Jachthafen von Sant&#8217;Ambroggio an der Meeresfront von Lumio. Gehen Sie schlie\u00dflich nach Occi, einem Ruinendorf auf den Anh\u00f6hen von Lumio, um den Golf von Calvi zu bewundern!<\/p>\n<\/div>\n<\/div>\n\n\r\n    <\/div>\r\n<\/section>\n\n<section id=\"ls-section-block_618e2fba4264f\" class=\"ls-section  has-background-image has-parallax has-background has-color-black-background-color has-p-t p-t-16 has-p-b p-b-16\" >\r\n    <div class=\"ls-section__background-image opacity-50\"><img decoding=\"async\" src=\"https:\/\/www.camping-bellavista.com\/wp-content\/uploads\/2021\/12\/camping-tourisme-village-abandonne-occi-balagne.jpg\" alt=\"camping tourisme village abandonne occi balagne\"><\/div>    <div class=\"container container--wide\">\r\n        \n\n<h2 class=\"ls__heading has-text-align-center m-t-0 m-b-0 has-color-white-color has-text-color wp-block-heading\">Die besten Dinge, die man in Lumio tun kann<\/h2>\n\n\n\n<p class=\"ls-paragraph has-text-align-center has-color-white-color has-text-color\">Wenn Sie durch die Gassen von Lumio laufen, werden Sie unweigerlich auf den Dorfplatz gelangen. Machen Sie Halt im Caf\u00e9 di a mossa, einer echten lokalen Attraktion! Schlendern Sie am Mittwochmorgen \u00fcber den Markt von Lumio am Strand der Kirche, wo sich kleine Produzenten niederlassen.<\/p>\n\n\n\n<p class=\"ls-paragraph has-text-align-center m-t-0 m-b-0 has-color-white-color has-text-color\">Um die Weine der Region kennenzulernen, genie\u00dfen Sie Wei\u00df-, Ros\u00e9- und Rotweine auf der Domaine Clos Culombu. Besuchen Sie auch die Destillerie L&#8217;Astratella und lassen Sie sich von den D\u00fcften der korsischen Macchia berauschen, die in \u00e4therische \u00d6le und Bl\u00fctenwasser verwandelt werden. Schlie\u00dflich ist eine der besten Aktivit\u00e4ten in Lumio das Baden in einer der Buchten von Punta Spano oder das Schnorcheln!<\/p>\n\n\r\n    <\/div>\r\n<\/section>\n\n<section id=\"ls-section-block_618e300242650\" class=\"ls-section  has-p-b p-b-6\" >\r\n        <div class=\"container container--wide\">\r\n        \n\n<div class=\"wp-block-columns are-vertically-aligned-center is-layout-flex wp-container-core-columns-is-layout-3 wp-block-columns-is-layout-flex\">\n<div class=\"wp-block-column is-vertically-aligned-center is-layout-flow wp-block-column-is-layout-flow\">\n<h2 class=\"ls__heading has-color-2-color has-text-color wp-block-heading\">Campingplatz 10 min von Lumio entfernt<\/h2>\n\n\n\n<p class=\"ls-paragraph\">Der Campingplatz Bella Vista in Calvi befindet sich in der N\u00e4he von Lumio. Seine Lage ist perfekt, um die Reicht\u00fcmer dieser Gemeinde an der balanesischen K\u00fcste zu besichtigen. Sie erreichen die &#8222;Stadt des Lichts&#8220; vom Campingplatz aus in 10 Minuten auf der Stra\u00dfe!<\/p>\n\n\n\n<p class=\"ls-paragraph\">Dieser Familiencampingplatz in der N\u00e4he von Lumio bietet Ihnen verschiedene Unterkunftsm\u00f6glichkeiten in einer ruhigen Umgebung mit einem kompletten Servicepaket zur Verf\u00fcgung.<\/p>\n\n\n\n<p class=\"ls-paragraph\">So profitieren Sie nicht nur von der korsischen K\u00fcste, sondern auch von den typischen D\u00f6rfern und den Bergen und W\u00e4ldern in der N\u00e4he. Dieser Campingplatz in der N\u00e4he von Lumio bietet Ihnen den idealen Rahmen f\u00fcr einen unvergesslichen Urlaub!<\/p>\n<\/div>\n\n\n\n<div class=\"wp-block-column is-vertically-aligned-center fancybox is-layout-flow wp-block-column-is-layout-flow\">\n<div class=\"wp-block-columns is-layout-flex wp-container-core-columns-is-layout-2 wp-block-columns-is-layout-flex\">\n<div class=\"wp-block-column is-layout-flow wp-block-column-is-layout-flow\">\n<figure class=\"wp-block-image size-large\"><a href=\"https:\/\/www.camping-bellavista.com\/wp-content\/uploads\/2021\/12\/camping-tourisme-snorkeling-balagne.jpg\"><img decoding=\"async\" width=\"1200\" height=\"800\" src=\"https:\/\/www.camping-bellavista.com\/wp-content\/uploads\/2021\/12\/camping-tourisme-snorkeling-balagne.jpg\" alt=\"camping tourisme snorkeling balagne\" class=\"wp-image-1916\" srcset=\"https:\/\/www.camping-bellavista.com\/wp-content\/uploads\/2021\/12\/camping-tourisme-snorkeling-balagne.jpg 1200w, https:\/\/www.camping-bellavista.com\/wp-content\/uploads\/2021\/12\/camping-tourisme-snorkeling-balagne-300x200.jpg 300w, https:\/\/www.camping-bellavista.com\/wp-content\/uploads\/2021\/12\/camping-tourisme-snorkeling-balagne-1024x683.jpg 1024w, https:\/\/www.camping-bellavista.com\/wp-content\/uploads\/2021\/12\/camping-tourisme-snorkeling-balagne-768x512.jpg 768w\" sizes=\"(max-width: 1200px) 100vw, 1200px\" \/><\/a><\/figure>\n<\/div>\n\n\n\n<div class=\"wp-block-column is-layout-flow wp-block-column-is-layout-flow\">\n<figure class=\"wp-block-image size-large\"><a href=\"https:\/\/www.camping-bellavista.com\/wp-content\/uploads\/2021\/12\/camping-tourisme-calanque-lumio-balagne.jpg\"><img decoding=\"async\" width=\"1200\" height=\"800\" src=\"https:\/\/www.camping-bellavista.com\/wp-content\/uploads\/2021\/12\/camping-tourisme-calanque-lumio-balagne.jpg\" alt=\"camping tourisme calanque lumio balagne\" class=\"wp-image-1919\" srcset=\"https:\/\/www.camping-bellavista.com\/wp-content\/uploads\/2021\/12\/camping-tourisme-calanque-lumio-balagne.jpg 1200w, https:\/\/www.camping-bellavista.com\/wp-content\/uploads\/2021\/12\/camping-tourisme-calanque-lumio-balagne-300x200.jpg 300w, https:\/\/www.camping-bellavista.com\/wp-content\/uploads\/2021\/12\/camping-tourisme-calanque-lumio-balagne-1024x683.jpg 1024w, https:\/\/www.camping-bellavista.com\/wp-content\/uploads\/2021\/12\/camping-tourisme-calanque-lumio-balagne-768x512.jpg 768w\" sizes=\"(max-width: 1200px) 100vw, 1200px\" \/><\/a><\/figure>\n<\/div>\n<\/div>\n\n\n\n<figure class=\"wp-block-image size-large\"><a href=\"https:\/\/www.camping-bellavista.com\/wp-content\/uploads\/2021\/12\/camping-tourisme-eglise-santa-maria-lumio-balade.jpg\"><img decoding=\"async\" width=\"1200\" height=\"800\" src=\"https:\/\/www.camping-bellavista.com\/wp-content\/uploads\/2021\/12\/camping-tourisme-eglise-santa-maria-lumio-balade.jpg\" alt=\"camping tourisme eglise santa maria lumio balade\" class=\"wp-image-1922\" srcset=\"https:\/\/www.camping-bellavista.com\/wp-content\/uploads\/2021\/12\/camping-tourisme-eglise-santa-maria-lumio-balade.jpg 1200w, https:\/\/www.camping-bellavista.com\/wp-content\/uploads\/2021\/12\/camping-tourisme-eglise-santa-maria-lumio-balade-300x200.jpg 300w, https:\/\/www.camping-bellavista.com\/wp-content\/uploads\/2021\/12\/camping-tourisme-eglise-santa-maria-lumio-balade-1024x683.jpg 1024w, https:\/\/www.camping-bellavista.com\/wp-content\/uploads\/2021\/12\/camping-tourisme-eglise-santa-maria-lumio-balade-768x512.jpg 768w\" sizes=\"(max-width: 1200px) 100vw, 1200px\" \/><\/a><\/figure>\n<\/div>\n<\/div>\n\n\r\n    <\/div>\r\n<\/section>\n\n<section id=\"ls-section-block_61a775007de53\" class=\"ls-section  has-p-t p-t-1\" >\r\n        <div class=\"container container--wide\">\r\n        \n\n<p class=\"ls-paragraph ls__heading has-text-align-center has-color-2-color has-text-color has-large-font-size\">Lumio und Umgebung<\/p>\n\n\n\n<div class=\"wp-block-columns is-layout-flex wp-container-core-columns-is-layout-4 wp-block-columns-is-layout-flex\">\n<div class=\"wp-block-column is-layout-flow wp-block-column-is-layout-flow\">\r\n<div id=\"ls-cta-block_61a775227de54\" class=\"ls-cta\">  \r\n    \r\n\r\n<a href=\"\/de\/zeltplatz-balagne\/\" target=\"\" rel=\"noopener\" class=\"ls-cta__link\">\r\n\r\n\t<div class=\"ls-cta__image\"><img decoding=\"async\" src=\"https:\/\/www.camping-bellavista.com\/wp-content\/uploads\/2021\/12\/camping-tourisme-balagne-speloncato-768x512.jpg\" alt=\"camping tourisme balagne speloncato\"><\/div>\r\n\t<div class=\"ls-cta__title\">\r\n\t\tDie Balagne\t<\/div>\r\n\r\n\t\t\r\n<\/a><\/div><\/div>\n\n\n\n<div class=\"wp-block-column is-layout-flow wp-block-column-is-layout-flow\">\r\n<div id=\"ls-cta-block_61a775297de55\" class=\"ls-cta\">  \r\n    \r\n\r\n<a href=\"\/de\/campingplatz-sant-ambroggio\/\" target=\"\" rel=\"noopener\" class=\"ls-cta__link\">\r\n\r\n\t<div class=\"ls-cta__image\"><img decoding=\"async\" src=\"https:\/\/www.camping-bellavista.com\/wp-content\/uploads\/2021\/12\/camping-tourisme-sant-ambroggio-768x512.jpg\" alt=\"camping tourisme sant ambroggio\"><\/div>\r\n\t<div class=\"ls-cta__title\">\r\n\t\tSant Ambroggio\t<\/div>\r\n\r\n\t\t\r\n<\/a><\/div><\/div>\n\n\n\n<div class=\"wp-block-column is-layout-flow wp-block-column-is-layout-flow\">\r\n<div id=\"ls-cta-block_61a7752b7de56\" class=\"ls-cta\">  \r\n    \r\n\r\n<a href=\"\/de\/campingplatz-calenzana\/\" target=\"\" rel=\"noopener\" class=\"ls-cta__link\">\r\n\r\n\t<div class=\"ls-cta__image\"><img decoding=\"async\" src=\"https:\/\/www.camping-bellavista.com\/wp-content\/uploads\/2021\/12\/camping-tourisme-calenzana-balagne-1-768x512.jpg\" alt=\"camping tourisme calenzana balagne\"><\/div>\r\n\t<div class=\"ls-cta__title\">\r\n\t\tCalenzana\t<\/div>\r\n\r\n\t\t\r\n<\/a><\/div><\/div>\n<\/div>\n\n\r\n    <\/div>\r\n<\/section>","protected":false},"excerpt":{"rendered":"","protected":false},"author":1,"featured_media":1420,"parent":0,"menu_order":0,"comment_status":"closed","ping_status":"closed","template":"","meta":{"_acf_changed":false,"footnotes":""},"sujet":[],"class_list":["post-1418","page","type-page","status-publish","has-post-thumbnail","hentry"],"acf":[],"yoast_head":"<!-- This site is optimized with the Yoast SEO plugin v25.3 - https:\/\/yoast.com\/wordpress\/plugins\/seo\/ -->\n<title>Campingplatz in der N\u00e4he von Lumio | Entdecken Sie Lumio | Urlaub Lumio<\/title>\n<meta name=\"robots\" content=\"index, follow, max-snippet:-1, max-image-preview:large, max-video-preview:-1\" \/>\n<link rel=\"canonical\" href=\"https:\/\/www.camping-bellavista.com\/de\/zeltplatz-lumio\/\" \/>\n<meta property=\"og:locale\" content=\"de_DE\" \/>\n<meta property=\"og:type\" content=\"article\" \/>\n<meta property=\"og:title\" content=\"Campingplatz in der N\u00e4he von Lumio | Entdecken Sie Lumio | Urlaub Lumio\" \/>\n<meta property=\"og:url\" content=\"https:\/\/www.camping-bellavista.com\/de\/zeltplatz-lumio\/\" \/>\n<meta property=\"og:site_name\" content=\"Camping Bella Vista\" \/>\n<meta property=\"article:modified_time\" content=\"2021-12-15T11:06:26+00:00\" \/>\n<meta property=\"og:image\" content=\"https:\/\/www.camping-bellavista.com\/wp-content\/uploads\/2021\/12\/camping-tourisme-marina-sant-ambroggio-lumio-balagne.jpg\" \/>\n\t<meta property=\"og:image:width\" content=\"1900\" \/>\n\t<meta property=\"og:image:height\" content=\"699\" \/>\n\t<meta property=\"og:image:type\" content=\"image\/jpeg\" \/>\n<meta name=\"twitter:card\" content=\"summary_large_image\" \/>\n<meta name=\"twitter:label1\" content=\"Gesch\u00e4tzte Lesezeit\" \/>\n\t<meta name=\"twitter:data1\" content=\"3\u00a0Minuten\" \/>\n<script type=\"application\/ld+json\" class=\"yoast-schema-graph\">{\"@context\":\"https:\/\/schema.org\",\"@graph\":[{\"@type\":\"WebPage\",\"@id\":\"https:\/\/www.camping-bellavista.com\/de\/zeltplatz-lumio\/\",\"url\":\"https:\/\/www.camping-bellavista.com\/de\/zeltplatz-lumio\/\",\"name\":\"Campingplatz in der N\u00e4he von Lumio | Entdecken Sie Lumio | Urlaub Lumio\",\"isPartOf\":{\"@id\":\"https:\/\/www.camping-bellavista.com\/de\/#website\"},\"primaryImageOfPage\":{\"@id\":\"https:\/\/www.camping-bellavista.com\/de\/zeltplatz-lumio\/#primaryimage\"},\"image\":{\"@id\":\"https:\/\/www.camping-bellavista.com\/de\/zeltplatz-lumio\/#primaryimage\"},\"thumbnailUrl\":\"https:\/\/www.camping-bellavista.com\/wp-content\/uploads\/2021\/12\/camping-tourisme-marina-sant-ambroggio-lumio-balagne.jpg\",\"datePublished\":\"2021-10-15T09:31:38+00:00\",\"dateModified\":\"2021-12-15T11:06:26+00:00\",\"breadcrumb\":{\"@id\":\"https:\/\/www.camping-bellavista.com\/de\/zeltplatz-lumio\/#breadcrumb\"},\"inLanguage\":\"de\",\"potentialAction\":[{\"@type\":\"ReadAction\",\"target\":[\"https:\/\/www.camping-bellavista.com\/de\/zeltplatz-lumio\/\"]}]},{\"@type\":\"ImageObject\",\"inLanguage\":\"de\",\"@id\":\"https:\/\/www.camping-bellavista.com\/de\/zeltplatz-lumio\/#primaryimage\",\"url\":\"https:\/\/www.camping-bellavista.com\/wp-content\/uploads\/2021\/12\/camping-tourisme-marina-sant-ambroggio-lumio-balagne.jpg\",\"contentUrl\":\"https:\/\/www.camping-bellavista.com\/wp-content\/uploads\/2021\/12\/camping-tourisme-marina-sant-ambroggio-lumio-balagne.jpg\",\"width\":1900,\"height\":699,\"caption\":\"camping tourisme marina sant ambroggio lumio balagne\"},{\"@type\":\"BreadcrumbList\",\"@id\":\"https:\/\/www.camping-bellavista.com\/de\/zeltplatz-lumio\/#breadcrumb\",\"itemListElement\":[{\"@type\":\"ListItem\",\"position\":1,\"name\":\"Campingplatz Korsika\",\"item\":\"https:\/\/www.camping-bellavista.com\/de\/\"},{\"@type\":\"ListItem\",\"position\":2,\"name\":\"Camping in der N\u00e4he von Lumio\"}]},{\"@type\":\"WebSite\",\"@id\":\"https:\/\/www.camping-bellavista.com\/de\/#website\",\"url\":\"https:\/\/www.camping-bellavista.com\/de\/\",\"name\":\"Camping Bella Vista\",\"description\":\"\",\"publisher\":{\"@id\":\"https:\/\/www.camping-bellavista.com\/de\/#organization\"},\"potentialAction\":[{\"@type\":\"SearchAction\",\"target\":{\"@type\":\"EntryPoint\",\"urlTemplate\":\"https:\/\/www.camping-bellavista.com\/de\/?s={search_term_string}\"},\"query-input\":{\"@type\":\"PropertyValueSpecification\",\"valueRequired\":true,\"valueName\":\"search_term_string\"}}],\"inLanguage\":\"de\"},{\"@type\":\"Organization\",\"@id\":\"https:\/\/www.camping-bellavista.com\/de\/#organization\",\"name\":\"Camping Bellavista\",\"url\":\"https:\/\/www.camping-bellavista.com\/de\/\",\"logo\":{\"@type\":\"ImageObject\",\"inLanguage\":\"de\",\"@id\":\"https:\/\/www.camping-bellavista.com\/de\/#\/schema\/logo\/image\/\",\"url\":\"https:\/\/www.camping-bellavista.com\/wp-content\/uploads\/2021\/12\/logo-bella-vista.png\",\"contentUrl\":\"https:\/\/www.camping-bellavista.com\/wp-content\/uploads\/2021\/12\/logo-bella-vista.png\",\"width\":512,\"height\":512,\"caption\":\"Camping Bellavista\"},\"image\":{\"@id\":\"https:\/\/www.camping-bellavista.com\/de\/#\/schema\/logo\/image\/\"}}]}<\/script>\n<!-- \/ Yoast SEO plugin. -->","yoast_head_json":{"title":"Campingplatz in der N\u00e4he von Lumio | Entdecken Sie Lumio | Urlaub Lumio","robots":{"index":"index","follow":"follow","max-snippet":"max-snippet:-1","max-image-preview":"max-image-preview:large","max-video-preview":"max-video-preview:-1"},"canonical":"https:\/\/www.camping-bellavista.com\/de\/zeltplatz-lumio\/","og_locale":"de_DE","og_type":"article","og_title":"Campingplatz in der N\u00e4he von Lumio | Entdecken Sie Lumio | Urlaub Lumio","og_url":"https:\/\/www.camping-bellavista.com\/de\/zeltplatz-lumio\/","og_site_name":"Camping Bella Vista","article_modified_time":"2021-12-15T11:06:26+00:00","og_image":[{"width":1900,"height":699,"url":"https:\/\/www.camping-bellavista.com\/wp-content\/uploads\/2021\/12\/camping-tourisme-marina-sant-ambroggio-lumio-balagne.jpg","type":"image\/jpeg"}],"twitter_card":"summary_large_image","twitter_misc":{"Gesch\u00e4tzte Lesezeit":"3\u00a0Minuten"},"schema":{"@context":"https:\/\/schema.org","@graph":[{"@type":"WebPage","@id":"https:\/\/www.camping-bellavista.com\/de\/zeltplatz-lumio\/","url":"https:\/\/www.camping-bellavista.com\/de\/zeltplatz-lumio\/","name":"Campingplatz in der N\u00e4he von Lumio | Entdecken Sie Lumio | Urlaub Lumio","isPartOf":{"@id":"https:\/\/www.camping-bellavista.com\/de\/#website"},"primaryImageOfPage":{"@id":"https:\/\/www.camping-bellavista.com\/de\/zeltplatz-lumio\/#primaryimage"},"image":{"@id":"https:\/\/www.camping-bellavista.com\/de\/zeltplatz-lumio\/#primaryimage"},"thumbnailUrl":"https:\/\/www.camping-bellavista.com\/wp-content\/uploads\/2021\/12\/camping-tourisme-marina-sant-ambroggio-lumio-balagne.jpg","datePublished":"2021-10-15T09:31:38+00:00","dateModified":"2021-12-15T11:06:26+00:00","breadcrumb":{"@id":"https:\/\/www.camping-bellavista.com\/de\/zeltplatz-lumio\/#breadcrumb"},"inLanguage":"de","potentialAction":[{"@type":"ReadAction","target":["https:\/\/www.camping-bellavista.com\/de\/zeltplatz-lumio\/"]}]},{"@type":"ImageObject","inLanguage":"de","@id":"https:\/\/www.camping-bellavista.com\/de\/zeltplatz-lumio\/#primaryimage","url":"https:\/\/www.camping-bellavista.com\/wp-content\/uploads\/2021\/12\/camping-tourisme-marina-sant-ambroggio-lumio-balagne.jpg","contentUrl":"https:\/\/www.camping-bellavista.com\/wp-content\/uploads\/2021\/12\/camping-tourisme-marina-sant-ambroggio-lumio-balagne.jpg","width":1900,"height":699,"caption":"camping tourisme marina sant ambroggio lumio balagne"},{"@type":"BreadcrumbList","@id":"https:\/\/www.camping-bellavista.com\/de\/zeltplatz-lumio\/#breadcrumb","itemListElement":[{"@type":"ListItem","position":1,"name":"Campingplatz Korsika","item":"https:\/\/www.camping-bellavista.com\/de\/"},{"@type":"ListItem","position":2,"name":"Camping in der N\u00e4he von Lumio"}]},{"@type":"WebSite","@id":"https:\/\/www.camping-bellavista.com\/de\/#website","url":"https:\/\/www.camping-bellavista.com\/de\/","name":"Camping Bella Vista","description":"","publisher":{"@id":"https:\/\/www.camping-bellavista.com\/de\/#organization"},"potentialAction":[{"@type":"SearchAction","target":{"@type":"EntryPoint","urlTemplate":"https:\/\/www.camping-bellavista.com\/de\/?s={search_term_string}"},"query-input":{"@type":"PropertyValueSpecification","valueRequired":true,"valueName":"search_term_string"}}],"inLanguage":"de"},{"@type":"Organization","@id":"https:\/\/www.camping-bellavista.com\/de\/#organization","name":"Camping Bellavista","url":"https:\/\/www.camping-bellavista.com\/de\/","logo":{"@type":"ImageObject","inLanguage":"de","@id":"https:\/\/www.camping-bellavista.com\/de\/#\/schema\/logo\/image\/","url":"https:\/\/www.camping-bellavista.com\/wp-content\/uploads\/2021\/12\/logo-bella-vista.png","contentUrl":"https:\/\/www.camping-bellavista.com\/wp-content\/uploads\/2021\/12\/logo-bella-vista.png","width":512,"height":512,"caption":"Camping Bellavista"},"image":{"@id":"https:\/\/www.camping-bellavista.com\/de\/#\/schema\/logo\/image\/"}}]}},"_links":{"self":[{"href":"https:\/\/www.camping-bellavista.com\/de\/wp-json\/wp\/v2\/pages\/1418"}],"collection":[{"href":"https:\/\/www.camping-bellavista.com\/de\/wp-json\/wp\/v2\/pages"}],"about":[{"href":"https:\/\/www.camping-bellavista.com\/de\/wp-json\/wp\/v2\/types\/page"}],"author":[{"embeddable":true,"href":"https:\/\/www.camping-bellavista.com\/de\/wp-json\/wp\/v2\/users\/1"}],"replies":[{"embeddable":true,"href":"https:\/\/www.camping-bellavista.com\/de\/wp-json\/wp\/v2\/comments?post=1418"}],"version-history":[{"count":9,"href":"https:\/\/www.camping-bellavista.com\/de\/wp-json\/wp\/v2\/pages\/1418\/revisions"}],"predecessor-version":[{"id":2293,"href":"https:\/\/www.camping-bellavista.com\/de\/wp-json\/wp\/v2\/pages\/1418\/revisions\/2293"}],"wp:featuredmedia":[{"embeddable":true,"href":"https:\/\/www.camping-bellavista.com\/de\/wp-json\/wp\/v2\/media\/1420"}],"wp:attachment":[{"href":"https:\/\/www.camping-bellavista.com\/de\/wp-json\/wp\/v2\/media?parent=1418"}],"wp:term":[{"taxonomy":"sujet","embeddable":true,"href":"https:\/\/www.camping-bellavista.com\/de\/wp-json\/wp\/v2\/sujet?post=1418"}],"curies":[{"name":"wp","href":"https:\/\/api.w.org\/{rel}","templated":true}]}}