{"id":1435,"date":"2021-10-15T11:31:50","date_gmt":"2021-10-15T09:31:50","guid":{"rendered":"http:\/\/www.camping-bellavista.com\/camping-sant-ambroggio\/"},"modified":"2023-08-17T16:02:24","modified_gmt":"2023-08-17T14:02:24","slug":"campingplatz-sant-ambroggio","status":"publish","type":"page","link":"https:\/\/www.camping-bellavista.com\/de\/campingplatz-sant-ambroggio\/","title":{"rendered":"Sant Ambroggio"},"content":{"rendered":"<section id=\"ls-section-block_78399a2aca7a670bc02ab843c9bc347c\" class=\"ls-section \" >\r\n        <div class=\"container \">\r\n        \n\n<h1 class=\"ls__heading wp-block-heading has-text-align-center has-color-2-color has-text-color\">Campingplatz 14 km von Sant Ambroggio entfernt<\/h1>\n\n\r\n    <\/div>\r\n<\/section>\n\n<section id=\"ls-section-block_42603a1920d934fe907b3745fac074a1\" class=\"ls-section  has-p-t p-t-0\" >\r\n        <div class=\"container container--wide\">\r\n        \n\n<div class=\"wp-block-columns are-vertically-aligned-center is-layout-flex wp-container-core-columns-is-layout-1 wp-block-columns-is-layout-flex\">\n<div class=\"wp-block-column is-vertically-aligned-center fancybox is-layout-flow wp-block-column-is-layout-flow\">\n<figure class=\"wp-block-image size-large\"><a href=\"https:\/\/www.camping-bellavista.com\/wp-content\/uploads\/2021\/12\/camping-tourisme-sant-ambroggio.jpg\"><img decoding=\"async\" width=\"1200\" height=\"800\" src=\"https:\/\/www.camping-bellavista.com\/wp-content\/uploads\/2021\/12\/camping-tourisme-sant-ambroggio.jpg\" alt=\"camping tourisme sant ambroggio\" class=\"wp-image-1945\" srcset=\"https:\/\/www.camping-bellavista.com\/wp-content\/uploads\/2021\/12\/camping-tourisme-sant-ambroggio.jpg 1200w, https:\/\/www.camping-bellavista.com\/wp-content\/uploads\/2021\/12\/camping-tourisme-sant-ambroggio-300x200.jpg 300w, https:\/\/www.camping-bellavista.com\/wp-content\/uploads\/2021\/12\/camping-tourisme-sant-ambroggio-1024x683.jpg 1024w, https:\/\/www.camping-bellavista.com\/wp-content\/uploads\/2021\/12\/camping-tourisme-sant-ambroggio-768x512.jpg 768w\" sizes=\"(max-width: 1200px) 100vw, 1200px\" \/><\/a><\/figure>\n<\/div>\n\n\n\n<div class=\"wp-block-column is-vertically-aligned-center is-layout-flow wp-block-column-is-layout-flow\">\n<h2 class=\"ls__heading wp-block-heading has-color-2-color has-text-color\">Kurzinfo zu Sant Ambroggio<\/h2>\n\n\n\n<p class=\"ls-paragraph\">Wenn Sie die korsische K\u00fcste und die malerische Atmosph\u00e4re kleiner D\u00f6rfer m\u00f6gen, werden Sie Sant&#8217;Ambroggio, das in der Gemeinde Lumio in der Balagne liegt, lieben.<\/p>\n\n\n\n<p class=\"ls-paragraph\">Zwischen Calvi und \u00cele Rousse liegt das Dorf Sant&#8217;Ambroggio, das f\u00fcr seinen Jachthafen, seine Str\u00e4nde und seine famili\u00e4re und zugleich typisch korsische Atmosph\u00e4re bekannt ist. Hier findet man sowohl Ruhe als auch die M\u00f6glichkeit, sich den idealen Urlaubsaktivit\u00e4ten zu widmen. Stellen Sie sich Spazierg\u00e4nge an den langen Sandstr\u00e4nden, kleine Restaurants am Meer und Schwimmen im t\u00fcrkisfarbenen Wasser von Sant Ambroggio vor\u2026<\/p>\n<\/div>\n<\/div>\n\n\r\n    <\/div>\r\n<\/section>\n\n<section id=\"ls-section-block_3b969d5c01b23f0e61b29785bf003179\" class=\"ls-section  has-background-image has-parallax has-background has-color-black-background-color has-p-t p-t-16 has-p-b p-b-16\" >\r\n    <div class=\"ls-section__background-image opacity-60\"><img decoding=\"async\" src=\"https:\/\/www.camping-bellavista.com\/wp-content\/uploads\/2023\/08\/camping-tourisme-marina-sant-ambroggio-lumio-balagne-1-1.jpg\" alt=\"\"><\/div>    <div class=\"container container--wide\">\r\n        \n\n<h2 class=\"ls__heading wp-block-heading has-text-align-center m-t-0 m-b-0 has-color-white-color has-text-color\">Was man auf Sant Ambroggio sehen und tun kann<\/h2>\n\n\n\n<p class=\"ls-paragraph has-text-align-center has-color-white-color has-text-color\">Der Strand von Sant Ambroggio ist zweifellos einer der sch\u00f6nsten Str\u00e4nde der Insel der Sch\u00f6nheit. Er liegt ideal in einer Bucht und ist vor den Winden gesch\u00fctzt. Dieser Strand ist ideal zum Faulenzen und Baden f\u00fcr die ganze Familie.<\/p>\n\n\n\n<p class=\"ls-paragraph has-text-align-center m-t-0 m-b-0 has-color-white-color has-text-color\">Hier k\u00f6nnen Sie auch wundersch\u00f6ne Sonnenunterg\u00e4nge bewundern. Der Ort bietet die M\u00f6glichkeit zum Schnorcheln. Entdecken Sie auch die Str\u00e4nde des Naturschutzgebiets Spano mit seinen kleinen Buchten.<\/p>\n\n\n\n<p class=\"ls-paragraph has-text-align-center has-color-white-color has-text-color\">Schlendern Sie an dem kleinen, so malerischen Yachthafen entlang! Der Ort ist perfekt, um ein Boot zu mieten und Ausfl\u00fcge nach Scandola oder L&#8217;Agriate zu unternehmen. Auch Wanderfreunde kommen auf ihre Kosten, wenn sie die Wege zur Pointe de Spano und dem Genueserturm oder weiter bis zur Pointe de Caldanu begehen.<\/p>\n\n\r\n    <\/div>\r\n<\/section>\n\n<section id=\"ls-section-block_feaa31c0b372c98998cf88bf8e18b481\" class=\"ls-section  has-p-b p-b-6\" >\r\n        <div class=\"container container--wide\">\r\n        \n\n<div class=\"wp-block-columns are-vertically-aligned-center is-layout-flex wp-container-core-columns-is-layout-3 wp-block-columns-is-layout-flex\">\n<div class=\"wp-block-column is-vertically-aligned-center is-layout-flow wp-block-column-is-layout-flow\">\n<h2 class=\"ls__heading wp-block-heading has-color-2-color has-text-color\">Camping in der N\u00e4he von Sant Ambroggio<\/h2>\n\n\n\n<p class=\"ls-paragraph\">Der Campingplatz in Calvi befindet sich in einer idealen Entfernung, um Sant Ambroggio zu genie\u00dfen. In 17 min erreichen Sie den Yachthafen und die K\u00fcste dieses wundersch\u00f6nen Ortes, an dem Sie Ihren Urlaub genie\u00dfen k\u00f6nnen.<\/p>\n\n\n\n<p class=\"ls-paragraph\">Dieser Campingplatz in der N\u00e4he von Sant Ambroggio bietet Unterkunftsm\u00f6glichkeiten, die f\u00fcr jeden etwas bieten: Chalets, Mobilheime, Stellpl\u00e4tze\u2026 Hier finden Sie die L\u00f6sung, die Ihnen zusagt, und k\u00f6nnen die warme und freundliche Atmosph\u00e4re genie\u00dfen.<\/p>\n\n\n\n<p class=\"ls-paragraph\">Zwischen Calvi und \u00cele Rousse bietet Ihnen der Campingplatz Bella Vista eine au\u00dfergew\u00f6hnliche Lage in der Balagne.<\/p>\n<\/div>\n\n\n\n<div class=\"wp-block-column is-vertically-aligned-center fancybox is-layout-flow wp-block-column-is-layout-flow\">\n<div class=\"wp-block-columns is-layout-flex wp-container-core-columns-is-layout-2 wp-block-columns-is-layout-flex\">\n<div class=\"wp-block-column is-layout-flow wp-block-column-is-layout-flow\">\n<figure class=\"wp-block-image size-large\"><a href=\"https:\/\/www.camping-bellavista.com\/wp-content\/uploads\/2021\/12\/camping-tourisme-famille-plage-sant-ambroggio.jpg\"><img decoding=\"async\" width=\"1200\" height=\"800\" src=\"https:\/\/www.camping-bellavista.com\/wp-content\/uploads\/2021\/12\/camping-tourisme-famille-plage-sant-ambroggio.jpg\" alt=\"camping tourisme famille plage sant ambroggio\" class=\"wp-image-1948\" srcset=\"https:\/\/www.camping-bellavista.com\/wp-content\/uploads\/2021\/12\/camping-tourisme-famille-plage-sant-ambroggio.jpg 1200w, https:\/\/www.camping-bellavista.com\/wp-content\/uploads\/2021\/12\/camping-tourisme-famille-plage-sant-ambroggio-300x200.jpg 300w, https:\/\/www.camping-bellavista.com\/wp-content\/uploads\/2021\/12\/camping-tourisme-famille-plage-sant-ambroggio-1024x683.jpg 1024w, https:\/\/www.camping-bellavista.com\/wp-content\/uploads\/2021\/12\/camping-tourisme-famille-plage-sant-ambroggio-768x512.jpg 768w\" sizes=\"(max-width: 1200px) 100vw, 1200px\" \/><\/a><\/figure>\n<\/div>\n\n\n\n<div class=\"wp-block-column is-layout-flow wp-block-column-is-layout-flow\">\n<figure class=\"wp-block-image size-large\"><a href=\"https:\/\/www.camping-bellavista.com\/wp-content\/uploads\/2021\/12\/camping-tourisme-restaurant-bord-de-mer-balagne.jpg\"><img decoding=\"async\" width=\"1200\" height=\"800\" src=\"https:\/\/www.camping-bellavista.com\/wp-content\/uploads\/2021\/12\/camping-tourisme-restaurant-bord-de-mer-balagne.jpg\" alt=\"camping tourisme restaurant bord de mer balagne\" class=\"wp-image-1951\" srcset=\"https:\/\/www.camping-bellavista.com\/wp-content\/uploads\/2021\/12\/camping-tourisme-restaurant-bord-de-mer-balagne.jpg 1200w, https:\/\/www.camping-bellavista.com\/wp-content\/uploads\/2021\/12\/camping-tourisme-restaurant-bord-de-mer-balagne-300x200.jpg 300w, https:\/\/www.camping-bellavista.com\/wp-content\/uploads\/2021\/12\/camping-tourisme-restaurant-bord-de-mer-balagne-1024x683.jpg 1024w, https:\/\/www.camping-bellavista.com\/wp-content\/uploads\/2021\/12\/camping-tourisme-restaurant-bord-de-mer-balagne-768x512.jpg 768w\" sizes=\"(max-width: 1200px) 100vw, 1200px\" \/><\/a><\/figure>\n<\/div>\n<\/div>\n\n\n\n<figure class=\"wp-block-image size-large\"><a href=\"https:\/\/www.camping-bellavista.com\/wp-content\/uploads\/2021\/12\/camping-tourisme-snorkeling-corse.jpg\"><img decoding=\"async\" width=\"1200\" height=\"800\" src=\"https:\/\/www.camping-bellavista.com\/wp-content\/uploads\/2021\/12\/camping-tourisme-snorkeling-corse.jpg\" alt=\"camping tourisme snorkeling corse\" class=\"wp-image-1954\" srcset=\"https:\/\/www.camping-bellavista.com\/wp-content\/uploads\/2021\/12\/camping-tourisme-snorkeling-corse.jpg 1200w, https:\/\/www.camping-bellavista.com\/wp-content\/uploads\/2021\/12\/camping-tourisme-snorkeling-corse-300x200.jpg 300w, https:\/\/www.camping-bellavista.com\/wp-content\/uploads\/2021\/12\/camping-tourisme-snorkeling-corse-1024x683.jpg 1024w, https:\/\/www.camping-bellavista.com\/wp-content\/uploads\/2021\/12\/camping-tourisme-snorkeling-corse-768x512.jpg 768w\" sizes=\"(max-width: 1200px) 100vw, 1200px\" \/><\/a><\/figure>\n<\/div>\n<\/div>\n\n\r\n    <\/div>\r\n<\/section>\n\n<section id=\"ls-section-block_f091babadfa569ea5952749d21276da5\" class=\"ls-section  has-p-t p-t-1\" >\r\n        <div class=\"container container--wide\">\r\n        \n\n<p class=\"ls-paragraph ls__heading has-text-align-center has-color-2-color has-text-color has-large-font-size\">Sant Ambroggio und Umgebung<\/p>\n\n\n\n<div class=\"wp-block-columns is-layout-flex wp-container-core-columns-is-layout-4 wp-block-columns-is-layout-flex\">\n<div class=\"wp-block-column is-layout-flow wp-block-column-is-layout-flow\">\r\n<div id=\"ls-cta-block_543defef32af5b53644bebd276049bb2\" class=\"ls-cta\">  \r\n    \r\n\r\n<a href=\"\/de\/tourismus-calvi\/\" target=\"\" rel=\"noopener\" class=\"ls-cta__link\">\r\n\r\n\t<div class=\"ls-cta__image\"><img decoding=\"async\" src=\"https:\/\/www.camping-bellavista.com\/wp-content\/uploads\/2021\/12\/camping-citadelle-calvi-768x512.jpg\" alt=\"camping citadelle calvi\"><\/div>\r\n\t<div class=\"ls-cta__title\">\r\n\t\tCalvi\t<\/div>\r\n\r\n\t\t\r\n<\/a><\/div><\/div>\n\n\n\n<div class=\"wp-block-column is-layout-flow wp-block-column-is-layout-flow\">\r\n<div id=\"ls-cta-block_1c316cd8e2db2ffbb9f116e153af254e\" class=\"ls-cta\">  \r\n    \r\n\r\n<a href=\"\/de\/zeltplatz-ile-rousse\/\" target=\"\" rel=\"noopener\" class=\"ls-cta__link\">\r\n\r\n\t<div class=\"ls-cta__image\"><img decoding=\"async\" src=\"https:\/\/www.camping-bellavista.com\/wp-content\/uploads\/2021\/12\/camping-tourisme-ile-rousse-balagne-1-768x512.jpg\" alt=\"camping tourisme ile rousse balagne\"><\/div>\r\n\t<div class=\"ls-cta__title\">\r\n\t\tIle Rousse\t<\/div>\r\n\r\n\t\t\r\n<\/a><\/div><\/div>\n\n\n\n<div class=\"wp-block-column is-layout-flow wp-block-column-is-layout-flow\">\r\n<div id=\"ls-cta-block_8db1e4671e8b03b978cef9ef437c8823\" class=\"ls-cta\">  \r\n    \r\n\r\n<a href=\"\/de\/zeltplatz-balagne\/\" target=\"\" rel=\"noopener\" class=\"ls-cta__link\">\r\n\r\n\t<div class=\"ls-cta__image\"><img decoding=\"async\" src=\"https:\/\/www.camping-bellavista.com\/wp-content\/uploads\/2021\/12\/camping-tourisme-balagne-speloncato-768x512.jpg\" alt=\"camping tourisme balagne speloncato\"><\/div>\r\n\t<div class=\"ls-cta__title\">\r\n\t\tLa Balagne\t<\/div>\r\n\r\n\t\t\r\n<\/a><\/div><\/div>\n<\/div>\n\n\r\n    <\/div>\r\n<\/section>","protected":false},"excerpt":{"rendered":"","protected":false},"author":1,"featured_media":1436,"parent":0,"menu_order":0,"comment_status":"closed","ping_status":"closed","template":"","meta":{"_acf_changed":false,"footnotes":""},"sujet":[],"class_list":["post-1435","page","type-page","status-publish","has-post-thumbnail","hentry"],"acf":[],"yoast_head":"<!-- This site is optimized with the Yoast SEO plugin v25.3 - https:\/\/yoast.com\/wordpress\/plugins\/seo\/ -->\n<title>Camping in der N\u00e4he von Sant Ambroggio | Tourismus Sant Ambroggio<\/title>\n<meta name=\"robots\" content=\"index, follow, max-snippet:-1, max-image-preview:large, max-video-preview:-1\" \/>\n<link rel=\"canonical\" href=\"https:\/\/www.camping-bellavista.com\/de\/campingplatz-sant-ambroggio\/\" \/>\n<meta property=\"og:locale\" content=\"de_DE\" \/>\n<meta property=\"og:type\" content=\"article\" \/>\n<meta property=\"og:title\" content=\"Camping in der N\u00e4he von Sant Ambroggio | Tourismus Sant Ambroggio\" \/>\n<meta property=\"og:url\" content=\"https:\/\/www.camping-bellavista.com\/de\/campingplatz-sant-ambroggio\/\" \/>\n<meta property=\"og:site_name\" content=\"Camping Bella Vista\" \/>\n<meta property=\"article:modified_time\" content=\"2023-08-17T14:02:24+00:00\" \/>\n<meta property=\"og:image\" content=\"https:\/\/www.camping-bellavista.com\/wp-content\/uploads\/2021\/12\/camping-tourisme-plage-sant-ambroggio.jpg\" \/>\n\t<meta property=\"og:image:width\" content=\"1900\" \/>\n\t<meta property=\"og:image:height\" content=\"700\" \/>\n\t<meta property=\"og:image:type\" content=\"image\/jpeg\" \/>\n<meta name=\"twitter:card\" content=\"summary_large_image\" \/>\n<meta name=\"twitter:label1\" content=\"Gesch\u00e4tzte Lesezeit\" \/>\n\t<meta name=\"twitter:data1\" content=\"3\u00a0Minuten\" \/>\n<script type=\"application\/ld+json\" class=\"yoast-schema-graph\">{\"@context\":\"https:\/\/schema.org\",\"@graph\":[{\"@type\":\"WebPage\",\"@id\":\"https:\/\/www.camping-bellavista.com\/de\/campingplatz-sant-ambroggio\/\",\"url\":\"https:\/\/www.camping-bellavista.com\/de\/campingplatz-sant-ambroggio\/\",\"name\":\"Camping in der N\u00e4he von Sant Ambroggio | Tourismus Sant Ambroggio\",\"isPartOf\":{\"@id\":\"https:\/\/www.camping-bellavista.com\/de\/#website\"},\"primaryImageOfPage\":{\"@id\":\"https:\/\/www.camping-bellavista.com\/de\/campingplatz-sant-ambroggio\/#primaryimage\"},\"image\":{\"@id\":\"https:\/\/www.camping-bellavista.com\/de\/campingplatz-sant-ambroggio\/#primaryimage\"},\"thumbnailUrl\":\"https:\/\/www.camping-bellavista.com\/wp-content\/uploads\/2021\/12\/camping-tourisme-plage-sant-ambroggio.jpg\",\"datePublished\":\"2021-10-15T09:31:50+00:00\",\"dateModified\":\"2023-08-17T14:02:24+00:00\",\"breadcrumb\":{\"@id\":\"https:\/\/www.camping-bellavista.com\/de\/campingplatz-sant-ambroggio\/#breadcrumb\"},\"inLanguage\":\"de\",\"potentialAction\":[{\"@type\":\"ReadAction\",\"target\":[\"https:\/\/www.camping-bellavista.com\/de\/campingplatz-sant-ambroggio\/\"]}]},{\"@type\":\"ImageObject\",\"inLanguage\":\"de\",\"@id\":\"https:\/\/www.camping-bellavista.com\/de\/campingplatz-sant-ambroggio\/#primaryimage\",\"url\":\"https:\/\/www.camping-bellavista.com\/wp-content\/uploads\/2021\/12\/camping-tourisme-plage-sant-ambroggio.jpg\",\"contentUrl\":\"https:\/\/www.camping-bellavista.com\/wp-content\/uploads\/2021\/12\/camping-tourisme-plage-sant-ambroggio.jpg\",\"width\":1900,\"height\":700,\"caption\":\"camping tourisme plage sant ambroggio\"},{\"@type\":\"BreadcrumbList\",\"@id\":\"https:\/\/www.camping-bellavista.com\/de\/campingplatz-sant-ambroggio\/#breadcrumb\",\"itemListElement\":[{\"@type\":\"ListItem\",\"position\":1,\"name\":\"Campingplatz Korsika\",\"item\":\"https:\/\/www.camping-bellavista.com\/de\/\"},{\"@type\":\"ListItem\",\"position\":2,\"name\":\"Camping in der N\u00e4he von Sant Ambroggio\"}]},{\"@type\":\"WebSite\",\"@id\":\"https:\/\/www.camping-bellavista.com\/de\/#website\",\"url\":\"https:\/\/www.camping-bellavista.com\/de\/\",\"name\":\"Camping Bella Vista\",\"description\":\"\",\"publisher\":{\"@id\":\"https:\/\/www.camping-bellavista.com\/de\/#organization\"},\"potentialAction\":[{\"@type\":\"SearchAction\",\"target\":{\"@type\":\"EntryPoint\",\"urlTemplate\":\"https:\/\/www.camping-bellavista.com\/de\/?s={search_term_string}\"},\"query-input\":{\"@type\":\"PropertyValueSpecification\",\"valueRequired\":true,\"valueName\":\"search_term_string\"}}],\"inLanguage\":\"de\"},{\"@type\":\"Organization\",\"@id\":\"https:\/\/www.camping-bellavista.com\/de\/#organization\",\"name\":\"Camping Bellavista\",\"url\":\"https:\/\/www.camping-bellavista.com\/de\/\",\"logo\":{\"@type\":\"ImageObject\",\"inLanguage\":\"de\",\"@id\":\"https:\/\/www.camping-bellavista.com\/de\/#\/schema\/logo\/image\/\",\"url\":\"https:\/\/www.camping-bellavista.com\/wp-content\/uploads\/2021\/12\/logo-bella-vista.png\",\"contentUrl\":\"https:\/\/www.camping-bellavista.com\/wp-content\/uploads\/2021\/12\/logo-bella-vista.png\",\"width\":512,\"height\":512,\"caption\":\"Camping Bellavista\"},\"image\":{\"@id\":\"https:\/\/www.camping-bellavista.com\/de\/#\/schema\/logo\/image\/\"}}]}<\/script>\n<!-- \/ Yoast SEO plugin. -->","yoast_head_json":{"title":"Camping in der N\u00e4he von Sant Ambroggio | Tourismus Sant Ambroggio","robots":{"index":"index","follow":"follow","max-snippet":"max-snippet:-1","max-image-preview":"max-image-preview:large","max-video-preview":"max-video-preview:-1"},"canonical":"https:\/\/www.camping-bellavista.com\/de\/campingplatz-sant-ambroggio\/","og_locale":"de_DE","og_type":"article","og_title":"Camping in der N\u00e4he von Sant Ambroggio | Tourismus Sant Ambroggio","og_url":"https:\/\/www.camping-bellavista.com\/de\/campingplatz-sant-ambroggio\/","og_site_name":"Camping Bella Vista","article_modified_time":"2023-08-17T14:02:24+00:00","og_image":[{"width":1900,"height":700,"url":"https:\/\/www.camping-bellavista.com\/wp-content\/uploads\/2021\/12\/camping-tourisme-plage-sant-ambroggio.jpg","type":"image\/jpeg"}],"twitter_card":"summary_large_image","twitter_misc":{"Gesch\u00e4tzte Lesezeit":"3\u00a0Minuten"},"schema":{"@context":"https:\/\/schema.org","@graph":[{"@type":"WebPage","@id":"https:\/\/www.camping-bellavista.com\/de\/campingplatz-sant-ambroggio\/","url":"https:\/\/www.camping-bellavista.com\/de\/campingplatz-sant-ambroggio\/","name":"Camping in der N\u00e4he von Sant Ambroggio | Tourismus Sant Ambroggio","isPartOf":{"@id":"https:\/\/www.camping-bellavista.com\/de\/#website"},"primaryImageOfPage":{"@id":"https:\/\/www.camping-bellavista.com\/de\/campingplatz-sant-ambroggio\/#primaryimage"},"image":{"@id":"https:\/\/www.camping-bellavista.com\/de\/campingplatz-sant-ambroggio\/#primaryimage"},"thumbnailUrl":"https:\/\/www.camping-bellavista.com\/wp-content\/uploads\/2021\/12\/camping-tourisme-plage-sant-ambroggio.jpg","datePublished":"2021-10-15T09:31:50+00:00","dateModified":"2023-08-17T14:02:24+00:00","breadcrumb":{"@id":"https:\/\/www.camping-bellavista.com\/de\/campingplatz-sant-ambroggio\/#breadcrumb"},"inLanguage":"de","potentialAction":[{"@type":"ReadAction","target":["https:\/\/www.camping-bellavista.com\/de\/campingplatz-sant-ambroggio\/"]}]},{"@type":"ImageObject","inLanguage":"de","@id":"https:\/\/www.camping-bellavista.com\/de\/campingplatz-sant-ambroggio\/#primaryimage","url":"https:\/\/www.camping-bellavista.com\/wp-content\/uploads\/2021\/12\/camping-tourisme-plage-sant-ambroggio.jpg","contentUrl":"https:\/\/www.camping-bellavista.com\/wp-content\/uploads\/2021\/12\/camping-tourisme-plage-sant-ambroggio.jpg","width":1900,"height":700,"caption":"camping tourisme plage sant ambroggio"},{"@type":"BreadcrumbList","@id":"https:\/\/www.camping-bellavista.com\/de\/campingplatz-sant-ambroggio\/#breadcrumb","itemListElement":[{"@type":"ListItem","position":1,"name":"Campingplatz Korsika","item":"https:\/\/www.camping-bellavista.com\/de\/"},{"@type":"ListItem","position":2,"name":"Camping in der N\u00e4he von Sant Ambroggio"}]},{"@type":"WebSite","@id":"https:\/\/www.camping-bellavista.com\/de\/#website","url":"https:\/\/www.camping-bellavista.com\/de\/","name":"Camping Bella Vista","description":"","publisher":{"@id":"https:\/\/www.camping-bellavista.com\/de\/#organization"},"potentialAction":[{"@type":"SearchAction","target":{"@type":"EntryPoint","urlTemplate":"https:\/\/www.camping-bellavista.com\/de\/?s={search_term_string}"},"query-input":{"@type":"PropertyValueSpecification","valueRequired":true,"valueName":"search_term_string"}}],"inLanguage":"de"},{"@type":"Organization","@id":"https:\/\/www.camping-bellavista.com\/de\/#organization","name":"Camping Bellavista","url":"https:\/\/www.camping-bellavista.com\/de\/","logo":{"@type":"ImageObject","inLanguage":"de","@id":"https:\/\/www.camping-bellavista.com\/de\/#\/schema\/logo\/image\/","url":"https:\/\/www.camping-bellavista.com\/wp-content\/uploads\/2021\/12\/logo-bella-vista.png","contentUrl":"https:\/\/www.camping-bellavista.com\/wp-content\/uploads\/2021\/12\/logo-bella-vista.png","width":512,"height":512,"caption":"Camping Bellavista"},"image":{"@id":"https:\/\/www.camping-bellavista.com\/de\/#\/schema\/logo\/image\/"}}]}},"_links":{"self":[{"href":"https:\/\/www.camping-bellavista.com\/de\/wp-json\/wp\/v2\/pages\/1435"}],"collection":[{"href":"https:\/\/www.camping-bellavista.com\/de\/wp-json\/wp\/v2\/pages"}],"about":[{"href":"https:\/\/www.camping-bellavista.com\/de\/wp-json\/wp\/v2\/types\/page"}],"author":[{"embeddable":true,"href":"https:\/\/www.camping-bellavista.com\/de\/wp-json\/wp\/v2\/users\/1"}],"replies":[{"embeddable":true,"href":"https:\/\/www.camping-bellavista.com\/de\/wp-json\/wp\/v2\/comments?post=1435"}],"version-history":[{"count":10,"href":"https:\/\/www.camping-bellavista.com\/de\/wp-json\/wp\/v2\/pages\/1435\/revisions"}],"predecessor-version":[{"id":7075,"href":"https:\/\/www.camping-bellavista.com\/de\/wp-json\/wp\/v2\/pages\/1435\/revisions\/7075"}],"wp:featuredmedia":[{"embeddable":true,"href":"https:\/\/www.camping-bellavista.com\/de\/wp-json\/wp\/v2\/media\/1436"}],"wp:attachment":[{"href":"https:\/\/www.camping-bellavista.com\/de\/wp-json\/wp\/v2\/media?parent=1435"}],"wp:term":[{"taxonomy":"sujet","embeddable":true,"href":"https:\/\/www.camping-bellavista.com\/de\/wp-json\/wp\/v2\/sujet?post=1435"}],"curies":[{"name":"wp","href":"https:\/\/api.w.org\/{rel}","templated":true}]}}