{"id":1443,"date":"2021-10-15T11:31:56","date_gmt":"2021-10-15T09:31:56","guid":{"rendered":"http:\/\/www.camping-bellavista.com\/contact-acces\/"},"modified":"2021-12-15T10:55:53","modified_gmt":"2021-12-15T09:55:53","slug":"kontakt-zugang","status":"publish","type":"page","link":"https:\/\/www.camping-bellavista.com\/de\/kontakt-zugang\/","title":{"rendered":"Infos et contact"},"content":{"rendered":"<section id=\"ls-section-block_61a7811130cf0\" class=\"ls-section  section-mobile\" >\r\n        <div class=\"container container--wide\">\r\n        \n\n<h1 class=\"ls__heading has-text-align-center wp-block-heading\"><span style=\"color:#a6338b\" class=\"tadv-color\">Kontaktieren Sie uns<\/span><\/h1>\n\n\n\n<div class=\"wp-block-columns is-layout-flex wp-container-core-columns-is-layout-1 wp-block-columns-is-layout-flex\">\n<div class=\"wp-block-column is-layout-flow wp-block-column-is-layout-flow\">\n<h2 class=\"ls__heading has-color-2-color has-text-color wp-block-heading\">Kontaktieren Sie den Campingplatz<\/h2>\n\n\n\n<p class=\"ls-paragraph\">F\u00fcr weitere Informationen k\u00f6nnen Sie sich gerne an uns wenden. Das gesamte Team des Campingplatzes in Calvi wird Ihnen so schnell wie m\u00f6glich antworten.<\/p>\n\n\n\n<ul class=\"ls-list wp-block-list\" value=\"<li class=&quot;ls__list-item is-item-undefined&quot;&gt;Tel. : <a href=&quot;tel:0495651176&quot;&gt;04 95 65 11 76<\/a&gt;<\/li&gt;<li class=&quot;ls__list-item is-item-undefined&quot;&gt;E-mail : <a href=&quot;mailto:info@camping-bellavista.com&quot;&gt;info@camping-bellavista.com<\/a&gt;<\/li&gt;\"><li>Tel. : <a href=\"tel:0495651176\">04 95 65 11 76<\/a><\/li><li>E-mail : <a href=\"mailto:info@camping-bellavista.com\">info@camping-bellavista.com<\/a><\/li><\/ul>\n\n\n\n<h2 class=\"ls__heading has-color-2-color has-text-color wp-block-heading\">Wie komme ich zum Campingplatz?<\/h2>\n\n\n\n<p class=\"ls-paragraph\"><strong>Adresse :\u00a0<\/strong><br>Route de Pietramaggiore<br>20260 Calvi<\/p>\n\n\n\n<p class=\"ls-paragraph\"><strong>GPS-Koordinaten : <br><\/strong>42.55242332962514, 8.756496553542423<\/p>\n<\/div>\n\n\n\n<div class=\"wp-block-column is-layout-flow wp-block-column-is-layout-flow\">\n<div class=\"wpcf7 no-js\" id=\"wpcf7-f1445-o1\" lang=\"fr-FR\" dir=\"ltr\">\n<div class=\"screen-reader-response\"><p role=\"status\" aria-live=\"polite\" aria-atomic=\"true\"><\/p> <ul><\/ul><\/div>\n<form action=\"\/de\/wp-json\/wp\/v2\/pages\/1443#wpcf7-f1445-o1\" method=\"post\" class=\"wpcf7-form init\" aria-label=\"Formulaire de contact\" novalidate=\"novalidate\" data-status=\"init\">\n<div style=\"display: none;\">\n<input type=\"hidden\" name=\"_wpcf7\" value=\"1445\" \/>\n<input type=\"hidden\" name=\"_wpcf7_version\" value=\"5.9.8\" \/>\n<input type=\"hidden\" name=\"_wpcf7_locale\" value=\"fr_FR\" \/>\n<input type=\"hidden\" name=\"_wpcf7_unit_tag\" value=\"wpcf7-f1445-o1\" \/>\n<input type=\"hidden\" name=\"_wpcf7_container_post\" value=\"0\" \/>\n<input type=\"hidden\" name=\"_wpcf7_posted_data_hash\" value=\"\" \/>\n<input type=\"hidden\" name=\"_wpcf7_recaptcha_response\" value=\"\" \/>\n<\/div>\n<p><label> Name*<br \/>\n<span class=\"wpcf7-form-control-wrap\" data-name=\"your-name\"><input size=\"40\" maxlength=\"400\" class=\"wpcf7-form-control wpcf7-text wpcf7-validates-as-required\" aria-required=\"true\" aria-invalid=\"false\" value=\"\" type=\"text\" name=\"your-name\" \/><\/span> <\/label>\n<\/p>\n<p><label> E-Mail*<br \/>\n<span class=\"wpcf7-form-control-wrap\" data-name=\"your-email\"><input size=\"40\" maxlength=\"400\" class=\"wpcf7-form-control wpcf7-email wpcf7-validates-as-required wpcf7-text wpcf7-validates-as-email\" aria-required=\"true\" aria-invalid=\"false\" value=\"\" type=\"email\" name=\"your-email\" \/><\/span> <\/label>\n<\/p>\n<p><label> Thema*<br \/>\n<span class=\"wpcf7-form-control-wrap\" data-name=\"your-subject\"><input size=\"40\" maxlength=\"400\" class=\"wpcf7-form-control wpcf7-text wpcf7-validates-as-required\" aria-required=\"true\" aria-invalid=\"false\" value=\"\" type=\"text\" name=\"your-subject\" \/><\/span> <\/label>\n<\/p>\n<p><label> Ihre Nachricht<br \/>\n<span class=\"wpcf7-form-control-wrap\" data-name=\"your-message\"><textarea cols=\"40\" rows=\"10\" maxlength=\"2000\" class=\"wpcf7-form-control wpcf7-textarea\" aria-invalid=\"false\" name=\"your-message\"><\/textarea><\/span> <\/label><br \/>\n<span class=\"wpcf7-form-control-wrap\" data-name=\"acceptance-777\"><span class=\"wpcf7-form-control wpcf7-acceptance\"><span class=\"wpcf7-list-item\"><label><input type=\"checkbox\" name=\"acceptance-777\" value=\"1\" aria-invalid=\"false\" \/><span class=\"wpcf7-list-item-label\">Indem ich dieses K\u00e4stchen ankreuze, stimme ich der <a href=\"\/de\/datenschutzrichtlinie\/\" rel=\"noopener\" target=\"_blank\">Datenschutzrichtlinie<\/a> dieser Website zu.<\/span><\/label><\/span><\/span><\/span><br \/>\n<span class=\"wpcf7-form-control-wrap recaptcha\" data-name=\"recaptcha\"><span data-sitekey=\"6LfOtL4dAAAAAJza6SWPYtGlgvVErkShbcxJ958B\" class=\"wpcf7-form-control wpcf7-recaptcha g-recaptcha\"><\/span>\r\n<noscript>\r\n\t<div class=\"grecaptcha-noscript\">\r\n\t\t<iframe src=\"https:\/\/www.google.com\/recaptcha\/api\/fallback?k=6LfOtL4dAAAAAJza6SWPYtGlgvVErkShbcxJ958B\" frameborder=\"0\" scrolling=\"no\" width=\"310\" height=\"430\">\r\n\t\t<\/iframe>\r\n\t\t<textarea name=\"g-recaptcha-response\" rows=\"3\" cols=\"40\" placeholder=\"reCaptcha Response Here\">\r\n\t\t<\/textarea>\r\n\t<\/div>\r\n<\/noscript>\r\n<\/span><br \/>\n<input class=\"wpcf7-form-control wpcf7-submit has-spinner\" type=\"submit\" value=\"Senden Sie\" \/>\n<\/p><div class=\"wpcf7-response-output\" aria-hidden=\"true\"><\/div>\n<\/form>\n<\/div>\n\n<\/div>\n<\/div>\n\n\r\n    <\/div>\r\n<\/section>","protected":false},"excerpt":{"rendered":"","protected":false},"author":1,"featured_media":0,"parent":0,"menu_order":0,"comment_status":"closed","ping_status":"closed","template":"","meta":{"_acf_changed":false,"footnotes":""},"sujet":[],"class_list":["post-1443","page","type-page","status-publish","hentry"],"acf":[],"yoast_head":"<!-- This site is optimized with the Yoast SEO plugin v25.3 - https:\/\/yoast.com\/wordpress\/plugins\/seo\/ -->\n<title>Wie komme ich zum Campingplatz? | Zum Campingplatz | Kontakt, Anfahrt<\/title>\n<meta name=\"robots\" content=\"index, follow, max-snippet:-1, max-image-preview:large, max-video-preview:-1\" \/>\n<link rel=\"canonical\" href=\"https:\/\/www.camping-bellavista.com\/de\/kontakt-zugang\/\" \/>\n<meta property=\"og:locale\" content=\"de_DE\" \/>\n<meta property=\"og:type\" content=\"article\" \/>\n<meta property=\"og:title\" content=\"Wie komme ich zum Campingplatz? | Zum Campingplatz | Kontakt, Anfahrt\" \/>\n<meta property=\"og:url\" content=\"https:\/\/www.camping-bellavista.com\/de\/kontakt-zugang\/\" \/>\n<meta property=\"og:site_name\" content=\"Camping Bella Vista\" \/>\n<meta property=\"article:modified_time\" content=\"2021-12-15T09:55:53+00:00\" \/>\n<meta name=\"twitter:card\" content=\"summary_large_image\" \/>\n<meta name=\"twitter:label1\" content=\"Gesch\u00e4tzte Lesezeit\" \/>\n\t<meta name=\"twitter:data1\" content=\"1\u00a0Minute\" \/>\n<script type=\"application\/ld+json\" class=\"yoast-schema-graph\">{\"@context\":\"https:\/\/schema.org\",\"@graph\":[{\"@type\":\"WebPage\",\"@id\":\"https:\/\/www.camping-bellavista.com\/de\/kontakt-zugang\/\",\"url\":\"https:\/\/www.camping-bellavista.com\/de\/kontakt-zugang\/\",\"name\":\"Wie komme ich zum Campingplatz? | Zum Campingplatz | Kontakt, Anfahrt\",\"isPartOf\":{\"@id\":\"https:\/\/www.camping-bellavista.com\/de\/#website\"},\"datePublished\":\"2021-10-15T09:31:56+00:00\",\"dateModified\":\"2021-12-15T09:55:53+00:00\",\"breadcrumb\":{\"@id\":\"https:\/\/www.camping-bellavista.com\/de\/kontakt-zugang\/#breadcrumb\"},\"inLanguage\":\"de\",\"potentialAction\":[{\"@type\":\"ReadAction\",\"target\":[\"https:\/\/www.camping-bellavista.com\/de\/kontakt-zugang\/\"]}]},{\"@type\":\"BreadcrumbList\",\"@id\":\"https:\/\/www.camping-bellavista.com\/de\/kontakt-zugang\/#breadcrumb\",\"itemListElement\":[{\"@type\":\"ListItem\",\"position\":1,\"name\":\"Campingplatz Korsika\",\"item\":\"https:\/\/www.camping-bellavista.com\/de\/\"},{\"@type\":\"ListItem\",\"position\":2,\"name\":\"Kontakt und Zugang\"}]},{\"@type\":\"WebSite\",\"@id\":\"https:\/\/www.camping-bellavista.com\/de\/#website\",\"url\":\"https:\/\/www.camping-bellavista.com\/de\/\",\"name\":\"Camping Bella Vista\",\"description\":\"\",\"publisher\":{\"@id\":\"https:\/\/www.camping-bellavista.com\/de\/#organization\"},\"potentialAction\":[{\"@type\":\"SearchAction\",\"target\":{\"@type\":\"EntryPoint\",\"urlTemplate\":\"https:\/\/www.camping-bellavista.com\/de\/?s={search_term_string}\"},\"query-input\":{\"@type\":\"PropertyValueSpecification\",\"valueRequired\":true,\"valueName\":\"search_term_string\"}}],\"inLanguage\":\"de\"},{\"@type\":\"Organization\",\"@id\":\"https:\/\/www.camping-bellavista.com\/de\/#organization\",\"name\":\"Camping Bellavista\",\"url\":\"https:\/\/www.camping-bellavista.com\/de\/\",\"logo\":{\"@type\":\"ImageObject\",\"inLanguage\":\"de\",\"@id\":\"https:\/\/www.camping-bellavista.com\/de\/#\/schema\/logo\/image\/\",\"url\":\"https:\/\/www.camping-bellavista.com\/wp-content\/uploads\/2021\/12\/logo-bella-vista.png\",\"contentUrl\":\"https:\/\/www.camping-bellavista.com\/wp-content\/uploads\/2021\/12\/logo-bella-vista.png\",\"width\":512,\"height\":512,\"caption\":\"Camping Bellavista\"},\"image\":{\"@id\":\"https:\/\/www.camping-bellavista.com\/de\/#\/schema\/logo\/image\/\"}}]}<\/script>\n<!-- \/ Yoast SEO plugin. -->","yoast_head_json":{"title":"Wie komme ich zum Campingplatz? | Zum Campingplatz | Kontakt, Anfahrt","robots":{"index":"index","follow":"follow","max-snippet":"max-snippet:-1","max-image-preview":"max-image-preview:large","max-video-preview":"max-video-preview:-1"},"canonical":"https:\/\/www.camping-bellavista.com\/de\/kontakt-zugang\/","og_locale":"de_DE","og_type":"article","og_title":"Wie komme ich zum Campingplatz? | Zum Campingplatz | Kontakt, Anfahrt","og_url":"https:\/\/www.camping-bellavista.com\/de\/kontakt-zugang\/","og_site_name":"Camping Bella Vista","article_modified_time":"2021-12-15T09:55:53+00:00","twitter_card":"summary_large_image","twitter_misc":{"Gesch\u00e4tzte Lesezeit":"1\u00a0Minute"},"schema":{"@context":"https:\/\/schema.org","@graph":[{"@type":"WebPage","@id":"https:\/\/www.camping-bellavista.com\/de\/kontakt-zugang\/","url":"https:\/\/www.camping-bellavista.com\/de\/kontakt-zugang\/","name":"Wie komme ich zum Campingplatz? | Zum Campingplatz | Kontakt, Anfahrt","isPartOf":{"@id":"https:\/\/www.camping-bellavista.com\/de\/#website"},"datePublished":"2021-10-15T09:31:56+00:00","dateModified":"2021-12-15T09:55:53+00:00","breadcrumb":{"@id":"https:\/\/www.camping-bellavista.com\/de\/kontakt-zugang\/#breadcrumb"},"inLanguage":"de","potentialAction":[{"@type":"ReadAction","target":["https:\/\/www.camping-bellavista.com\/de\/kontakt-zugang\/"]}]},{"@type":"BreadcrumbList","@id":"https:\/\/www.camping-bellavista.com\/de\/kontakt-zugang\/#breadcrumb","itemListElement":[{"@type":"ListItem","position":1,"name":"Campingplatz Korsika","item":"https:\/\/www.camping-bellavista.com\/de\/"},{"@type":"ListItem","position":2,"name":"Kontakt und Zugang"}]},{"@type":"WebSite","@id":"https:\/\/www.camping-bellavista.com\/de\/#website","url":"https:\/\/www.camping-bellavista.com\/de\/","name":"Camping Bella Vista","description":"","publisher":{"@id":"https:\/\/www.camping-bellavista.com\/de\/#organization"},"potentialAction":[{"@type":"SearchAction","target":{"@type":"EntryPoint","urlTemplate":"https:\/\/www.camping-bellavista.com\/de\/?s={search_term_string}"},"query-input":{"@type":"PropertyValueSpecification","valueRequired":true,"valueName":"search_term_string"}}],"inLanguage":"de"},{"@type":"Organization","@id":"https:\/\/www.camping-bellavista.com\/de\/#organization","name":"Camping Bellavista","url":"https:\/\/www.camping-bellavista.com\/de\/","logo":{"@type":"ImageObject","inLanguage":"de","@id":"https:\/\/www.camping-bellavista.com\/de\/#\/schema\/logo\/image\/","url":"https:\/\/www.camping-bellavista.com\/wp-content\/uploads\/2021\/12\/logo-bella-vista.png","contentUrl":"https:\/\/www.camping-bellavista.com\/wp-content\/uploads\/2021\/12\/logo-bella-vista.png","width":512,"height":512,"caption":"Camping Bellavista"},"image":{"@id":"https:\/\/www.camping-bellavista.com\/de\/#\/schema\/logo\/image\/"}}]}},"_links":{"self":[{"href":"https:\/\/www.camping-bellavista.com\/de\/wp-json\/wp\/v2\/pages\/1443"}],"collection":[{"href":"https:\/\/www.camping-bellavista.com\/de\/wp-json\/wp\/v2\/pages"}],"about":[{"href":"https:\/\/www.camping-bellavista.com\/de\/wp-json\/wp\/v2\/types\/page"}],"author":[{"embeddable":true,"href":"https:\/\/www.camping-bellavista.com\/de\/wp-json\/wp\/v2\/users\/1"}],"replies":[{"embeddable":true,"href":"https:\/\/www.camping-bellavista.com\/de\/wp-json\/wp\/v2\/comments?post=1443"}],"version-history":[{"count":4,"href":"https:\/\/www.camping-bellavista.com\/de\/wp-json\/wp\/v2\/pages\/1443\/revisions"}],"predecessor-version":[{"id":1450,"href":"https:\/\/www.camping-bellavista.com\/de\/wp-json\/wp\/v2\/pages\/1443\/revisions\/1450"}],"wp:attachment":[{"href":"https:\/\/www.camping-bellavista.com\/de\/wp-json\/wp\/v2\/media?parent=1443"}],"wp:term":[{"taxonomy":"sujet","embeddable":true,"href":"https:\/\/www.camping-bellavista.com\/de\/wp-json\/wp\/v2\/sujet?post=1443"}],"curies":[{"name":"wp","href":"https:\/\/api.w.org\/{rel}","templated":true}]}}