{"id":2127,"date":"2021-10-15T11:15:06","date_gmt":"2021-10-15T09:15:06","guid":{"rendered":"http:\/\/www.camping-bellavista.com\/mentions-legales\/"},"modified":"2021-12-22T15:36:12","modified_gmt":"2021-12-22T14:36:12","slug":"legal-notices","status":"publish","type":"page","link":"https:\/\/www.camping-bellavista.com\/en\/legal-notices\/","title":{"rendered":"Mentions l\u00e9gales"},"content":{"rendered":"<section id=\"ls-section-block_61967465597bb\" class=\"ls-section \" >\r\n        <div class=\"container container--wide\">\r\n        \n\n<h1 class=\"ls__heading has-text-align-center ls__heading-undefined wp-block-heading\">Legal information<\/h1>\n\n\n\n<h2 class=\"ls__heading ls__heading inline-title center wp-block-heading\">Publisher of the site<\/h2>\n\n\n\n<p class=\"ls-paragraph\">CAMPING Bella Vista<\/p>\n\n\n\n<p class=\"ls-paragraph\">Address : Route de Pietramaggiore 20260 Calvi<\/p>\n\n\n\n<p class=\"ls-paragraph\">Tel : 04 95 65 11 76<\/p>\n\n\n\n<p class=\"ls-paragraph\">Email :campingbellavista@orange.fr<\/p>\n\n\n\n<p class=\"ls-paragraph\">N\u00b0 Siret : 38954849600014<\/p>\n\n\n\n<p class=\"ls-paragraph\">Code APE : 5530Z<\/p>\n\n\n\n<h2 class=\"ls__heading ls__heading inline-title center wp-block-heading\">Production<\/h2>\n\n\n\n<p class=\"ls-paragraph\">Geek Tonic<\/p>\n\n\n\n<p class=\"ls-paragraph\">Represented by Mr. Yohan Darmayan in his capacity as Manager<\/p>\n\n\n\n<p class=\"ls-paragraph\">Head office : 1 ALL\u00c9E PIERRE LAT\u00c9CO\u00c8RE 64200 BIARRITZ<\/p>\n\n\n\n<p class=\"ls-paragraph\">Tel : +33 5 32 74 11 53<\/p>\n\n\n\n<p class=\"ls-paragraph\">E-mail : info@geek-tonic.com<\/p>\n\n\n\n<p class=\"ls-paragraph\">Website : https:\/\/www.geek-tonic.com\/<\/p>\n\n\n\n<p class=\"ls-paragraph\">SIRET : 89746755100015<\/p>\n\n\n\n<p class=\"ls-paragraph\">APE : 6201Z<\/p>\n\n\n\n<h2 class=\"ls__heading ls__heading inline-title center wp-block-heading\">Copyrights and author&#8217;s rights<\/h2>\n\n\n\n<p class=\"ls-paragraph\">The entire content of this site is subject to copyright and intellectual property of French legislation. Any reproduction (including photos, icons and downloadable documents) is prohibited without prior consent of Geek Tonic. The reproduction on an electronic medium of all or part of the site on a paper or electronic format is prohibited. Geek Tonic declines any responsibility for the content of the website. Geek Tonic also declines any responsibility for external links pointing to this site.<\/p>\n\n\n\n<h2 class=\"ls__heading ls__heading inline-title center wp-block-heading\">Personal data and nominative information<\/h2>\n\n\n\n<p class=\"ls-paragraph\">You have the right to access, modify, rectify and delete data concerning you in accordance with Article 34 of the French Data Protection Act (Loi &#8221; Informatique et Libert\u00e9s &#8221; n\u00b0 78-17 of 6 January 1978, modified on 6 August 2004). To exercise this right of access, you can make a written request to the site editor.<\/p>\n\n\n\n<h2 class=\"ls__heading ls__heading inline-title center wp-block-heading\">Legislation<\/h2>\n\n\n\n<p class=\"ls-paragraph\">According to the law of March 11, 1957 (art. 41) and the code of intellectual property of July 1, 1992, it is forbidden to reproduce partially or totally any part of the site without prior authorization of the site editor. The logos, visuals, photos, videos, graphic charts, texts are the property of their respective holders. This site may, without its knowledge, have been linked to other sites through hypermedia links. The editor of the site declines any responsibility for the information presented on these other sites. The Internet user acknowledges that the use of this site is governed by French law.<\/p>\n\n\r\n    <\/div>\r\n<\/section>","protected":false},"excerpt":{"rendered":"","protected":false},"author":1,"featured_media":0,"parent":0,"menu_order":0,"comment_status":"closed","ping_status":"closed","template":"","meta":{"_acf_changed":false,"footnotes":""},"sujet":[],"class_list":["post-2127","page","type-page","status-publish","hentry"],"acf":[],"yoast_head":"<!-- This site is optimized with the Yoast SEO plugin v25.3 - https:\/\/yoast.com\/wordpress\/plugins\/seo\/ -->\n<title>Legal notice - Camping Bella Vista<\/title>\n<meta name=\"robots\" content=\"noindex, nofollow\" \/>\n<meta property=\"og:locale\" content=\"en_US\" \/>\n<meta property=\"og:type\" content=\"article\" \/>\n<meta property=\"og:title\" content=\"Legal notice - Camping Bella Vista\" \/>\n<meta property=\"og:url\" content=\"https:\/\/www.camping-bellavista.com\/en\/legal-notices\/\" \/>\n<meta property=\"og:site_name\" content=\"Camping Bella Vista\" \/>\n<meta property=\"article:modified_time\" content=\"2021-12-22T14:36:12+00:00\" \/>\n<meta name=\"twitter:card\" content=\"summary_large_image\" \/>\n<meta name=\"twitter:label1\" content=\"Est. reading time\" \/>\n\t<meta name=\"twitter:data1\" content=\"2 minutes\" \/>\n<script type=\"application\/ld+json\" class=\"yoast-schema-graph\">{\"@context\":\"https:\/\/schema.org\",\"@graph\":[{\"@type\":\"WebPage\",\"@id\":\"https:\/\/www.camping-bellavista.com\/en\/legal-notices\/\",\"url\":\"https:\/\/www.camping-bellavista.com\/en\/legal-notices\/\",\"name\":\"Legal notice - Camping Bella Vista\",\"isPartOf\":{\"@id\":\"https:\/\/www.camping-bellavista.com\/en\/#website\"},\"datePublished\":\"2021-10-15T09:15:06+00:00\",\"dateModified\":\"2021-12-22T14:36:12+00:00\",\"breadcrumb\":{\"@id\":\"https:\/\/www.camping-bellavista.com\/en\/legal-notices\/#breadcrumb\"},\"inLanguage\":\"en-US\",\"potentialAction\":[{\"@type\":\"ReadAction\",\"target\":[\"https:\/\/www.camping-bellavista.com\/en\/legal-notices\/\"]}]},{\"@type\":\"BreadcrumbList\",\"@id\":\"https:\/\/www.camping-bellavista.com\/en\/legal-notices\/#breadcrumb\",\"itemListElement\":[{\"@type\":\"ListItem\",\"position\":1,\"name\":\"Campsite Corse\",\"item\":\"https:\/\/www.camping-bellavista.com\/en\/\"},{\"@type\":\"ListItem\",\"position\":2,\"name\":\"legal notices\"}]},{\"@type\":\"WebSite\",\"@id\":\"https:\/\/www.camping-bellavista.com\/en\/#website\",\"url\":\"https:\/\/www.camping-bellavista.com\/en\/\",\"name\":\"Camping Bella Vista\",\"description\":\"\",\"publisher\":{\"@id\":\"https:\/\/www.camping-bellavista.com\/en\/#organization\"},\"potentialAction\":[{\"@type\":\"SearchAction\",\"target\":{\"@type\":\"EntryPoint\",\"urlTemplate\":\"https:\/\/www.camping-bellavista.com\/en\/?s={search_term_string}\"},\"query-input\":{\"@type\":\"PropertyValueSpecification\",\"valueRequired\":true,\"valueName\":\"search_term_string\"}}],\"inLanguage\":\"en-US\"},{\"@type\":\"Organization\",\"@id\":\"https:\/\/www.camping-bellavista.com\/en\/#organization\",\"name\":\"Camping Bellavista\",\"url\":\"https:\/\/www.camping-bellavista.com\/en\/\",\"logo\":{\"@type\":\"ImageObject\",\"inLanguage\":\"en-US\",\"@id\":\"https:\/\/www.camping-bellavista.com\/en\/#\/schema\/logo\/image\/\",\"url\":\"https:\/\/www.camping-bellavista.com\/wp-content\/uploads\/2021\/12\/logo-bella-vista.png\",\"contentUrl\":\"https:\/\/www.camping-bellavista.com\/wp-content\/uploads\/2021\/12\/logo-bella-vista.png\",\"width\":512,\"height\":512,\"caption\":\"Camping Bellavista\"},\"image\":{\"@id\":\"https:\/\/www.camping-bellavista.com\/en\/#\/schema\/logo\/image\/\"}}]}<\/script>\n<!-- \/ Yoast SEO plugin. -->","yoast_head_json":{"title":"Legal notice - Camping Bella Vista","robots":{"index":"noindex","follow":"nofollow"},"og_locale":"en_US","og_type":"article","og_title":"Legal notice - Camping Bella Vista","og_url":"https:\/\/www.camping-bellavista.com\/en\/legal-notices\/","og_site_name":"Camping Bella Vista","article_modified_time":"2021-12-22T14:36:12+00:00","twitter_card":"summary_large_image","twitter_misc":{"Est. reading time":"2 minutes"},"schema":{"@context":"https:\/\/schema.org","@graph":[{"@type":"WebPage","@id":"https:\/\/www.camping-bellavista.com\/en\/legal-notices\/","url":"https:\/\/www.camping-bellavista.com\/en\/legal-notices\/","name":"Legal notice - Camping Bella Vista","isPartOf":{"@id":"https:\/\/www.camping-bellavista.com\/en\/#website"},"datePublished":"2021-10-15T09:15:06+00:00","dateModified":"2021-12-22T14:36:12+00:00","breadcrumb":{"@id":"https:\/\/www.camping-bellavista.com\/en\/legal-notices\/#breadcrumb"},"inLanguage":"en-US","potentialAction":[{"@type":"ReadAction","target":["https:\/\/www.camping-bellavista.com\/en\/legal-notices\/"]}]},{"@type":"BreadcrumbList","@id":"https:\/\/www.camping-bellavista.com\/en\/legal-notices\/#breadcrumb","itemListElement":[{"@type":"ListItem","position":1,"name":"Campsite Corse","item":"https:\/\/www.camping-bellavista.com\/en\/"},{"@type":"ListItem","position":2,"name":"legal notices"}]},{"@type":"WebSite","@id":"https:\/\/www.camping-bellavista.com\/en\/#website","url":"https:\/\/www.camping-bellavista.com\/en\/","name":"Camping Bella Vista","description":"","publisher":{"@id":"https:\/\/www.camping-bellavista.com\/en\/#organization"},"potentialAction":[{"@type":"SearchAction","target":{"@type":"EntryPoint","urlTemplate":"https:\/\/www.camping-bellavista.com\/en\/?s={search_term_string}"},"query-input":{"@type":"PropertyValueSpecification","valueRequired":true,"valueName":"search_term_string"}}],"inLanguage":"en-US"},{"@type":"Organization","@id":"https:\/\/www.camping-bellavista.com\/en\/#organization","name":"Camping Bellavista","url":"https:\/\/www.camping-bellavista.com\/en\/","logo":{"@type":"ImageObject","inLanguage":"en-US","@id":"https:\/\/www.camping-bellavista.com\/en\/#\/schema\/logo\/image\/","url":"https:\/\/www.camping-bellavista.com\/wp-content\/uploads\/2021\/12\/logo-bella-vista.png","contentUrl":"https:\/\/www.camping-bellavista.com\/wp-content\/uploads\/2021\/12\/logo-bella-vista.png","width":512,"height":512,"caption":"Camping Bellavista"},"image":{"@id":"https:\/\/www.camping-bellavista.com\/en\/#\/schema\/logo\/image\/"}}]}},"_links":{"self":[{"href":"https:\/\/www.camping-bellavista.com\/en\/wp-json\/wp\/v2\/pages\/2127"}],"collection":[{"href":"https:\/\/www.camping-bellavista.com\/en\/wp-json\/wp\/v2\/pages"}],"about":[{"href":"https:\/\/www.camping-bellavista.com\/en\/wp-json\/wp\/v2\/types\/page"}],"author":[{"embeddable":true,"href":"https:\/\/www.camping-bellavista.com\/en\/wp-json\/wp\/v2\/users\/1"}],"replies":[{"embeddable":true,"href":"https:\/\/www.camping-bellavista.com\/en\/wp-json\/wp\/v2\/comments?post=2127"}],"version-history":[{"count":3,"href":"https:\/\/www.camping-bellavista.com\/en\/wp-json\/wp\/v2\/pages\/2127\/revisions"}],"predecessor-version":[{"id":2133,"href":"https:\/\/www.camping-bellavista.com\/en\/wp-json\/wp\/v2\/pages\/2127\/revisions\/2133"}],"wp:attachment":[{"href":"https:\/\/www.camping-bellavista.com\/en\/wp-json\/wp\/v2\/media?parent=2127"}],"wp:term":[{"taxonomy":"sujet","embeddable":true,"href":"https:\/\/www.camping-bellavista.com\/en\/wp-json\/wp\/v2\/sujet?post=2127"}],"curies":[{"name":"wp","href":"https:\/\/api.w.org\/{rel}","templated":true}]}}