{"id":1574,"date":"2021-10-15T11:30:03","date_gmt":"2021-10-15T09:30:03","guid":{"rendered":"http:\/\/www.camping-bellavista.com\/camping-familial-calvi\/"},"modified":"2024-12-06T09:37:07","modified_gmt":"2024-12-06T08:37:07","slug":"campeggio-per-famiglie-calvi","status":"publish","type":"page","link":"https:\/\/www.camping-bellavista.com\/it\/campeggio-per-famiglie-calvi\/","title":{"rendered":"Services"},"content":{"rendered":"<section id=\"ls-section-block_25db295c172db38764e277e4a1d227c1\" class=\"ls-section  section-mobile has-m-b m-b-0 has-p-b p-b-0\" >\r\n        <div class=\"container \">\r\n        \n\n<h1 class=\"ls__heading wp-block-heading has-text-align-center has-color-2-color has-text-color\">Servizi a 3 stelle a Calvi<\/h1>\n\n\n\n<p class=\"ls-paragraph has-text-align-center\">Immerso in un parco di quasi 6 ettari, il campeggio Bella Vista di Calvi vi offre numerosi servizi in un&#8217;atmosfera familiare e amichevole.<\/p>\n\n\r\n    <\/div>\r\n<\/section>\n\n<section id=\"ls-section-block_476deaf729a030d0312823979b0d8df1\" class=\"ls-section  section-mobile has-m-t m-t-0\" >\r\n        <div class=\"container container--wide\">\r\n        \n\n<div class=\"wp-block-columns are-vertically-aligned-center is-layout-flex wp-container-core-columns-is-layout-1 wp-block-columns-is-layout-flex\">\n<div class=\"wp-block-column is-vertically-aligned-center fancybox is-layout-flow wp-block-column-is-layout-flow\">\n<figure class=\"wp-block-image size-large\"><a href=\"https:\/\/www.camping-bellavista.com\/wp-content\/uploads\/2021\/12\/camping-3-etoiles-calvi.jpg\"><img decoding=\"async\" width=\"1200\" height=\"800\" src=\"https:\/\/www.camping-bellavista.com\/wp-content\/uploads\/2021\/12\/camping-3-etoiles-calvi.jpg\" alt=\"camping 3 etoiles calvi\" class=\"wp-image-1575\" srcset=\"https:\/\/www.camping-bellavista.com\/wp-content\/uploads\/2021\/12\/camping-3-etoiles-calvi.jpg 1200w, https:\/\/www.camping-bellavista.com\/wp-content\/uploads\/2021\/12\/camping-3-etoiles-calvi-300x200.jpg 300w, https:\/\/www.camping-bellavista.com\/wp-content\/uploads\/2021\/12\/camping-3-etoiles-calvi-1024x683.jpg 1024w, https:\/\/www.camping-bellavista.com\/wp-content\/uploads\/2021\/12\/camping-3-etoiles-calvi-768x512.jpg 768w\" sizes=\"(max-width: 1200px) 100vw, 1200px\" \/><\/a><\/figure>\n<\/div>\n\n\n\n<div class=\"wp-block-column is-vertically-aligned-center is-layout-flow wp-block-column-is-layout-flow\">\n<h2 class=\"ls__heading wp-block-heading has-color-2-color has-text-color\">Il campo<\/h2>\n\n\n\n<p class=\"ls-paragraph\">Il campeggio Bella Vista a Calvi \u00e8 situato in una posizione eccezionale. A soli 700 metri dalla spiaggia e a 900 metri dal porto turistico, avrete un facile accesso alla bellissima baia di Calvi.<\/p>\n\n\n\n<p class=\"ls-paragraph\">In un parco con pini ed eucalipti, ci sono 22 chalet, 6 case mobili e 123 piazzole nude.<\/p>\n\n\n\n<p class=\"ls-paragraph\">Potrete approfittare dei servizi igienici recenti, accessibili ai disabili, di un fasciatoio per i neonati e di aree per i bambini.<\/p>\n<\/div>\n<\/div>\n\n\r\n    <\/div>\r\n<\/section>\n\n<section id=\"ls-section-block_bda40c932f378c0da76421af65363911\" class=\"ls-section  has-background-image has-parallax has-background has-color-black-background-color has-p-t p-t-16 has-p-b p-b-16\" >\r\n    <div class=\"ls-section__background-image opacity-60\"><img decoding=\"async\" src=\"https:\/\/www.camping-bellavista.com\/wp-content\/uploads\/2021\/12\/bar-snack-calvi.jpg\" alt=\"bar snack calvi\"><\/div>    <div class=\"container \">\r\n        \n\n<h2 class=\"ls__heading wp-block-heading has-text-align-center m-t-0 m-b-0 has-color-white-color has-text-color\" id=\"snack-bar\">Lo snack bar<\/h2>\n\n\n\n<p class=\"ls-paragraph has-text-align-center has-color-white-color has-text-color\">Un servizio di ristorante \u00e8 aperto tutti i giorni in alta stagione per snack da gustare su una terrazza ombreggiata. Godetevi il pranzo, la cena o un aperitivo!\u00a0<\/p>\n\n\n\n<h2 class=\"ls__heading wp-block-heading has-text-align-center m-t-0 m-b-0 has-color-white-color has-text-color\" id=\"laverie\">Lavanderia a gettoni<\/h2>\n\n\n\n<p class=\"ls-paragraph has-text-align-center m-t-0 m-b-0 has-color-white-color has-text-color\">Il campeggio Bella Vista a Calvi dispone di due lavatrici a gettoni disponibili 24 ore su 24.<\/p>\n\n\r\n    <\/div>\r\n<\/section>\n\n<section id=\"ls-section-block_ea961e3f1d4c92c114012e4b16684c7b\" class=\"ls-section  section-mobile has-p-b p-b-6\" >\r\n        <div class=\"container container--wide\">\r\n        \n\n<div class=\"wp-block-columns are-vertically-aligned-center is-layout-flex wp-container-core-columns-is-layout-3 wp-block-columns-is-layout-flex\">\n<div class=\"wp-block-column is-vertically-aligned-center is-layout-flow wp-block-column-is-layout-flow\">\n<h2 class=\"ls__heading wp-block-heading has-color-2-color has-text-color\" id=\"aire-services\">L&#8217;area di servizio<\/h2>\n\n\n\n<p class=\"ls-paragraph\">I camper possono fare il pieno d&#8217;acqua e svuotare le loro acque di scarico in un terminale a rel\u00e8 euro disponibile in ogni momento.&nbsp;<\/p>\n\n\n\n<h2 class=\"ls__heading wp-block-heading has-color-2-color has-text-color\" id=\"wifi\">Wifi<\/h2>\n\n\n\n<p class=\"ls-paragraph\">Per soddisfare un numero massimo di visitatori, la reception e lo snack bar sono dotati di accesso wifi gratuito.<\/p>\n\n\n\n<h2 class=\"ls__heading wp-block-heading has-color-2-color has-text-color\" id=\"superette\">Il mini-mercato<\/h2>\n\n\n\n<p class=\"ls-paragraph\">Per soddisfare le vostre esigenze e facilitare le vostre vacanze, il campeggio offre un negozio di pane, croissant e pains au chocolat. Il mini-market ha anche generi di prima necessit\u00e0, prodotti regionali della Corsica, ecc.<\/p>\n<\/div>\n\n\n\n<div class=\"wp-block-column is-vertically-aligned-center fancybox is-layout-flow wp-block-column-is-layout-flow\">\n<div class=\"wp-block-columns is-layout-flex wp-container-core-columns-is-layout-2 wp-block-columns-is-layout-flex\">\n<div class=\"wp-block-column is-layout-flow wp-block-column-is-layout-flow\">\n<figure class=\"wp-block-image size-large\"><a href=\"https:\/\/www.camping-bellavista.com\/wp-content\/uploads\/2021\/12\/camping-aire-de-vidange-calvi.jpg\"><img decoding=\"async\" width=\"1200\" height=\"800\" src=\"https:\/\/www.camping-bellavista.com\/wp-content\/uploads\/2021\/12\/camping-aire-de-vidange-calvi.jpg\" alt=\"camping aire de vidange calvi\" class=\"wp-image-1805\" srcset=\"https:\/\/www.camping-bellavista.com\/wp-content\/uploads\/2021\/12\/camping-aire-de-vidange-calvi.jpg 1200w, https:\/\/www.camping-bellavista.com\/wp-content\/uploads\/2021\/12\/camping-aire-de-vidange-calvi-300x200.jpg 300w, https:\/\/www.camping-bellavista.com\/wp-content\/uploads\/2021\/12\/camping-aire-de-vidange-calvi-1024x683.jpg 1024w, https:\/\/www.camping-bellavista.com\/wp-content\/uploads\/2021\/12\/camping-aire-de-vidange-calvi-768x512.jpg 768w\" sizes=\"(max-width: 1200px) 100vw, 1200px\" \/><\/a><\/figure>\n<\/div>\n\n\n\n<div class=\"wp-block-column is-layout-flow wp-block-column-is-layout-flow\">\n<figure class=\"wp-block-image size-large\"><a href=\"https:\/\/www.camping-bellavista.com\/wp-content\/uploads\/2021\/12\/camping-3-etoiles-balagne.jpg\"><img decoding=\"async\" width=\"1200\" height=\"800\" src=\"https:\/\/www.camping-bellavista.com\/wp-content\/uploads\/2021\/12\/camping-3-etoiles-balagne.jpg\" alt=\"camping 3 etoiles balagne\" class=\"wp-image-1808\" srcset=\"https:\/\/www.camping-bellavista.com\/wp-content\/uploads\/2021\/12\/camping-3-etoiles-balagne.jpg 1200w, https:\/\/www.camping-bellavista.com\/wp-content\/uploads\/2021\/12\/camping-3-etoiles-balagne-300x200.jpg 300w, https:\/\/www.camping-bellavista.com\/wp-content\/uploads\/2021\/12\/camping-3-etoiles-balagne-1024x683.jpg 1024w, https:\/\/www.camping-bellavista.com\/wp-content\/uploads\/2021\/12\/camping-3-etoiles-balagne-768x512.jpg 768w\" sizes=\"(max-width: 1200px) 100vw, 1200px\" \/><\/a><\/figure>\n<\/div>\n<\/div>\n\n\n\n<figure class=\"wp-block-image size-large\"><a href=\"https:\/\/www.camping-bellavista.com\/wp-content\/uploads\/2021\/12\/camping-vente-produit-locaux-corse.jpg\"><img decoding=\"async\" width=\"1200\" height=\"800\" src=\"https:\/\/www.camping-bellavista.com\/wp-content\/uploads\/2021\/12\/camping-vente-produit-locaux-corse.jpg\" alt=\"camping vente produits locaux corse\" class=\"wp-image-1811\" srcset=\"https:\/\/www.camping-bellavista.com\/wp-content\/uploads\/2021\/12\/camping-vente-produit-locaux-corse.jpg 1200w, https:\/\/www.camping-bellavista.com\/wp-content\/uploads\/2021\/12\/camping-vente-produit-locaux-corse-300x200.jpg 300w, https:\/\/www.camping-bellavista.com\/wp-content\/uploads\/2021\/12\/camping-vente-produit-locaux-corse-1024x683.jpg 1024w, https:\/\/www.camping-bellavista.com\/wp-content\/uploads\/2021\/12\/camping-vente-produit-locaux-corse-768x512.jpg 768w\" sizes=\"(max-width: 1200px) 100vw, 1200px\" \/><\/a><\/figure>\n<\/div>\n<\/div>\n\n\r\n    <\/div>\r\n<\/section>\n\n<section id=\"ls-section-block_75ffd63b2c683d71c4ff8c7ac5a6cfaf\" class=\"ls-section  has-background-image has-parallax has-background has-color-black-background-color has-m-b m-b-4 has-p-t p-t-16 has-p-b p-b-16\" >\r\n    <div class=\"ls-section__background-image opacity-77\"><img decoding=\"async\" src=\"https:\/\/www.camping-bellavista.com\/wp-content\/uploads\/2021\/12\/camping-bord-de-mer-calvi.jpg\" alt=\"camping-bord-de-mer-calvi\"><\/div>    <div class=\"container container--wide\">\r\n        \n\n<div class=\"wp-block-columns is-layout-flex wp-container-core-columns-is-layout-4 wp-block-columns-is-layout-flex\">\n<div class=\"wp-block-column is-layout-flow wp-block-column-is-layout-flow\">\n<h2 class=\"ls__heading wp-block-heading has-text-align-center\" id=\"loisirs\"><span style=\"color:#fff\" class=\"tadv-color\">Attivit\u00e0 per il tempo libero<\/span><\/h2>\n\n\n\n<p class=\"ls-paragraph has-text-align-center\"><span style=\"color:#fff\" class=\"tadv-color\">Godetevi molte attivit\u00e0 nel campeggio o nei dintorni: la spiaggia di sabbia fine, il porto turistico e tutte le attivit\u00e0 offerte nella baia di Calvi: jet-ski, pedal\u00f2, pesca a mosca, boe, ecc.<\/span><\/p>\n<\/div>\n\n\n\n<div class=\"wp-block-column is-layout-flow wp-block-column-is-layout-flow\">\n<h2 class=\"ls__heading wp-block-heading has-text-align-center\" id=\"gardiennage\"><span style=\"color:#fff\" class=\"tadv-color\">Sorvegliare il campeggio<\/span><\/h2>\n\n\n\n<p class=\"ls-paragraph has-text-align-center\"><span style=\"color:#fff\" class=\"tadv-color\">Durante l&#8217;alta stagione, un guardiano notturno sorveglia le entrate del campeggio per la vostra sicurezza. A seconda delle vostre esigenze, il parcheggio \u00e8 disponibile all&#8217;interno del campeggio.<\/span><\/p>\n<\/div>\n<\/div>\n\n\r\n    <\/div>\r\n<\/section>\n\n<section id=\"ls-section-block_f9af63f7e7a1687503618e2e42e1f141\" class=\"ls-section  has-p-t p-t-1\" >\r\n        <div class=\"container container--wide\">\r\n        \n\n<p class=\"ls-paragraph ls__heading has-text-align-center has-large-font-size\">Scopri gli altri servizi del campeggio<\/p>\n\n\n\n<div class=\"wp-block-columns is-layout-flex wp-container-core-columns-is-layout-5 wp-block-columns-is-layout-flex\">\n<div class=\"wp-block-column is-layout-flow wp-block-column-is-layout-flow\">\r\n<div id=\"ls-cta-block_24cffdac1e9e3e8abaf92c4f74494d50\" class=\"ls-cta\">  \r\n    \r\n\r\n<a href=\"http:\/\/www.camping-bellavista.com\/location-mobil-home-calvi\/\" target=\"\" rel=\"noopener\" class=\"ls-cta__link\">\r\n\r\n\t<div class=\"ls-cta__image\"><img decoding=\"async\" src=\"https:\/\/www.camping-bellavista.com\/wp-content\/uploads\/2021\/12\/camping-location-mobil-home-calvi.jpg\" alt=\"camping location mobil home calvi1\"><\/div>\r\n\t<div class=\"ls-cta__title\">\r\n\t\tLocation de mobil-home\t<\/div>\r\n\r\n\t\t\r\n<\/a><\/div><\/div>\n\n\n\n<div class=\"wp-block-column is-layout-flow wp-block-column-is-layout-flow\">\r\n<div id=\"ls-cta-block_c61e639f710fcf03b6a11184c6c50057\" class=\"ls-cta\">  \r\n    \r\n\r\n<a href=\"http:\/\/www.camping-bellavista.com\/activites-calvi\/\" target=\"\" rel=\"noopener\" class=\"ls-cta__link\">\r\n\r\n\t<div class=\"ls-cta__image\"><img decoding=\"async\" src=\"https:\/\/www.camping-bellavista.com\/wp-content\/uploads\/2021\/12\/camping-paddle-calvi-768x512.jpg\" alt=\"camping paddle calvi\"><\/div>\r\n\t<div class=\"ls-cta__title\">\r\n\t\tActivit\u00e9s \u00e0 Calvi\t<\/div>\r\n\r\n\t\t\r\n<\/a><\/div><\/div>\n\n\n\n<div class=\"wp-block-column is-layout-flow wp-block-column-is-layout-flow\">\r\n<div id=\"ls-cta-block_55157a3fe0746ab50fd6aa5766a2d34b\" class=\"ls-cta\">  \r\n    \r\n\r\n<a href=\"http:\/\/www.camping-bellavista.com\/camping-bord-de-mer-calvi\/\" target=\"\" rel=\"noopener\" class=\"ls-cta__link\">\r\n\r\n\t<div class=\"ls-cta__image\"><img decoding=\"async\" src=\"https:\/\/www.camping-bellavista.com\/wp-content\/uploads\/2021\/12\/camping-plage-balagne-768x512.jpg\" alt=\"camping plage balagne\"><\/div>\r\n\t<div class=\"ls-cta__title\">\r\n\t\tBord de mer\t<\/div>\r\n\r\n\t\t\r\n<\/a><\/div><\/div>\n<\/div>\n\n\r\n    <\/div>\r\n<\/section>","protected":false},"excerpt":{"rendered":"","protected":false},"author":1,"featured_media":1576,"parent":0,"menu_order":0,"comment_status":"closed","ping_status":"closed","template":"","meta":{"_acf_changed":false,"footnotes":""},"sujet":[],"class_list":["post-1574","page","type-page","status-publish","has-post-thumbnail","hentry"],"acf":[],"yoast_head":"<!-- This site is optimized with the Yoast SEO plugin v25.3 - https:\/\/yoast.com\/wordpress\/plugins\/seo\/ -->\n<title>Campeggio familiare Balagne | Snack bar Corsica | Supermercato a Calvi<\/title>\n<meta name=\"robots\" content=\"index, follow, max-snippet:-1, max-image-preview:large, max-video-preview:-1\" \/>\n<link rel=\"canonical\" href=\"https:\/\/www.camping-bellavista.com\/it\/campeggio-per-famiglie-calvi\/\" \/>\n<meta property=\"og:locale\" content=\"it_IT\" \/>\n<meta property=\"og:type\" content=\"article\" \/>\n<meta property=\"og:title\" content=\"Campeggio familiare Balagne | Snack bar Corsica | Supermercato a Calvi\" \/>\n<meta property=\"og:url\" content=\"https:\/\/www.camping-bellavista.com\/it\/campeggio-per-famiglie-calvi\/\" \/>\n<meta property=\"og:site_name\" content=\"Camping Bella Vista\" \/>\n<meta property=\"article:modified_time\" content=\"2024-12-06T08:37:07+00:00\" \/>\n<meta property=\"og:image\" content=\"https:\/\/www.camping-bellavista.com\/wp-content\/uploads\/2021\/12\/camping-3-etoiles-corse.jpg\" \/>\n\t<meta property=\"og:image:width\" content=\"1900\" \/>\n\t<meta property=\"og:image:height\" content=\"700\" \/>\n\t<meta property=\"og:image:type\" content=\"image\/jpeg\" \/>\n<meta name=\"twitter:card\" content=\"summary_large_image\" \/>\n<meta name=\"twitter:label1\" content=\"Tempo di lettura stimato\" \/>\n\t<meta name=\"twitter:data1\" content=\"3 minuti\" \/>\n<script type=\"application\/ld+json\" class=\"yoast-schema-graph\">{\"@context\":\"https:\/\/schema.org\",\"@graph\":[{\"@type\":\"WebPage\",\"@id\":\"https:\/\/www.camping-bellavista.com\/it\/campeggio-per-famiglie-calvi\/\",\"url\":\"https:\/\/www.camping-bellavista.com\/it\/campeggio-per-famiglie-calvi\/\",\"name\":\"Campeggio familiare Balagne | Snack bar Corsica | Supermercato a Calvi\",\"isPartOf\":{\"@id\":\"https:\/\/www.camping-bellavista.com\/it\/#website\"},\"primaryImageOfPage\":{\"@id\":\"https:\/\/www.camping-bellavista.com\/it\/campeggio-per-famiglie-calvi\/#primaryimage\"},\"image\":{\"@id\":\"https:\/\/www.camping-bellavista.com\/it\/campeggio-per-famiglie-calvi\/#primaryimage\"},\"thumbnailUrl\":\"https:\/\/www.camping-bellavista.com\/wp-content\/uploads\/2021\/12\/camping-3-etoiles-corse.jpg\",\"datePublished\":\"2021-10-15T09:30:03+00:00\",\"dateModified\":\"2024-12-06T08:37:07+00:00\",\"breadcrumb\":{\"@id\":\"https:\/\/www.camping-bellavista.com\/it\/campeggio-per-famiglie-calvi\/#breadcrumb\"},\"inLanguage\":\"it-IT\",\"potentialAction\":[{\"@type\":\"ReadAction\",\"target\":[\"https:\/\/www.camping-bellavista.com\/it\/campeggio-per-famiglie-calvi\/\"]}]},{\"@type\":\"ImageObject\",\"inLanguage\":\"it-IT\",\"@id\":\"https:\/\/www.camping-bellavista.com\/it\/campeggio-per-famiglie-calvi\/#primaryimage\",\"url\":\"https:\/\/www.camping-bellavista.com\/wp-content\/uploads\/2021\/12\/camping-3-etoiles-corse.jpg\",\"contentUrl\":\"https:\/\/www.camping-bellavista.com\/wp-content\/uploads\/2021\/12\/camping-3-etoiles-corse.jpg\",\"width\":1900,\"height\":700,\"caption\":\"camping 3 etoiles corse\"},{\"@type\":\"BreadcrumbList\",\"@id\":\"https:\/\/www.camping-bellavista.com\/it\/campeggio-per-famiglie-calvi\/#breadcrumb\",\"itemListElement\":[{\"@type\":\"ListItem\",\"position\":1,\"name\":\"Campeggio Corse\",\"item\":\"https:\/\/www.camping-bellavista.com\/it\/\"},{\"@type\":\"ListItem\",\"position\":2,\"name\":\"Campeggio per famiglie in Corsica\"}]},{\"@type\":\"WebSite\",\"@id\":\"https:\/\/www.camping-bellavista.com\/it\/#website\",\"url\":\"https:\/\/www.camping-bellavista.com\/it\/\",\"name\":\"Camping Bella Vista\",\"description\":\"\",\"publisher\":{\"@id\":\"https:\/\/www.camping-bellavista.com\/it\/#organization\"},\"potentialAction\":[{\"@type\":\"SearchAction\",\"target\":{\"@type\":\"EntryPoint\",\"urlTemplate\":\"https:\/\/www.camping-bellavista.com\/it\/?s={search_term_string}\"},\"query-input\":{\"@type\":\"PropertyValueSpecification\",\"valueRequired\":true,\"valueName\":\"search_term_string\"}}],\"inLanguage\":\"it-IT\"},{\"@type\":\"Organization\",\"@id\":\"https:\/\/www.camping-bellavista.com\/it\/#organization\",\"name\":\"Camping Bellavista\",\"url\":\"https:\/\/www.camping-bellavista.com\/it\/\",\"logo\":{\"@type\":\"ImageObject\",\"inLanguage\":\"it-IT\",\"@id\":\"https:\/\/www.camping-bellavista.com\/it\/#\/schema\/logo\/image\/\",\"url\":\"https:\/\/www.camping-bellavista.com\/wp-content\/uploads\/2021\/12\/logo-bella-vista.png\",\"contentUrl\":\"https:\/\/www.camping-bellavista.com\/wp-content\/uploads\/2021\/12\/logo-bella-vista.png\",\"width\":512,\"height\":512,\"caption\":\"Camping Bellavista\"},\"image\":{\"@id\":\"https:\/\/www.camping-bellavista.com\/it\/#\/schema\/logo\/image\/\"}}]}<\/script>\n<!-- \/ Yoast SEO plugin. -->","yoast_head_json":{"title":"Campeggio familiare Balagne | Snack bar Corsica | Supermercato a Calvi","robots":{"index":"index","follow":"follow","max-snippet":"max-snippet:-1","max-image-preview":"max-image-preview:large","max-video-preview":"max-video-preview:-1"},"canonical":"https:\/\/www.camping-bellavista.com\/it\/campeggio-per-famiglie-calvi\/","og_locale":"it_IT","og_type":"article","og_title":"Campeggio familiare Balagne | Snack bar Corsica | Supermercato a Calvi","og_url":"https:\/\/www.camping-bellavista.com\/it\/campeggio-per-famiglie-calvi\/","og_site_name":"Camping Bella Vista","article_modified_time":"2024-12-06T08:37:07+00:00","og_image":[{"width":1900,"height":700,"url":"https:\/\/www.camping-bellavista.com\/wp-content\/uploads\/2021\/12\/camping-3-etoiles-corse.jpg","type":"image\/jpeg"}],"twitter_card":"summary_large_image","twitter_misc":{"Tempo di lettura stimato":"3 minuti"},"schema":{"@context":"https:\/\/schema.org","@graph":[{"@type":"WebPage","@id":"https:\/\/www.camping-bellavista.com\/it\/campeggio-per-famiglie-calvi\/","url":"https:\/\/www.camping-bellavista.com\/it\/campeggio-per-famiglie-calvi\/","name":"Campeggio familiare Balagne | Snack bar Corsica | Supermercato a Calvi","isPartOf":{"@id":"https:\/\/www.camping-bellavista.com\/it\/#website"},"primaryImageOfPage":{"@id":"https:\/\/www.camping-bellavista.com\/it\/campeggio-per-famiglie-calvi\/#primaryimage"},"image":{"@id":"https:\/\/www.camping-bellavista.com\/it\/campeggio-per-famiglie-calvi\/#primaryimage"},"thumbnailUrl":"https:\/\/www.camping-bellavista.com\/wp-content\/uploads\/2021\/12\/camping-3-etoiles-corse.jpg","datePublished":"2021-10-15T09:30:03+00:00","dateModified":"2024-12-06T08:37:07+00:00","breadcrumb":{"@id":"https:\/\/www.camping-bellavista.com\/it\/campeggio-per-famiglie-calvi\/#breadcrumb"},"inLanguage":"it-IT","potentialAction":[{"@type":"ReadAction","target":["https:\/\/www.camping-bellavista.com\/it\/campeggio-per-famiglie-calvi\/"]}]},{"@type":"ImageObject","inLanguage":"it-IT","@id":"https:\/\/www.camping-bellavista.com\/it\/campeggio-per-famiglie-calvi\/#primaryimage","url":"https:\/\/www.camping-bellavista.com\/wp-content\/uploads\/2021\/12\/camping-3-etoiles-corse.jpg","contentUrl":"https:\/\/www.camping-bellavista.com\/wp-content\/uploads\/2021\/12\/camping-3-etoiles-corse.jpg","width":1900,"height":700,"caption":"camping 3 etoiles corse"},{"@type":"BreadcrumbList","@id":"https:\/\/www.camping-bellavista.com\/it\/campeggio-per-famiglie-calvi\/#breadcrumb","itemListElement":[{"@type":"ListItem","position":1,"name":"Campeggio Corse","item":"https:\/\/www.camping-bellavista.com\/it\/"},{"@type":"ListItem","position":2,"name":"Campeggio per famiglie in Corsica"}]},{"@type":"WebSite","@id":"https:\/\/www.camping-bellavista.com\/it\/#website","url":"https:\/\/www.camping-bellavista.com\/it\/","name":"Camping Bella Vista","description":"","publisher":{"@id":"https:\/\/www.camping-bellavista.com\/it\/#organization"},"potentialAction":[{"@type":"SearchAction","target":{"@type":"EntryPoint","urlTemplate":"https:\/\/www.camping-bellavista.com\/it\/?s={search_term_string}"},"query-input":{"@type":"PropertyValueSpecification","valueRequired":true,"valueName":"search_term_string"}}],"inLanguage":"it-IT"},{"@type":"Organization","@id":"https:\/\/www.camping-bellavista.com\/it\/#organization","name":"Camping Bellavista","url":"https:\/\/www.camping-bellavista.com\/it\/","logo":{"@type":"ImageObject","inLanguage":"it-IT","@id":"https:\/\/www.camping-bellavista.com\/it\/#\/schema\/logo\/image\/","url":"https:\/\/www.camping-bellavista.com\/wp-content\/uploads\/2021\/12\/logo-bella-vista.png","contentUrl":"https:\/\/www.camping-bellavista.com\/wp-content\/uploads\/2021\/12\/logo-bella-vista.png","width":512,"height":512,"caption":"Camping Bellavista"},"image":{"@id":"https:\/\/www.camping-bellavista.com\/it\/#\/schema\/logo\/image\/"}}]}},"_links":{"self":[{"href":"https:\/\/www.camping-bellavista.com\/it\/wp-json\/wp\/v2\/pages\/1574"}],"collection":[{"href":"https:\/\/www.camping-bellavista.com\/it\/wp-json\/wp\/v2\/pages"}],"about":[{"href":"https:\/\/www.camping-bellavista.com\/it\/wp-json\/wp\/v2\/types\/page"}],"author":[{"embeddable":true,"href":"https:\/\/www.camping-bellavista.com\/it\/wp-json\/wp\/v2\/users\/1"}],"replies":[{"embeddable":true,"href":"https:\/\/www.camping-bellavista.com\/it\/wp-json\/wp\/v2\/comments?post=1574"}],"version-history":[{"count":7,"href":"https:\/\/www.camping-bellavista.com\/it\/wp-json\/wp\/v2\/pages\/1574\/revisions"}],"predecessor-version":[{"id":31646,"href":"https:\/\/www.camping-bellavista.com\/it\/wp-json\/wp\/v2\/pages\/1574\/revisions\/31646"}],"wp:featuredmedia":[{"embeddable":true,"href":"https:\/\/www.camping-bellavista.com\/it\/wp-json\/wp\/v2\/media\/1576"}],"wp:attachment":[{"href":"https:\/\/www.camping-bellavista.com\/it\/wp-json\/wp\/v2\/media?parent=1574"}],"wp:term":[{"taxonomy":"sujet","embeddable":true,"href":"https:\/\/www.camping-bellavista.com\/it\/wp-json\/wp\/v2\/sujet?post=1574"}],"curies":[{"name":"wp","href":"https:\/\/api.w.org\/{rel}","templated":true}]}}