{"id":1610,"date":"2021-10-15T11:30:43","date_gmt":"2021-10-15T09:30:43","guid":{"rendered":"http:\/\/www.camping-bellavista.com\/camping-bord-de-mer-calvi\/"},"modified":"2021-12-15T12:16:38","modified_gmt":"2021-12-15T11:16:38","slug":"campeggio-sul-mare-calvi","status":"publish","type":"page","link":"https:\/\/www.camping-bellavista.com\/it\/campeggio-sul-mare-calvi\/","title":{"rendered":"Bord de mer"},"content":{"rendered":"<section id=\"ls-section-block_61ade23095e92\" class=\"ls-section \" >\r\n        <div class=\"container \">\r\n        \n\n<h1 class=\"ls__heading has-text-align-center has-color-2-color has-text-color wp-block-heading\">Campeggio sul mare a Calvi<\/h1>\n\n\r\n    <\/div>\r\n<\/section>\n\n<section id=\"ls-section-block_618e2e2e4264e\" class=\"ls-section  has-p-t p-t-0\" >\r\n        <div class=\"container container--wide\">\r\n        \n\n<div class=\"wp-block-columns are-vertically-aligned-center is-layout-flex wp-container-core-columns-is-layout-1 wp-block-columns-is-layout-flex\">\n<div class=\"wp-block-column is-vertically-aligned-center fancybox is-layout-flow wp-block-column-is-layout-flow\">\n<figure class=\"wp-block-image size-large\"><a href=\"https:\/\/www.camping-bellavista.com\/wp-content\/uploads\/2021\/12\/camping-plage-balagne.jpg\"><img decoding=\"async\" width=\"1200\" height=\"800\" src=\"https:\/\/www.camping-bellavista.com\/wp-content\/uploads\/2021\/12\/camping-plage-balagne.jpg\" alt=\"camping plage balagne\" class=\"wp-image-1615\" srcset=\"https:\/\/www.camping-bellavista.com\/wp-content\/uploads\/2021\/12\/camping-plage-balagne.jpg 1200w, https:\/\/www.camping-bellavista.com\/wp-content\/uploads\/2021\/12\/camping-plage-balagne-300x200.jpg 300w, https:\/\/www.camping-bellavista.com\/wp-content\/uploads\/2021\/12\/camping-plage-balagne-1024x683.jpg 1024w, https:\/\/www.camping-bellavista.com\/wp-content\/uploads\/2021\/12\/camping-plage-balagne-768x512.jpg 768w\" sizes=\"(max-width: 1200px) 100vw, 1200px\" \/><\/a><\/figure>\n<\/div>\n\n\n\n<div class=\"wp-block-column is-vertically-aligned-center is-layout-flow wp-block-column-is-layout-flow\">\n<h2 class=\"ls__heading has-color-2-color has-text-color wp-block-heading\">Campeggio ideale per essere vicino al mare in Balagne<\/h2>\n\n\n\n<p class=\"ls-paragraph\">Vuoi passare una vacanza in Corsica e sogni spiagge di sabbia fine, paesaggi naturali grandiosi con il mare a perdita d&#8217;occhio? La Balagne, nel nord-ovest della Corsica, \u00e8 la regione perfetta per soddisfare tutti i vostri desideri!<\/p>\n\n\n\n<p class=\"ls-paragraph\">Se vuoi stare vicino alla costa, il campeggio Bella Vista a Calvi \u00e8 il luogo ideale. Situato a soli 700 metri dal mare, potrete raggiungere facilmente la spiaggia di Calvi. Cosa c&#8217;\u00e8 di meglio che poter raggiungere a piedi o in bicicletta la costa corsa per godersi la sabbia, gli isolotti rocciosi e le acque turchesi dell&#8217;isola della bellezza?<\/p>\n<\/div>\n<\/div>\n\n\r\n    <\/div>\r\n<\/section>\n\n<section id=\"ls-section-block_618e2fba4264f\" class=\"ls-section  has-background-image has-parallax has-background has-color-black-background-color has-p-t p-t-16 has-p-b p-b-16\" >\r\n    <div class=\"ls-section__background-image opacity-70\"><img decoding=\"async\" src=\"https:\/\/www.camping-bellavista.com\/wp-content\/uploads\/2021\/12\/camping-bord-de-mer-calvi-1.jpg\" alt=\"camping bord de mer calvi\"><\/div>    <div class=\"container container--wide\">\r\n        \n\n<h2 class=\"ls__heading has-text-align-center m-t-0 m-b-0 has-color-white-color has-text-color wp-block-heading\">Le 5 migliori spiagge di Calvi<\/h2>\n\n\n\n<p class=\"ls-paragraph has-text-align-center has-color-white-color has-text-color\">La lunga spiaggia di Calvi, delimitata da una pineta, \u00e8 una delle pi\u00f9 belle spiagge della Corsica. \u00c8 anche la spiaggia dove Luc Besson ha girato il famoso film &#8220;Le Grand Bleu&#8221;! Potrai goderti le acque traslucide, la sabbia fine e la penisola rocciosa.<\/p>\n\n\n\n<p class=\"ls-paragraph has-text-align-center m-t-0 m-b-0 has-color-white-color has-text-color\">La spiaggia di Sainte Restitude \u00e8 una piccola baia di 150 m dove le famiglie si incontrano. La spiaggia di Roncu, vicino alla Cittadella di Calvi, \u00e8 una spiaggia piccola e poco conosciuta. Apprezzerete la sua calma, anche in alta stagione. La spiaggia di Alga \u00e8 una piccola baia selvaggia con una magnifica vista sul golfo di Calvi. Infine, se ti piace il lato selvaggio e naturale della Corsica, ti piacer\u00e0 la spiaggia di Oscelluccia, alla fine della punta Revallata.<\/p>\n\n\r\n    <\/div>\r\n<\/section>\n\n<section id=\"ls-section-block_618e300242650\" class=\"ls-section  has-p-b p-b-6\" >\r\n        <div class=\"container container--wide\">\r\n        \n\n<div class=\"wp-block-columns are-vertically-aligned-center is-layout-flex wp-container-core-columns-is-layout-3 wp-block-columns-is-layout-flex\">\n<div class=\"wp-block-column is-vertically-aligned-center is-layout-flow wp-block-column-is-layout-flow\">\n<h2 class=\"ls__heading has-color-2-color has-text-color wp-block-heading\">Attivit\u00e0 acquatiche da fare in Balagne<\/h2>\n\n\n\n<p class=\"ls-paragraph\">La Balagne con le sue lunghe spiagge di sabbia bianca e le sue piccole insenature intime \u00e8 una regione ideale per coloro che amano il relax, il nuoto e gli sport acquatici. Le attivit\u00e0 di sport nautici sono varie sulla spiaggia di Calvi e altre spiagge circostanti.<\/p>\n\n\n\n<p class=\"ls-paragraph\">Potrete scoprire e praticare il surf, il jet-ski, le boe trainate, la canoa, ma anche la vela, il windsurf e la vela da diporto.<\/p>\n\n\n\n<p class=\"ls-paragraph\">Gli appassionati di immersioni saranno anche deliziati dagli eccezionali fondali marini. Optate per un pedal\u00f2 per un&#8217;attivit\u00e0 pi\u00f9 dolce. Infine, si pu\u00f2 anche noleggiare un catamarano per scoprire questa parte della costa balinese in modo diverso.<\/p>\n<\/div>\n\n\n\n<div class=\"wp-block-column is-vertically-aligned-center fancybox is-layout-flow wp-block-column-is-layout-flow\">\n<div class=\"wp-block-columns is-layout-flex wp-container-core-columns-is-layout-2 wp-block-columns-is-layout-flex\">\n<div class=\"wp-block-column is-layout-flow wp-block-column-is-layout-flow\">\n<figure class=\"wp-block-image size-large\"><a href=\"https:\/\/www.camping-bellavista.com\/wp-content\/uploads\/2021\/12\/camping-location-bateau-calvi.jpg\"><img decoding=\"async\" width=\"1200\" height=\"800\" src=\"https:\/\/www.camping-bellavista.com\/wp-content\/uploads\/2021\/12\/camping-location-bateau-calvi.jpg\" alt=\"camping location bateau calvi\" class=\"wp-image-1616\" srcset=\"https:\/\/www.camping-bellavista.com\/wp-content\/uploads\/2021\/12\/camping-location-bateau-calvi.jpg 1200w, https:\/\/www.camping-bellavista.com\/wp-content\/uploads\/2021\/12\/camping-location-bateau-calvi-300x200.jpg 300w, https:\/\/www.camping-bellavista.com\/wp-content\/uploads\/2021\/12\/camping-location-bateau-calvi-1024x683.jpg 1024w, https:\/\/www.camping-bellavista.com\/wp-content\/uploads\/2021\/12\/camping-location-bateau-calvi-768x512.jpg 768w\" sizes=\"(max-width: 1200px) 100vw, 1200px\" \/><\/a><\/figure>\n<\/div>\n\n\n\n<div class=\"wp-block-column is-layout-flow wp-block-column-is-layout-flow\">\n<figure class=\"wp-block-image size-large\"><a href=\"https:\/\/www.camping-bellavista.com\/wp-content\/uploads\/2021\/12\/camping-activites-nautiques-corse.jpg\"><img decoding=\"async\" width=\"1200\" height=\"800\" src=\"https:\/\/www.camping-bellavista.com\/wp-content\/uploads\/2021\/12\/camping-activites-nautiques-corse.jpg\" alt=\"camping activites nautiques corse\" class=\"wp-image-1617\" srcset=\"https:\/\/www.camping-bellavista.com\/wp-content\/uploads\/2021\/12\/camping-activites-nautiques-corse.jpg 1200w, https:\/\/www.camping-bellavista.com\/wp-content\/uploads\/2021\/12\/camping-activites-nautiques-corse-300x200.jpg 300w, https:\/\/www.camping-bellavista.com\/wp-content\/uploads\/2021\/12\/camping-activites-nautiques-corse-1024x683.jpg 1024w, https:\/\/www.camping-bellavista.com\/wp-content\/uploads\/2021\/12\/camping-activites-nautiques-corse-768x512.jpg 768w\" sizes=\"(max-width: 1200px) 100vw, 1200px\" \/><\/a><\/figure>\n<\/div>\n<\/div>\n\n\n\n<figure class=\"wp-block-image size-large\"><a href=\"https:\/\/www.camping-bellavista.com\/wp-content\/uploads\/2021\/12\/camping-planche-a-voile-calvi.jpg\"><img decoding=\"async\" width=\"1200\" height=\"800\" src=\"https:\/\/www.camping-bellavista.com\/wp-content\/uploads\/2021\/12\/camping-planche-a-voile-calvi.jpg\" alt=\"camping planche a voile calvi\" class=\"wp-image-1618\" srcset=\"https:\/\/www.camping-bellavista.com\/wp-content\/uploads\/2021\/12\/camping-planche-a-voile-calvi.jpg 1200w, https:\/\/www.camping-bellavista.com\/wp-content\/uploads\/2021\/12\/camping-planche-a-voile-calvi-300x200.jpg 300w, https:\/\/www.camping-bellavista.com\/wp-content\/uploads\/2021\/12\/camping-planche-a-voile-calvi-1024x683.jpg 1024w, https:\/\/www.camping-bellavista.com\/wp-content\/uploads\/2021\/12\/camping-planche-a-voile-calvi-768x512.jpg 768w\" sizes=\"(max-width: 1200px) 100vw, 1200px\" \/><\/a><\/figure>\n<\/div>\n<\/div>\n\n\r\n    <\/div>\r\n<\/section>\n\n<section id=\"ls-section-block_61a775007de53\" class=\"ls-section  has-p-t p-t-1\" >\r\n        <div class=\"container container--wide\">\r\n        \n\n<p class=\"ls-paragraph ls__heading has-text-align-center has-large-font-size\"><span class=\"has-inline-color has-color-2-color\">Scoprire il campeggio<\/span><\/p>\n\n\n\n<div class=\"wp-block-columns is-layout-flex wp-container-core-columns-is-layout-4 wp-block-columns-is-layout-flex\">\n<div class=\"wp-block-column is-layout-flow wp-block-column-is-layout-flow\">\r\n<div id=\"ls-cta-block_61a775227de54\" class=\"ls-cta\">  \r\n    \r\n\r\n<a href=\"http:\/\/www.camping-bellavista.com\/location-mobil-home-calvi\/\" target=\"\" rel=\"noopener\" class=\"ls-cta__link\">\r\n\r\n\t<div class=\"ls-cta__image\"><img decoding=\"async\" src=\"https:\/\/www.camping-bellavista.com\/wp-content\/uploads\/2021\/12\/camping-location-mobil-home-calvi-1-768x283.jpg\" alt=\"camping location mobil home calvi\"><\/div>\r\n\t<div class=\"ls-cta__title\">\r\n\t\tAffitto di case mobili\t<\/div>\r\n\r\n\t\t\r\n<\/a><\/div><\/div>\n\n\n\n<div class=\"wp-block-column is-layout-flow wp-block-column-is-layout-flow\">\r\n<div id=\"ls-cta-block_61a775297de55\" class=\"ls-cta\">  \r\n    \r\n\r\n<a href=\"http:\/\/www.camping-bellavista.com\/activites-calvi\/\" target=\"\" rel=\"noopener\" class=\"ls-cta__link\">\r\n\r\n\t<div class=\"ls-cta__image\"><img decoding=\"async\" src=\"https:\/\/www.camping-bellavista.com\/wp-content\/uploads\/2021\/12\/camping-paddle-calvi-768x512.jpg\" alt=\"camping paddle calvi\"><\/div>\r\n\t<div class=\"ls-cta__title\">\r\n\t\tAttivit\u00e0 a Calvi\t<\/div>\r\n\r\n\t\t\r\n<\/a><\/div><\/div>\n\n\n\n<div class=\"wp-block-column is-layout-flow wp-block-column-is-layout-flow\">\r\n<div id=\"ls-cta-block_61a7752b7de56\" class=\"ls-cta\">  \r\n    \r\n\r\n<a href=\"http:\/\/www.camping-bellavista.com\/camping-familial-calvi\/\" target=\"\" rel=\"noopener\" class=\"ls-cta__link\">\r\n\r\n\t<div class=\"ls-cta__image\"><img decoding=\"async\" src=\"https:\/\/www.camping-bellavista.com\/wp-content\/uploads\/2021\/12\/camping-3-etoiles-calvi-768x512.jpg\" alt=\"camping 3 etoiles calvi\"><\/div>\r\n\t<div class=\"ls-cta__title\">\r\n\t\tServizi \t<\/div>\r\n\r\n\t\t\r\n<\/a><\/div><\/div>\n<\/div>\n\n\r\n    <\/div>\r\n<\/section>","protected":false},"excerpt":{"rendered":"","protected":false},"author":1,"featured_media":1611,"parent":0,"menu_order":0,"comment_status":"closed","ping_status":"closed","template":"","meta":{"_acf_changed":false,"footnotes":""},"sujet":[],"class_list":["post-1610","page","type-page","status-publish","has-post-thumbnail","hentry"],"acf":[],"yoast_head":"<!-- This site is optimized with the Yoast SEO plugin v25.3 - https:\/\/yoast.com\/wordpress\/plugins\/seo\/ -->\n<title>Campeggio sul mare in Balagne | Campeggio vicino alla spiaggia a Calvi<\/title>\n<meta name=\"robots\" content=\"index, follow, max-snippet:-1, max-image-preview:large, max-video-preview:-1\" \/>\n<link rel=\"canonical\" href=\"https:\/\/www.camping-bellavista.com\/it\/campeggio-sul-mare-calvi\/\" \/>\n<meta property=\"og:locale\" content=\"it_IT\" \/>\n<meta property=\"og:type\" content=\"article\" \/>\n<meta property=\"og:title\" content=\"Campeggio sul mare in Balagne | Campeggio vicino alla spiaggia a Calvi\" \/>\n<meta property=\"og:url\" content=\"https:\/\/www.camping-bellavista.com\/it\/campeggio-sul-mare-calvi\/\" \/>\n<meta property=\"og:site_name\" content=\"Camping Bella Vista\" \/>\n<meta property=\"article:modified_time\" content=\"2021-12-15T11:16:38+00:00\" \/>\n<meta property=\"og:image\" content=\"https:\/\/www.camping-bellavista.com\/wp-content\/uploads\/2021\/12\/camping-plage-calvi.jpg\" \/>\n\t<meta property=\"og:image:width\" content=\"1900\" \/>\n\t<meta property=\"og:image:height\" content=\"700\" \/>\n\t<meta property=\"og:image:type\" content=\"image\/jpeg\" \/>\n<meta name=\"twitter:card\" content=\"summary_large_image\" \/>\n<meta name=\"twitter:label1\" content=\"Tempo di lettura stimato\" \/>\n\t<meta name=\"twitter:data1\" content=\"3 minuti\" \/>\n<script type=\"application\/ld+json\" class=\"yoast-schema-graph\">{\"@context\":\"https:\/\/schema.org\",\"@graph\":[{\"@type\":\"WebPage\",\"@id\":\"https:\/\/www.camping-bellavista.com\/it\/campeggio-sul-mare-calvi\/\",\"url\":\"https:\/\/www.camping-bellavista.com\/it\/campeggio-sul-mare-calvi\/\",\"name\":\"Campeggio sul mare in Balagne | Campeggio vicino alla spiaggia a Calvi\",\"isPartOf\":{\"@id\":\"https:\/\/www.camping-bellavista.com\/it\/#website\"},\"primaryImageOfPage\":{\"@id\":\"https:\/\/www.camping-bellavista.com\/it\/campeggio-sul-mare-calvi\/#primaryimage\"},\"image\":{\"@id\":\"https:\/\/www.camping-bellavista.com\/it\/campeggio-sul-mare-calvi\/#primaryimage\"},\"thumbnailUrl\":\"https:\/\/www.camping-bellavista.com\/wp-content\/uploads\/2021\/12\/camping-plage-calvi.jpg\",\"datePublished\":\"2021-10-15T09:30:43+00:00\",\"dateModified\":\"2021-12-15T11:16:38+00:00\",\"breadcrumb\":{\"@id\":\"https:\/\/www.camping-bellavista.com\/it\/campeggio-sul-mare-calvi\/#breadcrumb\"},\"inLanguage\":\"it-IT\",\"potentialAction\":[{\"@type\":\"ReadAction\",\"target\":[\"https:\/\/www.camping-bellavista.com\/it\/campeggio-sul-mare-calvi\/\"]}]},{\"@type\":\"ImageObject\",\"inLanguage\":\"it-IT\",\"@id\":\"https:\/\/www.camping-bellavista.com\/it\/campeggio-sul-mare-calvi\/#primaryimage\",\"url\":\"https:\/\/www.camping-bellavista.com\/wp-content\/uploads\/2021\/12\/camping-plage-calvi.jpg\",\"contentUrl\":\"https:\/\/www.camping-bellavista.com\/wp-content\/uploads\/2021\/12\/camping-plage-calvi.jpg\",\"width\":1900,\"height\":700,\"caption\":\"camping plage calvi\"},{\"@type\":\"BreadcrumbList\",\"@id\":\"https:\/\/www.camping-bellavista.com\/it\/campeggio-sul-mare-calvi\/#breadcrumb\",\"itemListElement\":[{\"@type\":\"ListItem\",\"position\":1,\"name\":\"Campeggio Corse\",\"item\":\"https:\/\/www.camping-bellavista.com\/it\/\"},{\"@type\":\"ListItem\",\"position\":2,\"name\":\"Campeggio vicino alle spiagge in Balagne\"}]},{\"@type\":\"WebSite\",\"@id\":\"https:\/\/www.camping-bellavista.com\/it\/#website\",\"url\":\"https:\/\/www.camping-bellavista.com\/it\/\",\"name\":\"Camping Bella Vista\",\"description\":\"\",\"publisher\":{\"@id\":\"https:\/\/www.camping-bellavista.com\/it\/#organization\"},\"potentialAction\":[{\"@type\":\"SearchAction\",\"target\":{\"@type\":\"EntryPoint\",\"urlTemplate\":\"https:\/\/www.camping-bellavista.com\/it\/?s={search_term_string}\"},\"query-input\":{\"@type\":\"PropertyValueSpecification\",\"valueRequired\":true,\"valueName\":\"search_term_string\"}}],\"inLanguage\":\"it-IT\"},{\"@type\":\"Organization\",\"@id\":\"https:\/\/www.camping-bellavista.com\/it\/#organization\",\"name\":\"Camping Bellavista\",\"url\":\"https:\/\/www.camping-bellavista.com\/it\/\",\"logo\":{\"@type\":\"ImageObject\",\"inLanguage\":\"it-IT\",\"@id\":\"https:\/\/www.camping-bellavista.com\/it\/#\/schema\/logo\/image\/\",\"url\":\"https:\/\/www.camping-bellavista.com\/wp-content\/uploads\/2021\/12\/logo-bella-vista.png\",\"contentUrl\":\"https:\/\/www.camping-bellavista.com\/wp-content\/uploads\/2021\/12\/logo-bella-vista.png\",\"width\":512,\"height\":512,\"caption\":\"Camping Bellavista\"},\"image\":{\"@id\":\"https:\/\/www.camping-bellavista.com\/it\/#\/schema\/logo\/image\/\"}}]}<\/script>\n<!-- \/ Yoast SEO plugin. -->","yoast_head_json":{"title":"Campeggio sul mare in Balagne | Campeggio vicino alla spiaggia a Calvi","robots":{"index":"index","follow":"follow","max-snippet":"max-snippet:-1","max-image-preview":"max-image-preview:large","max-video-preview":"max-video-preview:-1"},"canonical":"https:\/\/www.camping-bellavista.com\/it\/campeggio-sul-mare-calvi\/","og_locale":"it_IT","og_type":"article","og_title":"Campeggio sul mare in Balagne | Campeggio vicino alla spiaggia a Calvi","og_url":"https:\/\/www.camping-bellavista.com\/it\/campeggio-sul-mare-calvi\/","og_site_name":"Camping Bella Vista","article_modified_time":"2021-12-15T11:16:38+00:00","og_image":[{"width":1900,"height":700,"url":"https:\/\/www.camping-bellavista.com\/wp-content\/uploads\/2021\/12\/camping-plage-calvi.jpg","type":"image\/jpeg"}],"twitter_card":"summary_large_image","twitter_misc":{"Tempo di lettura stimato":"3 minuti"},"schema":{"@context":"https:\/\/schema.org","@graph":[{"@type":"WebPage","@id":"https:\/\/www.camping-bellavista.com\/it\/campeggio-sul-mare-calvi\/","url":"https:\/\/www.camping-bellavista.com\/it\/campeggio-sul-mare-calvi\/","name":"Campeggio sul mare in Balagne | Campeggio vicino alla spiaggia a Calvi","isPartOf":{"@id":"https:\/\/www.camping-bellavista.com\/it\/#website"},"primaryImageOfPage":{"@id":"https:\/\/www.camping-bellavista.com\/it\/campeggio-sul-mare-calvi\/#primaryimage"},"image":{"@id":"https:\/\/www.camping-bellavista.com\/it\/campeggio-sul-mare-calvi\/#primaryimage"},"thumbnailUrl":"https:\/\/www.camping-bellavista.com\/wp-content\/uploads\/2021\/12\/camping-plage-calvi.jpg","datePublished":"2021-10-15T09:30:43+00:00","dateModified":"2021-12-15T11:16:38+00:00","breadcrumb":{"@id":"https:\/\/www.camping-bellavista.com\/it\/campeggio-sul-mare-calvi\/#breadcrumb"},"inLanguage":"it-IT","potentialAction":[{"@type":"ReadAction","target":["https:\/\/www.camping-bellavista.com\/it\/campeggio-sul-mare-calvi\/"]}]},{"@type":"ImageObject","inLanguage":"it-IT","@id":"https:\/\/www.camping-bellavista.com\/it\/campeggio-sul-mare-calvi\/#primaryimage","url":"https:\/\/www.camping-bellavista.com\/wp-content\/uploads\/2021\/12\/camping-plage-calvi.jpg","contentUrl":"https:\/\/www.camping-bellavista.com\/wp-content\/uploads\/2021\/12\/camping-plage-calvi.jpg","width":1900,"height":700,"caption":"camping plage calvi"},{"@type":"BreadcrumbList","@id":"https:\/\/www.camping-bellavista.com\/it\/campeggio-sul-mare-calvi\/#breadcrumb","itemListElement":[{"@type":"ListItem","position":1,"name":"Campeggio Corse","item":"https:\/\/www.camping-bellavista.com\/it\/"},{"@type":"ListItem","position":2,"name":"Campeggio vicino alle spiagge in Balagne"}]},{"@type":"WebSite","@id":"https:\/\/www.camping-bellavista.com\/it\/#website","url":"https:\/\/www.camping-bellavista.com\/it\/","name":"Camping Bella Vista","description":"","publisher":{"@id":"https:\/\/www.camping-bellavista.com\/it\/#organization"},"potentialAction":[{"@type":"SearchAction","target":{"@type":"EntryPoint","urlTemplate":"https:\/\/www.camping-bellavista.com\/it\/?s={search_term_string}"},"query-input":{"@type":"PropertyValueSpecification","valueRequired":true,"valueName":"search_term_string"}}],"inLanguage":"it-IT"},{"@type":"Organization","@id":"https:\/\/www.camping-bellavista.com\/it\/#organization","name":"Camping Bellavista","url":"https:\/\/www.camping-bellavista.com\/it\/","logo":{"@type":"ImageObject","inLanguage":"it-IT","@id":"https:\/\/www.camping-bellavista.com\/it\/#\/schema\/logo\/image\/","url":"https:\/\/www.camping-bellavista.com\/wp-content\/uploads\/2021\/12\/logo-bella-vista.png","contentUrl":"https:\/\/www.camping-bellavista.com\/wp-content\/uploads\/2021\/12\/logo-bella-vista.png","width":512,"height":512,"caption":"Camping Bellavista"},"image":{"@id":"https:\/\/www.camping-bellavista.com\/it\/#\/schema\/logo\/image\/"}}]}},"_links":{"self":[{"href":"https:\/\/www.camping-bellavista.com\/it\/wp-json\/wp\/v2\/pages\/1610"}],"collection":[{"href":"https:\/\/www.camping-bellavista.com\/it\/wp-json\/wp\/v2\/pages"}],"about":[{"href":"https:\/\/www.camping-bellavista.com\/it\/wp-json\/wp\/v2\/types\/page"}],"author":[{"embeddable":true,"href":"https:\/\/www.camping-bellavista.com\/it\/wp-json\/wp\/v2\/users\/1"}],"replies":[{"embeddable":true,"href":"https:\/\/www.camping-bellavista.com\/it\/wp-json\/wp\/v2\/comments?post=1610"}],"version-history":[{"count":8,"href":"https:\/\/www.camping-bellavista.com\/it\/wp-json\/wp\/v2\/pages\/1610\/revisions"}],"predecessor-version":[{"id":2300,"href":"https:\/\/www.camping-bellavista.com\/it\/wp-json\/wp\/v2\/pages\/1610\/revisions\/2300"}],"wp:featuredmedia":[{"embeddable":true,"href":"https:\/\/www.camping-bellavista.com\/it\/wp-json\/wp\/v2\/media\/1611"}],"wp:attachment":[{"href":"https:\/\/www.camping-bellavista.com\/it\/wp-json\/wp\/v2\/media?parent=1610"}],"wp:term":[{"taxonomy":"sujet","embeddable":true,"href":"https:\/\/www.camping-bellavista.com\/it\/wp-json\/wp\/v2\/sujet?post=1610"}],"curies":[{"name":"wp","href":"https:\/\/api.w.org\/{rel}","templated":true}]}}