{"id":1624,"date":"2021-10-15T11:30:51","date_gmt":"2021-10-15T09:30:51","guid":{"rendered":"http:\/\/www.camping-bellavista.com\/activites-calvi\/"},"modified":"2023-08-17T15:46:08","modified_gmt":"2023-08-17T13:46:08","slug":"attivita-calvi","status":"publish","type":"page","link":"https:\/\/www.camping-bellavista.com\/it\/attivita-calvi\/","title":{"rendered":"Les activit\u00e9s \u00e0 faire"},"content":{"rendered":"<section id=\"ls-section-block_75c3e9d2acf8f8c562572142f318ebea\" class=\"ls-section \" >\r\n        <div class=\"container \">\r\n        \n\n<h1 class=\"ls__heading wp-block-heading has-text-align-center has-color-2-color has-text-color\">Cose da fare vicino al campeggio<\/h1>\n\n\r\n    <\/div>\r\n<\/section>\n\n<section id=\"ls-section-block_7dd8d3167433bbf62d908c4c206b6e92\" class=\"ls-section  has-p-t p-t-0\" >\r\n        <div class=\"container container--wide\">\r\n        \n\n<div class=\"wp-block-columns are-vertically-aligned-center is-layout-flex wp-container-core-columns-is-layout-1 wp-block-columns-is-layout-flex\">\n<div class=\"wp-block-column is-vertically-aligned-center fancybox is-layout-flow wp-block-column-is-layout-flow\">\n<figure class=\"wp-block-image size-large\"><a href=\"https:\/\/www.camping-bellavista.com\/wp-content\/uploads\/2021\/12\/camping-aeroclub-calvi.jpg\"><img decoding=\"async\" width=\"1200\" height=\"800\" src=\"https:\/\/www.camping-bellavista.com\/wp-content\/uploads\/2021\/12\/camping-aeroclub-calvi.jpg\" alt=\"camping aeroclub calvi\" class=\"wp-image-1857\" srcset=\"https:\/\/www.camping-bellavista.com\/wp-content\/uploads\/2021\/12\/camping-aeroclub-calvi.jpg 1200w, https:\/\/www.camping-bellavista.com\/wp-content\/uploads\/2021\/12\/camping-aeroclub-calvi-300x200.jpg 300w, https:\/\/www.camping-bellavista.com\/wp-content\/uploads\/2021\/12\/camping-aeroclub-calvi-1024x683.jpg 1024w, https:\/\/www.camping-bellavista.com\/wp-content\/uploads\/2021\/12\/camping-aeroclub-calvi-768x512.jpg 768w\" sizes=\"(max-width: 1200px) 100vw, 1200px\" \/><\/a><\/figure>\n<\/div>\n\n\n\n<div class=\"wp-block-column is-vertically-aligned-center is-layout-flow wp-block-column-is-layout-flow\">\n<h2 class=\"ls__heading wp-block-heading has-color-2-color has-text-color\">Attivit\u00e0 sportive da fare a Calvi<\/h2>\n\n\n\n<p class=\"ls-paragraph\">La Corsica offre una vacanza attiva se sei un appassionato di sport. Le superbe spiagge della Balagne sono ideali per praticare diversi sport nautici: jet-ski, boe trainate, surf, funboat, windsurf, kitesurf, canoa, vela, immersioni, windsurf, stand up paddling\u2026<\/p>\n\n\n\n<p class=\"ls-paragraph\">Calvi e la sua regione offrono una grande variet\u00e0 di attivit\u00e0 sportive adatte a tutti i livelli e desideri a pochi metri dal campeggio Calvi.<\/p>\n\n\n\n<p class=\"ls-paragraph\">Per scoprire l&#8217;entroterra o la costa da terra, approfittate dei numerosi sentieri per escursioni a piedi o a cavallo. Il club di volo Calvi-Balagne offre anche voli introduttivi.<\/p>\n<\/div>\n<\/div>\n\n\r\n    <\/div>\r\n<\/section>\n\n<section id=\"ls-section-block_3650536bc4b79e315307dc59d6f4583a\" class=\"ls-section  has-background-image has-parallax has-background has-color-black-background-color has-p-t p-t-16 has-p-b p-b-16\" >\r\n    <div class=\"ls-section__background-image opacity-60\"><img decoding=\"async\" src=\"https:\/\/www.camping-bellavista.com\/wp-content\/uploads\/2023\/08\/camping-visite-vignoble-corse-1.jpg\" alt=\"\"><\/div>    <div class=\"container container--wide\">\r\n        \n\n<h2 class=\"ls__heading wp-block-heading has-text-align-center m-t-0 m-b-0 has-color-white-color has-text-color\">Attivit\u00e0 culturali da fare in Corsica<\/h2>\n\n\n\n<p class=\"ls-paragraph has-text-align-center has-color-white-color has-text-color\">Incontra gli artigiani locali visitando una distilleria di oli essenziali o produttori di vino, miele o formaggio. La distilleria Astratella a Lumio, Le Clos Culombu per i vini rosati, bianchi e rossi, il miele di Galeria\u2026 I produttori non mancano nell&#8217;entroterra corso.<\/p>\n\n\n\n<p class=\"ls-paragraph has-text-align-center m-t-0 m-b-0 has-color-white-color has-text-color\">Non perdetevi la Cittadella di Calvi passeggiando per le stradine di questo luogo maestoso. Scoprite anche la marina con le sue barche. Infine, visita la cappella Notre-Dame-de-la-Serra sulle alture vicino al sentiero che porta a Gal\u00e9ria. Ammirerete una vista straordinaria sulla baia di Calvi.<\/p>\n\n\r\n    <\/div>\r\n<\/section>\n\n<section id=\"ls-section-block_e864cd9c5eb4b7fd350ad6ce37a2e69b\" class=\"ls-section  has-p-b p-b-6\" >\r\n        <div class=\"container container--wide\">\r\n        \n\n<div class=\"wp-block-columns are-vertically-aligned-center is-layout-flex wp-container-core-columns-is-layout-3 wp-block-columns-is-layout-flex\">\n<div class=\"wp-block-column is-vertically-aligned-center is-layout-flow wp-block-column-is-layout-flow\">\n<h2 class=\"ls__heading wp-block-heading has-color-2-color has-text-color\">Attivit\u00e0 in famiglia<\/h2>\n\n\n\n<p class=\"ls-paragraph\">Per una vacanza attiva in famiglia, considera lo stand up paddle o il pedal\u00f2. Si possono anche trovare societ\u00e0 di noleggio di catamarani per un viaggio in mare eccezionale.<\/p>\n\n\n\n<p class=\"ls-paragraph\">Per momenti pi\u00f9 intensi, scendete i pi\u00f9 bei fiumi corsi nel canyoning, un&#8217;attivit\u00e0 possibile a partire dai 7 anni. Le foreste di pini ti danno la possibilit\u00e0 di partecipare a corsi sugli alberi.<\/p>\n\n\n\n<p class=\"ls-paragraph\">Infine, pensate alle gite in barca. I viaggi in mare da Calvi vi porteranno verso destinazioni eccezionali: Scandola, calanques de Piana, Girolata, Revellata, Agriate\u2026<\/p>\n<\/div>\n\n\n\n<div class=\"wp-block-column is-vertically-aligned-center fancybox is-layout-flow wp-block-column-is-layout-flow\">\n<div class=\"wp-block-columns is-layout-flex wp-container-core-columns-is-layout-2 wp-block-columns-is-layout-flex\">\n<div class=\"wp-block-column is-layout-flow wp-block-column-is-layout-flow\">\n<figure class=\"wp-block-image size-large\"><a href=\"https:\/\/www.camping-bellavista.com\/wp-content\/uploads\/2021\/12\/camping-paddle-calvi.jpg\"><img decoding=\"async\" width=\"1200\" height=\"800\" src=\"https:\/\/www.camping-bellavista.com\/wp-content\/uploads\/2021\/12\/camping-paddle-calvi.jpg\" alt=\"camping paddle calvi\" class=\"wp-image-1847\" srcset=\"https:\/\/www.camping-bellavista.com\/wp-content\/uploads\/2021\/12\/camping-paddle-calvi.jpg 1200w, https:\/\/www.camping-bellavista.com\/wp-content\/uploads\/2021\/12\/camping-paddle-calvi-300x200.jpg 300w, https:\/\/www.camping-bellavista.com\/wp-content\/uploads\/2021\/12\/camping-paddle-calvi-1024x683.jpg 1024w, https:\/\/www.camping-bellavista.com\/wp-content\/uploads\/2021\/12\/camping-paddle-calvi-768x512.jpg 768w\" sizes=\"(max-width: 1200px) 100vw, 1200px\" \/><\/a><\/figure>\n<\/div>\n\n\n\n<div class=\"wp-block-column is-layout-flow wp-block-column-is-layout-flow\">\n<figure class=\"wp-block-image size-large\"><a href=\"https:\/\/www.camping-bellavista.com\/wp-content\/uploads\/2021\/12\/camping-canyoning-balagne.jpg\"><img decoding=\"async\" width=\"1200\" height=\"800\" src=\"https:\/\/www.camping-bellavista.com\/wp-content\/uploads\/2021\/12\/camping-canyoning-balagne.jpg\" alt=\"camping canyoning balagne\" class=\"wp-image-1850\" srcset=\"https:\/\/www.camping-bellavista.com\/wp-content\/uploads\/2021\/12\/camping-canyoning-balagne.jpg 1200w, https:\/\/www.camping-bellavista.com\/wp-content\/uploads\/2021\/12\/camping-canyoning-balagne-300x200.jpg 300w, https:\/\/www.camping-bellavista.com\/wp-content\/uploads\/2021\/12\/camping-canyoning-balagne-1024x683.jpg 1024w, https:\/\/www.camping-bellavista.com\/wp-content\/uploads\/2021\/12\/camping-canyoning-balagne-768x512.jpg 768w\" sizes=\"(max-width: 1200px) 100vw, 1200px\" \/><\/a><\/figure>\n<\/div>\n<\/div>\n\n\n\n<figure class=\"wp-block-image size-large\"><a href=\"https:\/\/www.camping-bellavista.com\/wp-content\/uploads\/2021\/12\/camping-accrobranche-calvi.jpg\"><img decoding=\"async\" width=\"1200\" height=\"801\" src=\"https:\/\/www.camping-bellavista.com\/wp-content\/uploads\/2021\/12\/camping-accrobranche-calvi.jpg\" alt=\"camping accrobranche calvi\" class=\"wp-image-1854\" srcset=\"https:\/\/www.camping-bellavista.com\/wp-content\/uploads\/2021\/12\/camping-accrobranche-calvi.jpg 1200w, https:\/\/www.camping-bellavista.com\/wp-content\/uploads\/2021\/12\/camping-accrobranche-calvi-300x200.jpg 300w, https:\/\/www.camping-bellavista.com\/wp-content\/uploads\/2021\/12\/camping-accrobranche-calvi-1024x684.jpg 1024w, https:\/\/www.camping-bellavista.com\/wp-content\/uploads\/2021\/12\/camping-accrobranche-calvi-768x513.jpg 768w\" sizes=\"(max-width: 1200px) 100vw, 1200px\" \/><\/a><\/figure>\n<\/div>\n<\/div>\n\n\r\n    <\/div>\r\n<\/section>\n\n<section id=\"ls-section-block_de2fced70fd710d1660669e9fdfb2a9d\" class=\"ls-section  has-p-t p-t-1\" >\r\n        <div class=\"container container--wide\">\r\n        \n\n<p class=\"ls-paragraph ls__heading has-text-align-center has-color-2-color has-text-color has-large-font-size\">Servizi di campeggio e noleggio<\/p>\n\n\n\n<div class=\"wp-block-columns is-layout-flex wp-container-core-columns-is-layout-4 wp-block-columns-is-layout-flex\">\n<div class=\"wp-block-column is-layout-flow wp-block-column-is-layout-flow\">\r\n<div id=\"ls-cta-block_56a8f38d4f99c6ff83ace9a06f91bfd3\" class=\"ls-cta\">  \r\n    \r\n\r\n<a href=\"http:\/\/www.camping-bellavista.com\/location-mobil-home-calvi\/\" target=\"\" rel=\"noopener\" class=\"ls-cta__link\">\r\n\r\n\t<div class=\"ls-cta__image\"><img decoding=\"async\" src=\"https:\/\/www.camping-bellavista.com\/wp-content\/uploads\/2021\/12\/camping-location-mobil-home-calvi-1-768x283.jpg\" alt=\"camping location mobil home calvi\"><\/div>\r\n\t<div class=\"ls-cta__title\">\r\n\t\tAffitto di case mobili\t<\/div>\r\n\r\n\t\t\r\n<\/a><\/div><\/div>\n\n\n\n<div class=\"wp-block-column is-layout-flow wp-block-column-is-layout-flow\">\r\n<div id=\"ls-cta-block_5ea91664d6efc0826e5967f405dc531a\" class=\"ls-cta\">  \r\n    \r\n\r\n<a href=\"http:\/\/www.camping-bellavista.com\/camping-familial-calvi\/\" target=\"\" rel=\"noopener\" class=\"ls-cta__link\">\r\n\r\n\t<div class=\"ls-cta__image\"><img decoding=\"async\" src=\"https:\/\/www.camping-bellavista.com\/wp-content\/uploads\/2021\/12\/camping-3-etoiles-calvi-768x512.jpg\" alt=\"camping 3 etoiles calvi\"><\/div>\r\n\t<div class=\"ls-cta__title\">\r\n\t\tServizi del campeggio\t<\/div>\r\n\r\n\t\t\r\n<\/a><\/div><\/div>\n\n\n\n<div class=\"wp-block-column is-layout-flow wp-block-column-is-layout-flow\">\r\n<div id=\"ls-cta-block_1a7fec983e9fedd1eefa15bd86f3de31\" class=\"ls-cta\">  \r\n    \r\n\r\n<a href=\"http:\/\/www.camping-bellavista.com\/camping-bord-de-mer-calvi\/\" target=\"\" rel=\"noopener\" class=\"ls-cta__link\">\r\n\r\n\t<div class=\"ls-cta__image\"><img decoding=\"async\" src=\"https:\/\/www.camping-bellavista.com\/wp-content\/uploads\/2021\/12\/camping-plage-balagne-768x512.jpg\" alt=\"camping plage balagne\"><\/div>\r\n\t<div class=\"ls-cta__title\">\r\n\t\tLato mare\t<\/div>\r\n\r\n\t\t\r\n<\/a><\/div><\/div>\n<\/div>\n\n\r\n    <\/div>\r\n<\/section>","protected":false},"excerpt":{"rendered":"","protected":false},"author":1,"featured_media":1625,"parent":0,"menu_order":0,"comment_status":"closed","ping_status":"closed","template":"","meta":{"_acf_changed":false,"footnotes":""},"sujet":[],"class_list":["post-1624","page","type-page","status-publish","has-post-thumbnail","hentry"],"acf":[],"yoast_head":"<!-- This site is optimized with the Yoast SEO plugin v25.3 - https:\/\/yoast.com\/wordpress\/plugins\/seo\/ -->\n<title>Attivit\u00e0 sportive da fare a Calvi | Attivit\u00e0 culturali in Balagne<\/title>\n<meta name=\"robots\" content=\"index, follow, max-snippet:-1, max-image-preview:large, max-video-preview:-1\" \/>\n<link rel=\"canonical\" href=\"https:\/\/www.camping-bellavista.com\/it\/attivita-calvi\/\" \/>\n<meta property=\"og:locale\" content=\"it_IT\" \/>\n<meta property=\"og:type\" content=\"article\" \/>\n<meta property=\"og:title\" content=\"Attivit\u00e0 sportive da fare a Calvi | Attivit\u00e0 culturali in Balagne\" \/>\n<meta property=\"og:url\" content=\"https:\/\/www.camping-bellavista.com\/it\/attivita-calvi\/\" \/>\n<meta property=\"og:site_name\" content=\"Camping Bella Vista\" \/>\n<meta property=\"article:modified_time\" content=\"2023-08-17T13:46:08+00:00\" \/>\n<meta property=\"og:image\" content=\"https:\/\/www.camping-bellavista.com\/wp-content\/uploads\/2021\/12\/camping-location-bateau-balagne.jpg\" \/>\n\t<meta property=\"og:image:width\" content=\"1900\" \/>\n\t<meta property=\"og:image:height\" content=\"700\" \/>\n\t<meta property=\"og:image:type\" content=\"image\/jpeg\" \/>\n<meta name=\"twitter:card\" content=\"summary_large_image\" \/>\n<meta name=\"twitter:label1\" content=\"Tempo di lettura stimato\" \/>\n\t<meta name=\"twitter:data1\" content=\"3 minuti\" \/>\n<script type=\"application\/ld+json\" class=\"yoast-schema-graph\">{\"@context\":\"https:\/\/schema.org\",\"@graph\":[{\"@type\":\"WebPage\",\"@id\":\"https:\/\/www.camping-bellavista.com\/it\/attivita-calvi\/\",\"url\":\"https:\/\/www.camping-bellavista.com\/it\/attivita-calvi\/\",\"name\":\"Attivit\u00e0 sportive da fare a Calvi | Attivit\u00e0 culturali in Balagne\",\"isPartOf\":{\"@id\":\"https:\/\/www.camping-bellavista.com\/it\/#website\"},\"primaryImageOfPage\":{\"@id\":\"https:\/\/www.camping-bellavista.com\/it\/attivita-calvi\/#primaryimage\"},\"image\":{\"@id\":\"https:\/\/www.camping-bellavista.com\/it\/attivita-calvi\/#primaryimage\"},\"thumbnailUrl\":\"https:\/\/www.camping-bellavista.com\/wp-content\/uploads\/2021\/12\/camping-location-bateau-balagne.jpg\",\"datePublished\":\"2021-10-15T09:30:51+00:00\",\"dateModified\":\"2023-08-17T13:46:08+00:00\",\"breadcrumb\":{\"@id\":\"https:\/\/www.camping-bellavista.com\/it\/attivita-calvi\/#breadcrumb\"},\"inLanguage\":\"it-IT\",\"potentialAction\":[{\"@type\":\"ReadAction\",\"target\":[\"https:\/\/www.camping-bellavista.com\/it\/attivita-calvi\/\"]}]},{\"@type\":\"ImageObject\",\"inLanguage\":\"it-IT\",\"@id\":\"https:\/\/www.camping-bellavista.com\/it\/attivita-calvi\/#primaryimage\",\"url\":\"https:\/\/www.camping-bellavista.com\/wp-content\/uploads\/2021\/12\/camping-location-bateau-balagne.jpg\",\"contentUrl\":\"https:\/\/www.camping-bellavista.com\/wp-content\/uploads\/2021\/12\/camping-location-bateau-balagne.jpg\",\"width\":1900,\"height\":700,\"caption\":\"camping location bateau balagne\"},{\"@type\":\"BreadcrumbList\",\"@id\":\"https:\/\/www.camping-bellavista.com\/it\/attivita-calvi\/#breadcrumb\",\"itemListElement\":[{\"@type\":\"ListItem\",\"position\":1,\"name\":\"Campeggio Corse\",\"item\":\"https:\/\/www.camping-bellavista.com\/it\/\"},{\"@type\":\"ListItem\",\"position\":2,\"name\":\"Cose da fare in Balagne\"}]},{\"@type\":\"WebSite\",\"@id\":\"https:\/\/www.camping-bellavista.com\/it\/#website\",\"url\":\"https:\/\/www.camping-bellavista.com\/it\/\",\"name\":\"Camping Bella Vista\",\"description\":\"\",\"publisher\":{\"@id\":\"https:\/\/www.camping-bellavista.com\/it\/#organization\"},\"potentialAction\":[{\"@type\":\"SearchAction\",\"target\":{\"@type\":\"EntryPoint\",\"urlTemplate\":\"https:\/\/www.camping-bellavista.com\/it\/?s={search_term_string}\"},\"query-input\":{\"@type\":\"PropertyValueSpecification\",\"valueRequired\":true,\"valueName\":\"search_term_string\"}}],\"inLanguage\":\"it-IT\"},{\"@type\":\"Organization\",\"@id\":\"https:\/\/www.camping-bellavista.com\/it\/#organization\",\"name\":\"Camping Bellavista\",\"url\":\"https:\/\/www.camping-bellavista.com\/it\/\",\"logo\":{\"@type\":\"ImageObject\",\"inLanguage\":\"it-IT\",\"@id\":\"https:\/\/www.camping-bellavista.com\/it\/#\/schema\/logo\/image\/\",\"url\":\"https:\/\/www.camping-bellavista.com\/wp-content\/uploads\/2021\/12\/logo-bella-vista.png\",\"contentUrl\":\"https:\/\/www.camping-bellavista.com\/wp-content\/uploads\/2021\/12\/logo-bella-vista.png\",\"width\":512,\"height\":512,\"caption\":\"Camping Bellavista\"},\"image\":{\"@id\":\"https:\/\/www.camping-bellavista.com\/it\/#\/schema\/logo\/image\/\"}}]}<\/script>\n<!-- \/ Yoast SEO plugin. -->","yoast_head_json":{"title":"Attivit\u00e0 sportive da fare a Calvi | Attivit\u00e0 culturali in Balagne","robots":{"index":"index","follow":"follow","max-snippet":"max-snippet:-1","max-image-preview":"max-image-preview:large","max-video-preview":"max-video-preview:-1"},"canonical":"https:\/\/www.camping-bellavista.com\/it\/attivita-calvi\/","og_locale":"it_IT","og_type":"article","og_title":"Attivit\u00e0 sportive da fare a Calvi | Attivit\u00e0 culturali in Balagne","og_url":"https:\/\/www.camping-bellavista.com\/it\/attivita-calvi\/","og_site_name":"Camping Bella Vista","article_modified_time":"2023-08-17T13:46:08+00:00","og_image":[{"width":1900,"height":700,"url":"https:\/\/www.camping-bellavista.com\/wp-content\/uploads\/2021\/12\/camping-location-bateau-balagne.jpg","type":"image\/jpeg"}],"twitter_card":"summary_large_image","twitter_misc":{"Tempo di lettura stimato":"3 minuti"},"schema":{"@context":"https:\/\/schema.org","@graph":[{"@type":"WebPage","@id":"https:\/\/www.camping-bellavista.com\/it\/attivita-calvi\/","url":"https:\/\/www.camping-bellavista.com\/it\/attivita-calvi\/","name":"Attivit\u00e0 sportive da fare a Calvi | Attivit\u00e0 culturali in Balagne","isPartOf":{"@id":"https:\/\/www.camping-bellavista.com\/it\/#website"},"primaryImageOfPage":{"@id":"https:\/\/www.camping-bellavista.com\/it\/attivita-calvi\/#primaryimage"},"image":{"@id":"https:\/\/www.camping-bellavista.com\/it\/attivita-calvi\/#primaryimage"},"thumbnailUrl":"https:\/\/www.camping-bellavista.com\/wp-content\/uploads\/2021\/12\/camping-location-bateau-balagne.jpg","datePublished":"2021-10-15T09:30:51+00:00","dateModified":"2023-08-17T13:46:08+00:00","breadcrumb":{"@id":"https:\/\/www.camping-bellavista.com\/it\/attivita-calvi\/#breadcrumb"},"inLanguage":"it-IT","potentialAction":[{"@type":"ReadAction","target":["https:\/\/www.camping-bellavista.com\/it\/attivita-calvi\/"]}]},{"@type":"ImageObject","inLanguage":"it-IT","@id":"https:\/\/www.camping-bellavista.com\/it\/attivita-calvi\/#primaryimage","url":"https:\/\/www.camping-bellavista.com\/wp-content\/uploads\/2021\/12\/camping-location-bateau-balagne.jpg","contentUrl":"https:\/\/www.camping-bellavista.com\/wp-content\/uploads\/2021\/12\/camping-location-bateau-balagne.jpg","width":1900,"height":700,"caption":"camping location bateau balagne"},{"@type":"BreadcrumbList","@id":"https:\/\/www.camping-bellavista.com\/it\/attivita-calvi\/#breadcrumb","itemListElement":[{"@type":"ListItem","position":1,"name":"Campeggio Corse","item":"https:\/\/www.camping-bellavista.com\/it\/"},{"@type":"ListItem","position":2,"name":"Cose da fare in Balagne"}]},{"@type":"WebSite","@id":"https:\/\/www.camping-bellavista.com\/it\/#website","url":"https:\/\/www.camping-bellavista.com\/it\/","name":"Camping Bella Vista","description":"","publisher":{"@id":"https:\/\/www.camping-bellavista.com\/it\/#organization"},"potentialAction":[{"@type":"SearchAction","target":{"@type":"EntryPoint","urlTemplate":"https:\/\/www.camping-bellavista.com\/it\/?s={search_term_string}"},"query-input":{"@type":"PropertyValueSpecification","valueRequired":true,"valueName":"search_term_string"}}],"inLanguage":"it-IT"},{"@type":"Organization","@id":"https:\/\/www.camping-bellavista.com\/it\/#organization","name":"Camping Bellavista","url":"https:\/\/www.camping-bellavista.com\/it\/","logo":{"@type":"ImageObject","inLanguage":"it-IT","@id":"https:\/\/www.camping-bellavista.com\/it\/#\/schema\/logo\/image\/","url":"https:\/\/www.camping-bellavista.com\/wp-content\/uploads\/2021\/12\/logo-bella-vista.png","contentUrl":"https:\/\/www.camping-bellavista.com\/wp-content\/uploads\/2021\/12\/logo-bella-vista.png","width":512,"height":512,"caption":"Camping Bellavista"},"image":{"@id":"https:\/\/www.camping-bellavista.com\/it\/#\/schema\/logo\/image\/"}}]}},"_links":{"self":[{"href":"https:\/\/www.camping-bellavista.com\/it\/wp-json\/wp\/v2\/pages\/1624"}],"collection":[{"href":"https:\/\/www.camping-bellavista.com\/it\/wp-json\/wp\/v2\/pages"}],"about":[{"href":"https:\/\/www.camping-bellavista.com\/it\/wp-json\/wp\/v2\/types\/page"}],"author":[{"embeddable":true,"href":"https:\/\/www.camping-bellavista.com\/it\/wp-json\/wp\/v2\/users\/1"}],"replies":[{"embeddable":true,"href":"https:\/\/www.camping-bellavista.com\/it\/wp-json\/wp\/v2\/comments?post=1624"}],"version-history":[{"count":8,"href":"https:\/\/www.camping-bellavista.com\/it\/wp-json\/wp\/v2\/pages\/1624\/revisions"}],"predecessor-version":[{"id":7017,"href":"https:\/\/www.camping-bellavista.com\/it\/wp-json\/wp\/v2\/pages\/1624\/revisions\/7017"}],"wp:featuredmedia":[{"embeddable":true,"href":"https:\/\/www.camping-bellavista.com\/it\/wp-json\/wp\/v2\/media\/1625"}],"wp:attachment":[{"href":"https:\/\/www.camping-bellavista.com\/it\/wp-json\/wp\/v2\/media?parent=1624"}],"wp:term":[{"taxonomy":"sujet","embeddable":true,"href":"https:\/\/www.camping-bellavista.com\/it\/wp-json\/wp\/v2\/sujet?post=1624"}],"curies":[{"name":"wp","href":"https:\/\/api.w.org\/{rel}","templated":true}]}}