{"id":1988,"date":"2021-10-15T11:31:27","date_gmt":"2021-10-15T09:31:27","guid":{"rendered":"http:\/\/www.camping-bellavista.com\/camping-balagne\/"},"modified":"2023-08-17T15:48:52","modified_gmt":"2023-08-17T13:48:52","slug":"campeggio-balagne","status":"publish","type":"page","link":"https:\/\/www.camping-bellavista.com\/it\/campeggio-balagne\/","title":{"rendered":"La Balagne"},"content":{"rendered":"<section id=\"ls-section-block_caf5115ca0634524b58b9c8ab9d88bc9\" class=\"ls-section \" >\r\n        <div class=\"container \">\r\n        \n\n<h1 class=\"ls__heading wp-block-heading has-text-align-center has-color-2-color has-text-color\">Campeggio di Balagne<\/h1>\n\n\r\n    <\/div>\r\n<\/section>\n\n<section id=\"ls-section-block_7bde02fd4d121d208d574ae624e65429\" class=\"ls-section  has-p-t p-t-0\" >\r\n        <div class=\"container container--wide\">\r\n        \n\n<div class=\"wp-block-columns are-vertically-aligned-center is-layout-flex wp-container-core-columns-is-layout-1 wp-block-columns-is-layout-flex\">\n<div class=\"wp-block-column is-vertically-aligned-center fancybox is-layout-flow wp-block-column-is-layout-flow\">\n<figure class=\"wp-block-image size-large\"><a href=\"https:\/\/www.camping-bellavista.com\/wp-content\/uploads\/2021\/12\/camping-ile-rousse-balagne.jpg\"><img decoding=\"async\" width=\"1200\" height=\"800\" src=\"https:\/\/www.camping-bellavista.com\/wp-content\/uploads\/2021\/12\/camping-ile-rousse-balagne.jpg\" alt=\"camping ile rousse balagne\" class=\"wp-image-1876\" srcset=\"https:\/\/www.camping-bellavista.com\/wp-content\/uploads\/2021\/12\/camping-ile-rousse-balagne.jpg 1200w, https:\/\/www.camping-bellavista.com\/wp-content\/uploads\/2021\/12\/camping-ile-rousse-balagne-300x200.jpg 300w, https:\/\/www.camping-bellavista.com\/wp-content\/uploads\/2021\/12\/camping-ile-rousse-balagne-1024x683.jpg 1024w, https:\/\/www.camping-bellavista.com\/wp-content\/uploads\/2021\/12\/camping-ile-rousse-balagne-768x512.jpg 768w\" sizes=\"(max-width: 1200px) 100vw, 1200px\" \/><\/a><\/figure>\n<\/div>\n\n\n\n<div class=\"wp-block-column is-vertically-aligned-center is-layout-flow wp-block-column-is-layout-flow\">\n<h2 class=\"ls__heading wp-block-heading has-color-2-color has-text-color\">Top 5 dei posti da vedere in Balagne<\/h2>\n\n\n\n<p class=\"ls-paragraph\">Nel nord-ovest della Corsica, la Balagne vi accoglie. Tra la costa e le sue spiagge paradisiache, l&#8217;entroterra e i suoi villaggi tipici, le montagne e le foreste, la regione della Balagne offre un&#8217;incredibile diversit\u00e0 di paesaggi. Da non perdere Calvi e la sua imperdibile cittadella ai piedi del Monte Cisto.<\/p>\n\n\n\n<p class=\"ls-paragraph\">L&#8217;\u00cele Rousse vi accoglie sulla Place Paoli. Scoprite i villaggi balcone dell&#8217;entroterra dell&#8217;Isola della Bellezza camminando attraverso la valle del Reginu.<\/p>\n\n\n\n<p class=\"ls-paragraph\">Nel villaggio di Calenzana scoprirete i suoi tesori gastronomici, i suoi artigiani e gli spazi naturali che non vorrete mai lasciare. Infine, godetevi le incredibili spiagge di sabbia fine di Gal\u00e9ria.<\/p>\n<\/div>\n<\/div>\n\n\r\n    <\/div>\r\n<\/section>\n\n<section id=\"ls-section-block_04076872feda72284a6ada18051e2844\" class=\"ls-section  has-background-image has-parallax has-background has-color-black-background-color has-p-t p-t-16 has-p-b p-b-16\" >\r\n    <div class=\"ls-section__background-image opacity-50\"><img decoding=\"async\" src=\"https:\/\/www.camping-bellavista.com\/wp-content\/uploads\/2023\/08\/camping-tourisme-train-littoral-balagne-1.jpg\" alt=\"\"><\/div>    <div class=\"container container--wide\">\r\n        \n\n<h2 class=\"ls__heading wp-block-heading has-text-align-center m-t-0 m-b-0 has-color-white-color has-text-color\">Le 5 cose migliori da fare in Balagne<\/h2>\n\n\n\n<p class=\"ls-paragraph has-text-align-center has-color-white-color has-text-color\">La Corsica e la Balagne in particolare soddisferanno sia gli oziosi che i pi\u00f9 sportivi. Fate un giro sul trenino costiero U Trinichellu che percorre tutte le spiagge da Calvi a Ile Rousse.<\/p>\n\n\n\n<p class=\"ls-paragraph has-text-align-center m-t-0 m-b-0 has-color-white-color has-text-color\">Questo \u00e8 un modo meraviglioso per scoprire la costa balinese! Fermatevi a rilassarvi su una delle spiagge pi\u00f9 impressionanti della Corsica: la spiaggia degli Ostirconi.<\/p>\n\n\n\n<p class=\"ls-paragraph has-text-align-center has-color-white-color has-text-color\"><span style=\"color:#fff\" class=\"tadv-color\">Per scoprire l&#8217;entroterra, prendi l&#8217;itinerario degli artigiani da Pietralba a Gal\u00e9ria. Gli appassionati di trekking saranno felici di seguire il GR20 e il Mare \u00e8 Monti con passeggiate indimenticabili da Bonifatu a Calenzana. Infine, per i pi\u00f9 attivi, non perdete l&#8217;occasione di fare canyon lungo i pi\u00f9 bei fiumi della Corsica!&nbsp;<\/span><\/p>\n\n\r\n    <\/div>\r\n<\/section>\n\n<section id=\"ls-section-block_ef337e07f6e7c7375ed7a8fd041371cb\" class=\"ls-section  has-p-b p-b-6\" >\r\n        <div class=\"container container--wide\">\r\n        \n\n<div class=\"wp-block-columns are-vertically-aligned-center is-layout-flex wp-container-core-columns-is-layout-3 wp-block-columns-is-layout-flex\">\n<div class=\"wp-block-column is-vertically-aligned-center is-layout-flow wp-block-column-is-layout-flow\">\n<h2 class=\"ls__heading wp-block-heading has-color-2-color has-text-color\">Campeggio de Balagne<\/h2>\n\n\n\n<p class=\"ls-paragraph\">Scegliendo il campeggio Bella Vista di Calvi, sarete in una posizione ideale per scoprire la Balagne e tutti i suoi tesori. La sua posizione \u00e8 centrale e sarete vicini a tutte le attivit\u00e0 e luoghi da non perdere in Balagne.<\/p>\n\n\n\n<p class=\"ls-paragraph\">Vicino a Calvi e non lontano da Ile Rousse, avrete un facile accesso alla costa dell&#8217;isola. Le immense spiagge, le piccole insenature selvagge, le penisole, ma anche le passeggiate in montagna o nella foresta e la scoperta degli innumerevoli piccoli villaggi tipici della Corsica sono vostre.<\/p>\n<\/div>\n\n\n\n<div class=\"wp-block-column is-vertically-aligned-center fancybox is-layout-flow wp-block-column-is-layout-flow\">\n<div class=\"wp-block-columns is-layout-flex wp-container-core-columns-is-layout-2 wp-block-columns-is-layout-flex\">\n<div class=\"wp-block-column is-layout-flow wp-block-column-is-layout-flow\">\n<figure class=\"wp-block-image size-large\"><a href=\"https:\/\/www.camping-bellavista.com\/wp-content\/uploads\/2021\/12\/camping-tourisme-balagne-speloncato.jpg\"><img decoding=\"async\" width=\"1200\" height=\"800\" src=\"https:\/\/www.camping-bellavista.com\/wp-content\/uploads\/2021\/12\/camping-tourisme-balagne-speloncato.jpg\" alt=\"camping tourisme balagne speloncato\" class=\"wp-image-1888\" srcset=\"https:\/\/www.camping-bellavista.com\/wp-content\/uploads\/2021\/12\/camping-tourisme-balagne-speloncato.jpg 1200w, https:\/\/www.camping-bellavista.com\/wp-content\/uploads\/2021\/12\/camping-tourisme-balagne-speloncato-300x200.jpg 300w, https:\/\/www.camping-bellavista.com\/wp-content\/uploads\/2021\/12\/camping-tourisme-balagne-speloncato-1024x683.jpg 1024w, https:\/\/www.camping-bellavista.com\/wp-content\/uploads\/2021\/12\/camping-tourisme-balagne-speloncato-768x512.jpg 768w\" sizes=\"(max-width: 1200px) 100vw, 1200px\" \/><\/a><\/figure>\n<\/div>\n\n\n\n<div class=\"wp-block-column is-layout-flow wp-block-column-is-layout-flow\">\n<figure class=\"wp-block-image size-large\"><a href=\"https:\/\/www.camping-bellavista.com\/wp-content\/uploads\/2021\/12\/camping-tourisme-galeria-balagne.jpg\"><img decoding=\"async\" width=\"1200\" height=\"800\" src=\"https:\/\/www.camping-bellavista.com\/wp-content\/uploads\/2021\/12\/camping-tourisme-galeria-balagne.jpg\" alt=\"camping tourisme galeria balagne\" class=\"wp-image-1885\" srcset=\"https:\/\/www.camping-bellavista.com\/wp-content\/uploads\/2021\/12\/camping-tourisme-galeria-balagne.jpg 1200w, https:\/\/www.camping-bellavista.com\/wp-content\/uploads\/2021\/12\/camping-tourisme-galeria-balagne-300x200.jpg 300w, https:\/\/www.camping-bellavista.com\/wp-content\/uploads\/2021\/12\/camping-tourisme-galeria-balagne-1024x683.jpg 1024w, https:\/\/www.camping-bellavista.com\/wp-content\/uploads\/2021\/12\/camping-tourisme-galeria-balagne-768x512.jpg 768w\" sizes=\"(max-width: 1200px) 100vw, 1200px\" \/><\/a><\/figure>\n<\/div>\n<\/div>\n\n\n\n<figure class=\"wp-block-image size-large\"><a href=\"https:\/\/www.camping-bellavista.com\/wp-content\/uploads\/2021\/12\/camping-tourisme-calenzana-balagne.jpg\"><img decoding=\"async\" width=\"1200\" height=\"800\" src=\"https:\/\/www.camping-bellavista.com\/wp-content\/uploads\/2021\/12\/camping-tourisme-calenzana-balagne.jpg\" alt=\"camping tourisme calenzana balagne\" class=\"wp-image-1882\" srcset=\"https:\/\/www.camping-bellavista.com\/wp-content\/uploads\/2021\/12\/camping-tourisme-calenzana-balagne.jpg 1200w, https:\/\/www.camping-bellavista.com\/wp-content\/uploads\/2021\/12\/camping-tourisme-calenzana-balagne-300x200.jpg 300w, https:\/\/www.camping-bellavista.com\/wp-content\/uploads\/2021\/12\/camping-tourisme-calenzana-balagne-1024x683.jpg 1024w, https:\/\/www.camping-bellavista.com\/wp-content\/uploads\/2021\/12\/camping-tourisme-calenzana-balagne-768x512.jpg 768w\" sizes=\"(max-width: 1200px) 100vw, 1200px\" \/><\/a><\/figure>\n<\/div>\n<\/div>\n\n\r\n    <\/div>\r\n<\/section>\n\n<section id=\"ls-section-block_66297c0317b5df9570707a0489ea8571\" class=\"ls-section  has-p-t p-t-1\" >\r\n        <div class=\"container container--wide\">\r\n        \n\n<p class=\"ls-paragraph ls__heading has-text-align-center has-color-2-color has-text-color has-large-font-size\">Scoprire le citt\u00e0 e i villaggi della Balagne<\/p>\n\n\n\n<div class=\"wp-block-columns is-layout-flex wp-container-core-columns-is-layout-4 wp-block-columns-is-layout-flex\">\n<div class=\"wp-block-column is-layout-flow wp-block-column-is-layout-flow\">\r\n<div id=\"ls-cta-block_07a8282966206c6ce577f2a6431afe09\" class=\"ls-cta\">  \r\n    \r\n\r\n<a href=\"http:\/\/www.camping-bellavista.com\/tourisme-calvi\/\" target=\"\" rel=\"noopener\" class=\"ls-cta__link\">\r\n\r\n\t<div class=\"ls-cta__image\"><img decoding=\"async\" src=\"https:\/\/www.camping-bellavista.com\/wp-content\/uploads\/2021\/12\/camping-citadelle-calvi-768x512.jpg\" alt=\"camping citadelle calvi\"><\/div>\r\n\t<div class=\"ls-cta__title\">\r\n\t\tCalvi\t<\/div>\r\n\r\n\t\t\r\n<\/a><\/div><\/div>\n\n\n\n<div class=\"wp-block-column is-layout-flow wp-block-column-is-layout-flow\">\r\n<div id=\"ls-cta-block_facd978e0f0c307592643ee85be979e8\" class=\"ls-cta\">  \r\n    \r\n\r\n<a href=\"http:\/\/www.camping-bellavista.com\/camping-calenzana\/\" target=\"\" rel=\"noopener\" class=\"ls-cta__link\">\r\n\r\n\t<div class=\"ls-cta__image\"><img decoding=\"async\" src=\"https:\/\/www.camping-bellavista.com\/wp-content\/uploads\/2021\/12\/camping-tourisme-calenzana-balagne-1-768x512.jpg\" alt=\"camping tourisme calenzana balagne\"><\/div>\r\n\t<div class=\"ls-cta__title\">\r\n\t\tCalenzana\t<\/div>\r\n\r\n\t\t\r\n<\/a><\/div><\/div>\n\n\n\n<div class=\"wp-block-column is-layout-flow wp-block-column-is-layout-flow\">\r\n<div id=\"ls-cta-block_46879181e64ed462f991e21ef11a9641\" class=\"ls-cta\">  \r\n    \r\n\r\n<a href=\"http:\/\/www.camping-bellavista.com\/camping-ile-rousse\/\" target=\"\" rel=\"noopener\" class=\"ls-cta__link\">\r\n\r\n\t<div class=\"ls-cta__image\"><img decoding=\"async\" src=\"https:\/\/www.camping-bellavista.com\/wp-content\/uploads\/2021\/12\/camping-tourisme-ile-rousse-balagne-1-768x512.jpg\" alt=\"camping tourisme ile rousse balagne\"><\/div>\r\n\t<div class=\"ls-cta__title\">\r\n\t\tIsola Rossa\t<\/div>\r\n\r\n\t\t\r\n<\/a><\/div><\/div>\n<\/div>\n\n\r\n    <\/div>\r\n<\/section>","protected":false},"excerpt":{"rendered":"","protected":false},"author":1,"featured_media":1873,"parent":0,"menu_order":0,"comment_status":"closed","ping_status":"closed","template":"","meta":{"_acf_changed":false,"footnotes":""},"sujet":[],"class_list":["post-1988","page","type-page","status-publish","has-post-thumbnail","hentry"],"acf":[],"yoast_head":"<!-- This site is optimized with the Yoast SEO plugin v25.3 - https:\/\/yoast.com\/wordpress\/plugins\/seo\/ -->\n<title>Campeggio vicino a Balagne | Visitare Balagne | Cose da fare Balagne<\/title>\n<meta name=\"robots\" content=\"index, follow, max-snippet:-1, max-image-preview:large, max-video-preview:-1\" \/>\n<link rel=\"canonical\" href=\"https:\/\/www.camping-bellavista.com\/it\/campeggio-balagne\/\" \/>\n<meta property=\"og:locale\" content=\"it_IT\" \/>\n<meta property=\"og:type\" content=\"article\" \/>\n<meta property=\"og:title\" content=\"Campeggio vicino a Balagne | Visitare Balagne | Cose da fare Balagne\" \/>\n<meta property=\"og:url\" content=\"https:\/\/www.camping-bellavista.com\/it\/campeggio-balagne\/\" \/>\n<meta property=\"og:site_name\" content=\"Camping Bella Vista\" \/>\n<meta property=\"article:modified_time\" content=\"2023-08-17T13:48:52+00:00\" \/>\n<meta property=\"og:image\" content=\"https:\/\/www.camping-bellavista.com\/wp-content\/uploads\/2021\/12\/camping-tourisme-plage-ostriconi-balagnei.jpg\" \/>\n\t<meta property=\"og:image:width\" content=\"1900\" \/>\n\t<meta property=\"og:image:height\" content=\"700\" \/>\n\t<meta property=\"og:image:type\" content=\"image\/jpeg\" \/>\n<meta name=\"twitter:card\" content=\"summary_large_image\" \/>\n<meta name=\"twitter:label1\" content=\"Tempo di lettura stimato\" \/>\n\t<meta name=\"twitter:data1\" content=\"3 minuti\" \/>\n<script type=\"application\/ld+json\" class=\"yoast-schema-graph\">{\"@context\":\"https:\/\/schema.org\",\"@graph\":[{\"@type\":\"WebPage\",\"@id\":\"https:\/\/www.camping-bellavista.com\/it\/campeggio-balagne\/\",\"url\":\"https:\/\/www.camping-bellavista.com\/it\/campeggio-balagne\/\",\"name\":\"Campeggio vicino a Balagne | Visitare Balagne | Cose da fare Balagne\",\"isPartOf\":{\"@id\":\"https:\/\/www.camping-bellavista.com\/it\/#website\"},\"primaryImageOfPage\":{\"@id\":\"https:\/\/www.camping-bellavista.com\/it\/campeggio-balagne\/#primaryimage\"},\"image\":{\"@id\":\"https:\/\/www.camping-bellavista.com\/it\/campeggio-balagne\/#primaryimage\"},\"thumbnailUrl\":\"https:\/\/www.camping-bellavista.com\/wp-content\/uploads\/2021\/12\/camping-tourisme-plage-ostriconi-balagnei.jpg\",\"datePublished\":\"2021-10-15T09:31:27+00:00\",\"dateModified\":\"2023-08-17T13:48:52+00:00\",\"breadcrumb\":{\"@id\":\"https:\/\/www.camping-bellavista.com\/it\/campeggio-balagne\/#breadcrumb\"},\"inLanguage\":\"it-IT\",\"potentialAction\":[{\"@type\":\"ReadAction\",\"target\":[\"https:\/\/www.camping-bellavista.com\/it\/campeggio-balagne\/\"]}]},{\"@type\":\"ImageObject\",\"inLanguage\":\"it-IT\",\"@id\":\"https:\/\/www.camping-bellavista.com\/it\/campeggio-balagne\/#primaryimage\",\"url\":\"https:\/\/www.camping-bellavista.com\/wp-content\/uploads\/2021\/12\/camping-tourisme-plage-ostriconi-balagnei.jpg\",\"contentUrl\":\"https:\/\/www.camping-bellavista.com\/wp-content\/uploads\/2021\/12\/camping-tourisme-plage-ostriconi-balagnei.jpg\",\"width\":1900,\"height\":700,\"caption\":\"camping tourisme plage ostriconi balagne\"},{\"@type\":\"BreadcrumbList\",\"@id\":\"https:\/\/www.camping-bellavista.com\/it\/campeggio-balagne\/#breadcrumb\",\"itemListElement\":[{\"@type\":\"ListItem\",\"position\":1,\"name\":\"Campeggio Corse\",\"item\":\"https:\/\/www.camping-bellavista.com\/it\/\"},{\"@type\":\"ListItem\",\"position\":2,\"name\":\"Campeggio vicino a Balagne\"}]},{\"@type\":\"WebSite\",\"@id\":\"https:\/\/www.camping-bellavista.com\/it\/#website\",\"url\":\"https:\/\/www.camping-bellavista.com\/it\/\",\"name\":\"Camping Bella Vista\",\"description\":\"\",\"publisher\":{\"@id\":\"https:\/\/www.camping-bellavista.com\/it\/#organization\"},\"potentialAction\":[{\"@type\":\"SearchAction\",\"target\":{\"@type\":\"EntryPoint\",\"urlTemplate\":\"https:\/\/www.camping-bellavista.com\/it\/?s={search_term_string}\"},\"query-input\":{\"@type\":\"PropertyValueSpecification\",\"valueRequired\":true,\"valueName\":\"search_term_string\"}}],\"inLanguage\":\"it-IT\"},{\"@type\":\"Organization\",\"@id\":\"https:\/\/www.camping-bellavista.com\/it\/#organization\",\"name\":\"Camping Bellavista\",\"url\":\"https:\/\/www.camping-bellavista.com\/it\/\",\"logo\":{\"@type\":\"ImageObject\",\"inLanguage\":\"it-IT\",\"@id\":\"https:\/\/www.camping-bellavista.com\/it\/#\/schema\/logo\/image\/\",\"url\":\"https:\/\/www.camping-bellavista.com\/wp-content\/uploads\/2021\/12\/logo-bella-vista.png\",\"contentUrl\":\"https:\/\/www.camping-bellavista.com\/wp-content\/uploads\/2021\/12\/logo-bella-vista.png\",\"width\":512,\"height\":512,\"caption\":\"Camping Bellavista\"},\"image\":{\"@id\":\"https:\/\/www.camping-bellavista.com\/it\/#\/schema\/logo\/image\/\"}}]}<\/script>\n<!-- \/ Yoast SEO plugin. -->","yoast_head_json":{"title":"Campeggio vicino a Balagne | Visitare Balagne | Cose da fare Balagne","robots":{"index":"index","follow":"follow","max-snippet":"max-snippet:-1","max-image-preview":"max-image-preview:large","max-video-preview":"max-video-preview:-1"},"canonical":"https:\/\/www.camping-bellavista.com\/it\/campeggio-balagne\/","og_locale":"it_IT","og_type":"article","og_title":"Campeggio vicino a Balagne | Visitare Balagne | Cose da fare Balagne","og_url":"https:\/\/www.camping-bellavista.com\/it\/campeggio-balagne\/","og_site_name":"Camping Bella Vista","article_modified_time":"2023-08-17T13:48:52+00:00","og_image":[{"width":1900,"height":700,"url":"https:\/\/www.camping-bellavista.com\/wp-content\/uploads\/2021\/12\/camping-tourisme-plage-ostriconi-balagnei.jpg","type":"image\/jpeg"}],"twitter_card":"summary_large_image","twitter_misc":{"Tempo di lettura stimato":"3 minuti"},"schema":{"@context":"https:\/\/schema.org","@graph":[{"@type":"WebPage","@id":"https:\/\/www.camping-bellavista.com\/it\/campeggio-balagne\/","url":"https:\/\/www.camping-bellavista.com\/it\/campeggio-balagne\/","name":"Campeggio vicino a Balagne | Visitare Balagne | Cose da fare Balagne","isPartOf":{"@id":"https:\/\/www.camping-bellavista.com\/it\/#website"},"primaryImageOfPage":{"@id":"https:\/\/www.camping-bellavista.com\/it\/campeggio-balagne\/#primaryimage"},"image":{"@id":"https:\/\/www.camping-bellavista.com\/it\/campeggio-balagne\/#primaryimage"},"thumbnailUrl":"https:\/\/www.camping-bellavista.com\/wp-content\/uploads\/2021\/12\/camping-tourisme-plage-ostriconi-balagnei.jpg","datePublished":"2021-10-15T09:31:27+00:00","dateModified":"2023-08-17T13:48:52+00:00","breadcrumb":{"@id":"https:\/\/www.camping-bellavista.com\/it\/campeggio-balagne\/#breadcrumb"},"inLanguage":"it-IT","potentialAction":[{"@type":"ReadAction","target":["https:\/\/www.camping-bellavista.com\/it\/campeggio-balagne\/"]}]},{"@type":"ImageObject","inLanguage":"it-IT","@id":"https:\/\/www.camping-bellavista.com\/it\/campeggio-balagne\/#primaryimage","url":"https:\/\/www.camping-bellavista.com\/wp-content\/uploads\/2021\/12\/camping-tourisme-plage-ostriconi-balagnei.jpg","contentUrl":"https:\/\/www.camping-bellavista.com\/wp-content\/uploads\/2021\/12\/camping-tourisme-plage-ostriconi-balagnei.jpg","width":1900,"height":700,"caption":"camping tourisme plage ostriconi balagne"},{"@type":"BreadcrumbList","@id":"https:\/\/www.camping-bellavista.com\/it\/campeggio-balagne\/#breadcrumb","itemListElement":[{"@type":"ListItem","position":1,"name":"Campeggio Corse","item":"https:\/\/www.camping-bellavista.com\/it\/"},{"@type":"ListItem","position":2,"name":"Campeggio vicino a Balagne"}]},{"@type":"WebSite","@id":"https:\/\/www.camping-bellavista.com\/it\/#website","url":"https:\/\/www.camping-bellavista.com\/it\/","name":"Camping Bella Vista","description":"","publisher":{"@id":"https:\/\/www.camping-bellavista.com\/it\/#organization"},"potentialAction":[{"@type":"SearchAction","target":{"@type":"EntryPoint","urlTemplate":"https:\/\/www.camping-bellavista.com\/it\/?s={search_term_string}"},"query-input":{"@type":"PropertyValueSpecification","valueRequired":true,"valueName":"search_term_string"}}],"inLanguage":"it-IT"},{"@type":"Organization","@id":"https:\/\/www.camping-bellavista.com\/it\/#organization","name":"Camping Bellavista","url":"https:\/\/www.camping-bellavista.com\/it\/","logo":{"@type":"ImageObject","inLanguage":"it-IT","@id":"https:\/\/www.camping-bellavista.com\/it\/#\/schema\/logo\/image\/","url":"https:\/\/www.camping-bellavista.com\/wp-content\/uploads\/2021\/12\/logo-bella-vista.png","contentUrl":"https:\/\/www.camping-bellavista.com\/wp-content\/uploads\/2021\/12\/logo-bella-vista.png","width":512,"height":512,"caption":"Camping Bellavista"},"image":{"@id":"https:\/\/www.camping-bellavista.com\/it\/#\/schema\/logo\/image\/"}}]}},"_links":{"self":[{"href":"https:\/\/www.camping-bellavista.com\/it\/wp-json\/wp\/v2\/pages\/1988"}],"collection":[{"href":"https:\/\/www.camping-bellavista.com\/it\/wp-json\/wp\/v2\/pages"}],"about":[{"href":"https:\/\/www.camping-bellavista.com\/it\/wp-json\/wp\/v2\/types\/page"}],"author":[{"embeddable":true,"href":"https:\/\/www.camping-bellavista.com\/it\/wp-json\/wp\/v2\/users\/1"}],"replies":[{"embeddable":true,"href":"https:\/\/www.camping-bellavista.com\/it\/wp-json\/wp\/v2\/comments?post=1988"}],"version-history":[{"count":9,"href":"https:\/\/www.camping-bellavista.com\/it\/wp-json\/wp\/v2\/pages\/1988\/revisions"}],"predecessor-version":[{"id":7029,"href":"https:\/\/www.camping-bellavista.com\/it\/wp-json\/wp\/v2\/pages\/1988\/revisions\/7029"}],"wp:featuredmedia":[{"embeddable":true,"href":"https:\/\/www.camping-bellavista.com\/it\/wp-json\/wp\/v2\/media\/1873"}],"wp:attachment":[{"href":"https:\/\/www.camping-bellavista.com\/it\/wp-json\/wp\/v2\/media?parent=1988"}],"wp:term":[{"taxonomy":"sujet","embeddable":true,"href":"https:\/\/www.camping-bellavista.com\/it\/wp-json\/wp\/v2\/sujet?post=1988"}],"curies":[{"name":"wp","href":"https:\/\/api.w.org\/{rel}","templated":true}]}}