{"id":2047,"date":"2021-10-15T11:05:10","date_gmt":"2021-10-15T09:05:10","guid":{"rendered":"http:\/\/www.camping-bellavista.com\/politique-de-confidentialite\/"},"modified":"2021-12-15T14:44:50","modified_gmt":"2021-12-15T13:44:50","slug":"politica-sulla-riservatezza","status":"publish","type":"page","link":"https:\/\/www.camping-bellavista.com\/it\/politica-sulla-riservatezza\/","title":{"rendered":"Politique de confidentialit\u00e9"},"content":{"rendered":"<section id=\"ls-section-block_61967299e852c\" class=\"ls-section \" >\r\n        <div class=\"container container--wide\">\r\n        \n\n<h1 class=\"ls__heading has-text-align-center ls__heading-undefined wp-block-heading\">politica sulla riservatezza<\/h1>\n\n\n\n<p class=\"ls-paragraph\">Questa politica sulla privacy descrive i dati personali che vengono raccolti o generati (elaborati) quando si utilizza il sito web. Questa politica sulla privacy descrive i tipi di dati personali raccolti quando si utilizza il nostro sito e come i dati personali vengono utilizzati, condivisi e protetti. Spiega anche le scelte che hai riguardo ai tuoi dati personali e come contattarci.<\/p>\n\n\n\n<h2 class=\"ls-heading wp-block-heading\">Tabella dei contenuti<\/h2>\n\n\n\n<ol class=\"ls-list wp-block-list\" value=\"<li class=&quot;ls__list-item is-item-undefined&quot;&gt;<a href=&quot;#gdpr-1&quot;&gt;Chi siamo ?<\/a&gt;<\/li&gt;<li class=&quot;ls__list-item is-item-undefined&quot;&gt;<a href=&quot;#gdpr-2&quot;&gt;Uso dei dati personali raccolti<\/a&gt;<\/li&gt;<li class=&quot;ls__list-item is-item-undefined&quot;&gt;<a href=&quot;#gdpr-3&quot;&gt;Commenti<\/a&gt;<\/li&gt;<li class=&quot;ls__list-item is-item-undefined&quot;&gt;<a href=&quot;#gdpr-4&quot;&gt;Media<\/a&gt;<\/li&gt;<li class=&quot;ls__list-item is-item-undefined&quot;&gt;<a href=&quot;#gdpr-5&quot;&gt;Moduli di contatto<\/a&gt;<\/li&gt;<li class=&quot;ls__list-item is-item-undefined&quot;&gt;<a href=&quot;#gdpr-6&quot;&gt;Uso dei cookie<\/a&gt;<\/li&gt;<li class=&quot;ls__list-item is-item-undefined&quot;&gt;<a href=&quot;#gdpr-7&quot;&gt;Statistiche e misurazione del pubblico<\/a&gt;<\/li&gt;<li class=&quot;ls__list-item is-item-undefined&quot;&gt;<a href=&quot;#gdpr-8&quot;&gt;Per quanto tempo vengono conservati i suoi dati<\/a&gt;<\/li&gt;<li class=&quot;ls__list-item is-item-undefined&quot;&gt;<a href=&quot;#gdpr-9&quot;&gt;I diritti che ha sui suoi dati<\/a&gt;<\/li&gt;<li class=&quot;ls__list-item is-item-undefined&quot;&gt;<a href=&quot;#gdpr-10&quot;&gt;Trasmissione dei suoi dati personali<\/a&gt;<\/li&gt;<li class=&quot;ls__list-item is-item-undefined&quot;&gt;<a href=&quot;#gdpr-11&quot;&gt;Come proteggiamo i suoi dati<\/a&gt;<\/li&gt;<li class=&quot;ls__list-item is-item-undefined&quot;&gt;<a href=&quot;#gdpr-12&quot;&gt;Informazioni di contatto<\/a&gt;<\/li&gt;\"><li><a href=\"#gdpr-1\">Chi siamo ?<\/a><\/li><li><a href=\"#gdpr-2\">Uso dei dati personali raccolti<\/a><\/li><li><a href=\"#gdpr-3\">Commenti<\/a><\/li><li><a href=\"#gdpr-4\">Media<\/a><\/li><li><a href=\"#gdpr-5\">Moduli di contatto<\/a><\/li><li><a href=\"#gdpr-6\">Uso dei cookie<\/a><\/li><li><a href=\"#gdpr-7\">Statistiche e misurazione del pubblico<\/a><\/li><li><a href=\"#gdpr-8\">Per quanto tempo vengono conservati i suoi dati<\/a><\/li><li><a href=\"#gdpr-9\">I diritti che ha sui suoi dati<\/a><\/li><li><a href=\"#gdpr-10\">Trasmissione dei suoi dati personali<\/a><\/li><li><a href=\"#gdpr-11\">Come proteggiamo i suoi dati<\/a><\/li><li><a href=\"#gdpr-12\">Informazioni di contatto<\/a><\/li><\/ol>\n\n\n\n<h2 class=\"ls-heading wp-block-heading\" id=\"gdpr-1\">Chi siamo ?<\/h2>\n\n\n\n<p class=\"ls-paragraph\">Scopri tutte le nostre informazioni sulla pagina legale.<\/p>\n\n\n\n<h2 class=\"ls-heading wp-block-heading\" id=\"gdpr-2\">Uso dei dati personali raccolti<\/h2>\n\n\n\n<p class=\"ls-paragraph\">Non raccogliamo automaticamente e direttamente alcun dato su di te.<\/p>\n\n\n\n<p class=\"ls-paragraph\">Nonostante ci\u00f2, possiamo raccogliere informazioni, comprese quelle personali, da terze parti (vedi la sezione Cookies).<\/p>\n\n\n\n<h2 class=\"ls-heading wp-block-heading\" id=\"gdpr-3\">Commenti<\/h2>\n\n\n\n<p class=\"ls-paragraph\">Quando si lascia un commento sul nostro sito web, non solo i dati inseriti nel modulo di commento, ma anche l&#8217;indirizzo IP e l&#8217;agente utente del browser vengono raccolti per aiutarci a rilevare i commenti indesiderati.<\/p>\n\n\n\n<p class=\"ls-paragraph\">Una stringa anonimizzata creata dal tuo indirizzo email (conosciuta anche come hash) pu\u00f2 essere inviata al servizio Gravatar per controllare se stai usando il servizio. L&#8217;informativa sulla privacy del servizio Gravatar \u00e8 disponibile su https:\/\/automattic.com\/privacy\/. Dopo che il tuo commento \u00e8 stato approvato, la tua foto del profilo sar\u00e0 visibile pubblicamente accanto al tuo commento.<\/p>\n\n\n\n<h2 class=\"ls-heading wp-block-heading\" id=\"gdpr-4\">Media<\/h2>\n\n\n\n<p class=\"ls-paragraph\">Se sei un utente registrato e carichi immagini sul sito, ti consigliamo di evitare di caricare immagini contenenti dati EXIF di coordinate GPS. I visitatori del tuo sito web possono scaricare ed estrarre i dati di localizzazione da queste immagini.<\/p>\n\n\n\n<h2 class=\"ls-heading wp-block-heading\" id=\"gdpr-5\">Moduli di contatto<\/h2>\n\n\n\n<p class=\"ls-paragraph\">Lei pu\u00f2 scegliere di fornirci informazioni quando compila un modulo, queste informazioni ci saranno inviate per e-mail e non saranno conservate da nessuna parte se non sul nostro servizio di posta elettronica, e saranno utilizzate al solo scopo di rispondere alla sua richiesta. Se le informazioni possono essere utilizzate per scopi commerciali, questo sar\u00e0 indicato alla fine del modulo. Chiederemo sempre il vostro consenso quando raccogliamo informazioni tramite un modulo.<\/p>\n\n\n\n<h2 class=\"ls-heading wp-block-heading\" id=\"gdpr-6\">Uso dei cookie<\/h2>\n\n\n\n<p class=\"ls-paragraph\"><strong>Cos&#8217;\u00e8 un cookie?<\/strong><\/p>\n\n\n\n<p class=\"ls-paragraph\">Un cookie \u00e8 un piccolo file di dati che viene trasferito e memorizzato sul suo dispositivo. In pratica, un cookie ci permette di riconoscere il vostro browser, la vostra lingua o di memorizzare le vostre preferenze.<\/p>\n\n\n\n<p class=\"ls-paragraph\">Sul nostro sito vengono utilizzati due tipi di cookie: &#8220;cookie di sessione&#8221; e &#8220;cookie persistenti&#8221;. I cookie di sessione scadono quando si chiude il browser, mentre i cookie persistenti rimangono sul dispositivo dopo la chiusura del browser e possono essere utilizzati di nuovo la prossima volta che si visita il nostro sito.<\/p>\n\n\n\n<p class=\"ls-paragraph\">Maggiori informazioni su allaboutcookies.org.<\/p>\n\n\n\n<p class=\"ls-paragraph\"><strong>Biscotti Nos<\/strong><\/p>\n\n\n\n<p class=\"ls-paragraph\">Se lasciate un commento sul nostro sito, vi sar\u00e0 chiesto di salvare il vostro nome, indirizzo e-mail e sito web nei cookie. Questo \u00e8 solo per la tua comodit\u00e0 in modo da non dover inserire queste informazioni se lasci un altro commento pi\u00f9 tardi. Questi cookie scadono dopo un anno.<\/p>\n\n\n\n<p class=\"ls-paragraph\">Se hai un account e accedi a questo sito, verr\u00e0 creato un cookie temporaneo per determinare se il tuo browser accetta i cookie. Non contiene alcun dato personale e sar\u00e0 cancellato automaticamente quando chiuderai il tuo browser.<\/p>\n\n\n\n<p class=\"ls-paragraph\">Quando accedi, impostiamo una serie di cookie per memorizzare le tue informazioni di accesso e le preferenze dello schermo. La durata di un cookie di login \u00e8 di due giorni, e la durata di un cookie di preferenze dello schermo \u00e8 di un anno. Se selezioni &#8220;Ricordami&#8221;, il tuo cookie di accesso sar\u00e0 conservato per una quindicina di giorni. Se ti disconnetti dal tuo account, il cookie di login sar\u00e0 cancellato.<\/p>\n\n\n\n<p class=\"ls-paragraph\">Quando si modifica o si pubblica un articolo, un ulteriore cookie viene memorizzato nel suo browser. Questo cookie non contiene dati personali. Indica semplicemente l&#8217;identificatore dell&#8217;articolo che avete appena modificato. Scade dopo un giorno.<\/p>\n\n\n\n<p class=\"ls-paragraph\"><strong>Cookie di terze parti<\/strong><\/p>\n\n\n\n<p class=\"ls-paragraph\">Gli articoli di questo sito possono includere contenuti incorporati (ad esempio video, immagini, articoli\u2026). Il contenuto incorporato da altri siti si comporta come se il visitatore fosse su quell&#8217;altro sito.<\/p>\n\n\n\n<p class=\"ls-paragraph\">Questi siti web possono raccogliere dati su di te, utilizzare cookie, incorporare strumenti di tracciamento di terze parti, tracciare le tue interazioni con questi contenuti incorporati se hai un account di accesso al loro sito web.<\/p>\n\n\n\n<p class=\"ls-paragraph\">Possiamo permettere ad alcuni partner commerciali di installare tecnologie sul nostro sito. Questi partner utilizzano queste tecnologie per aiutarci ad analizzare come utilizzate il sito, ad esempio notando i servizi di terze parti attraverso i quali siete arrivati alla Piattaforma, per commercializzare e promuovere i nostri servizi sul nostro sito e su siti web di terze parti, per aiutarci a rilevare e prevenire le frodi o a condurre valutazioni dei rischi, o per raccogliere informazioni sulle vostre attivit\u00e0 sul sito.<\/p>\n\n\n\n<p class=\"ls-paragraph\">Il nostro sito web pu\u00f2 utilizzare plugin sociali forniti e gestiti da societ\u00e0 terze, come il pulsante &#8220;Mi piace&#8221; di Facebook. Di conseguenza, l&#8217;utente pu\u00f2 inviare a terzi le informazioni che visualizza in una particolare area del nostro sito. Se non sei collegato al tuo account con la terza parte, la terza parte non sapr\u00e0 chi sei. Se hai effettuato l&#8217;accesso al tuo account con la terza parte, allora la terza parte pu\u00f2 collegare le informazioni o le azioni relative alle tue interazioni con il nostro sito al tuo account con la terza parte. Si prega di fare riferimento all&#8217;informativa sulla privacy della terza parte per saperne di pi\u00f9 sulle loro pratiche relative ai dati.<\/p>\n\n\n\n<p class=\"ls-paragraph\">L&#8217;elenco dei cookie di terze parti utilizzati su questo sito \u00e8 disponibile nel pannello di gestione dei cookie.<\/p>\n\n\n\n<h2 class=\"ls-heading wp-block-heading\" id=\"gdpr-7\">Statistiche e misurazione del pubblico<\/h2>\n\n\n\n<p class=\"ls-paragraph\">In termini di analisi, lavoriamo con Google Analytics per ottenere informazioni sull&#8217;uso del nostro sito web al fine di migliorarlo. Questo pu\u00f2 essere disabilitato dal pannello di gestione dei cookie.<\/p>\n\n\n\n<p class=\"ls-paragraph\">Per evitare che Google Analytics utilizzi le tue informazioni per l&#8217;analisi, puoi anche installare il componente aggiuntivo per il browser Opt-out di Google Analytics cliccando <a href=\"https:\/\/tools.google.com\/dlpage\/gaoptout\" rel=\"noopener\" target=\"_blank\">qui<\/a>. Si prega di notare che non abbiamo alcun controllo su questo link di disattivazione e non siamo responsabili della disponibilit\u00e0 o della precisione di questo meccanismo. Visita <a href=\"https:\/\/support.google.com\/analytics\/answer\/6004245\" rel=\"noopener\" target=\"_blank\">questa documentazione<\/a> per ulteriori informazioni.<\/p>\n\n\n\n<h2 class=\"ls-heading wp-block-heading\" id=\"gdpr-8\">Per quanto tempo vengono conservati i suoi dati<\/h2>\n\n\n\n<p class=\"ls-paragraph\">Se lasci un commento, il commento e i suoi metadati sono conservati a tempo indeterminato. Questo permette ai commenti successivi di essere riconosciuti e approvati automaticamente invece di rimanere nella coda di moderazione.<\/p>\n\n\n\n<p class=\"ls-paragraph\">Per gli utenti che si registrano sul nostro sito (se possibile), memorizziamo anche i dati personali indicati nel loro profilo. Tutti gli utenti possono visualizzare, modificare o cancellare le loro informazioni personali in qualsiasi momento (ad eccezione del loro nome utente). I gestori del sito possono anche visualizzare e modificare queste informazioni.<\/p>\n\n\n\n<h2 class=\"ls-heading wp-block-heading\" id=\"gdpr-9\">I diritti che ha sui suoi dati<\/h2>\n\n\n\n<p class=\"ls-paragraph\">Se hai un account o hai lasciato commenti sul sito, puoi richiedere di ricevere un file contenente tutti i dati personali che abbiamo su di te, compresi quelli che ci hai fornito. Potete anche richiedere la cancellazione dei vostri dati personali. Questo non include i dati memorizzati per scopi amministrativi, legali o di sicurezza.<\/p>\n\n\n\n<h2 class=\"ls-heading wp-block-heading\" id=\"gdpr-10\">Trasmissione dei suoi dati personali<\/h2>\n\n\n\n<p class=\"ls-paragraph\">I commenti dei visitatori possono essere controllati utilizzando un servizio automatico di rilevamento dello spam<\/p>\n\n\n\n<p class=\"ls-paragraph\">Tutti i dati personali che trattiamo sono trattati nel cuore dell&#8217;Unione Europea.<\/p>\n\n\n\n<h2 class=\"ls-heading wp-block-heading\" id=\"gdpr-11\">Come proteggiamo i suoi dati<\/h2>\n\n\n\n<p class=\"ls-paragraph\">Implementiamo e aggiorniamo continuamente la sicurezza del sito per proteggere le vostre informazioni da accessi non autorizzati, perdita, distruzione o alterazione. Lavoriamo quindi per rendere i vostri dati il pi\u00f9 invulnerabili possibile. Poich\u00e9 Internet non \u00e8 un ambiente sicuro al 100%, non possiamo garantire completamente la sicurezza della trasmissione o dell&#8217;immagazzinamento delle sue informazioni.<\/p>\n\n\n\n<h2 class=\"ls-heading wp-block-heading\" id=\"gdpr-12\">Informazioni di contatto<\/h2>\n\n\n\n<p class=\"ls-paragraph\">Se avete richieste o domande sui vostri dati personali, contattateci all&#8217;indirizzo rgpd@geek-tonic.com, ulteriori informazioni di contatto sono disponibili sul nostro avviso legale. La preghiamo di notare che potremmo chiederle di verificare la sua identit\u00e0 prima di dare seguito alla sua richiesta.<\/p>\n\n\r\n    <\/div>\r\n<\/section>","protected":false},"excerpt":{"rendered":"","protected":false},"author":1,"featured_media":0,"parent":0,"menu_order":0,"comment_status":"closed","ping_status":"open","template":"","meta":{"_acf_changed":false,"footnotes":""},"sujet":[],"class_list":["post-2047","page","type-page","status-publish","hentry"],"acf":[],"yoast_head":"<!-- This site is optimized with the Yoast SEO plugin v25.3 - https:\/\/yoast.com\/wordpress\/plugins\/seo\/ -->\n<title>Politica sulla riservatezza- Campeggio Bella Vista<\/title>\n<meta name=\"robots\" content=\"noindex, nofollow\" \/>\n<meta property=\"og:locale\" content=\"it_IT\" \/>\n<meta property=\"og:type\" content=\"article\" \/>\n<meta property=\"og:title\" content=\"Politica sulla riservatezza- Campeggio Bella Vista\" \/>\n<meta property=\"og:url\" content=\"https:\/\/www.camping-bellavista.com\/it\/politica-sulla-riservatezza\/\" \/>\n<meta property=\"og:site_name\" content=\"Camping Bella Vista\" \/>\n<meta property=\"article:modified_time\" content=\"2021-12-15T13:44:50+00:00\" \/>\n<meta name=\"twitter:card\" content=\"summary_large_image\" \/>\n<meta name=\"twitter:label1\" content=\"Tempo di lettura stimato\" \/>\n\t<meta name=\"twitter:data1\" content=\"6 minuti\" \/>\n<script type=\"application\/ld+json\" class=\"yoast-schema-graph\">{\"@context\":\"https:\/\/schema.org\",\"@graph\":[{\"@type\":\"WebPage\",\"@id\":\"https:\/\/www.camping-bellavista.com\/it\/politica-sulla-riservatezza\/\",\"url\":\"https:\/\/www.camping-bellavista.com\/it\/politica-sulla-riservatezza\/\",\"name\":\"Politica sulla riservatezza- Campeggio Bella Vista\",\"isPartOf\":{\"@id\":\"https:\/\/www.camping-bellavista.com\/it\/#website\"},\"datePublished\":\"2021-10-15T09:05:10+00:00\",\"dateModified\":\"2021-12-15T13:44:50+00:00\",\"breadcrumb\":{\"@id\":\"https:\/\/www.camping-bellavista.com\/it\/politica-sulla-riservatezza\/#breadcrumb\"},\"inLanguage\":\"it-IT\",\"potentialAction\":[{\"@type\":\"ReadAction\",\"target\":[\"https:\/\/www.camping-bellavista.com\/it\/politica-sulla-riservatezza\/\"]}]},{\"@type\":\"BreadcrumbList\",\"@id\":\"https:\/\/www.camping-bellavista.com\/it\/politica-sulla-riservatezza\/#breadcrumb\",\"itemListElement\":[{\"@type\":\"ListItem\",\"position\":1,\"name\":\"Campeggio Corse\",\"item\":\"https:\/\/www.camping-bellavista.com\/it\/\"},{\"@type\":\"ListItem\",\"position\":2,\"name\":\"Politique de confidentialit\u00e9\"}]},{\"@type\":\"WebSite\",\"@id\":\"https:\/\/www.camping-bellavista.com\/it\/#website\",\"url\":\"https:\/\/www.camping-bellavista.com\/it\/\",\"name\":\"Camping Bella Vista\",\"description\":\"\",\"publisher\":{\"@id\":\"https:\/\/www.camping-bellavista.com\/it\/#organization\"},\"potentialAction\":[{\"@type\":\"SearchAction\",\"target\":{\"@type\":\"EntryPoint\",\"urlTemplate\":\"https:\/\/www.camping-bellavista.com\/it\/?s={search_term_string}\"},\"query-input\":{\"@type\":\"PropertyValueSpecification\",\"valueRequired\":true,\"valueName\":\"search_term_string\"}}],\"inLanguage\":\"it-IT\"},{\"@type\":\"Organization\",\"@id\":\"https:\/\/www.camping-bellavista.com\/it\/#organization\",\"name\":\"Camping Bellavista\",\"url\":\"https:\/\/www.camping-bellavista.com\/it\/\",\"logo\":{\"@type\":\"ImageObject\",\"inLanguage\":\"it-IT\",\"@id\":\"https:\/\/www.camping-bellavista.com\/it\/#\/schema\/logo\/image\/\",\"url\":\"https:\/\/www.camping-bellavista.com\/wp-content\/uploads\/2021\/12\/logo-bella-vista.png\",\"contentUrl\":\"https:\/\/www.camping-bellavista.com\/wp-content\/uploads\/2021\/12\/logo-bella-vista.png\",\"width\":512,\"height\":512,\"caption\":\"Camping Bellavista\"},\"image\":{\"@id\":\"https:\/\/www.camping-bellavista.com\/it\/#\/schema\/logo\/image\/\"}}]}<\/script>\n<!-- \/ Yoast SEO plugin. -->","yoast_head_json":{"title":"Politica sulla riservatezza- Campeggio Bella Vista","robots":{"index":"noindex","follow":"nofollow"},"og_locale":"it_IT","og_type":"article","og_title":"Politica sulla riservatezza- Campeggio Bella Vista","og_url":"https:\/\/www.camping-bellavista.com\/it\/politica-sulla-riservatezza\/","og_site_name":"Camping Bella Vista","article_modified_time":"2021-12-15T13:44:50+00:00","twitter_card":"summary_large_image","twitter_misc":{"Tempo di lettura stimato":"6 minuti"},"schema":{"@context":"https:\/\/schema.org","@graph":[{"@type":"WebPage","@id":"https:\/\/www.camping-bellavista.com\/it\/politica-sulla-riservatezza\/","url":"https:\/\/www.camping-bellavista.com\/it\/politica-sulla-riservatezza\/","name":"Politica sulla riservatezza- Campeggio Bella Vista","isPartOf":{"@id":"https:\/\/www.camping-bellavista.com\/it\/#website"},"datePublished":"2021-10-15T09:05:10+00:00","dateModified":"2021-12-15T13:44:50+00:00","breadcrumb":{"@id":"https:\/\/www.camping-bellavista.com\/it\/politica-sulla-riservatezza\/#breadcrumb"},"inLanguage":"it-IT","potentialAction":[{"@type":"ReadAction","target":["https:\/\/www.camping-bellavista.com\/it\/politica-sulla-riservatezza\/"]}]},{"@type":"BreadcrumbList","@id":"https:\/\/www.camping-bellavista.com\/it\/politica-sulla-riservatezza\/#breadcrumb","itemListElement":[{"@type":"ListItem","position":1,"name":"Campeggio Corse","item":"https:\/\/www.camping-bellavista.com\/it\/"},{"@type":"ListItem","position":2,"name":"Politique de confidentialit\u00e9"}]},{"@type":"WebSite","@id":"https:\/\/www.camping-bellavista.com\/it\/#website","url":"https:\/\/www.camping-bellavista.com\/it\/","name":"Camping Bella Vista","description":"","publisher":{"@id":"https:\/\/www.camping-bellavista.com\/it\/#organization"},"potentialAction":[{"@type":"SearchAction","target":{"@type":"EntryPoint","urlTemplate":"https:\/\/www.camping-bellavista.com\/it\/?s={search_term_string}"},"query-input":{"@type":"PropertyValueSpecification","valueRequired":true,"valueName":"search_term_string"}}],"inLanguage":"it-IT"},{"@type":"Organization","@id":"https:\/\/www.camping-bellavista.com\/it\/#organization","name":"Camping Bellavista","url":"https:\/\/www.camping-bellavista.com\/it\/","logo":{"@type":"ImageObject","inLanguage":"it-IT","@id":"https:\/\/www.camping-bellavista.com\/it\/#\/schema\/logo\/image\/","url":"https:\/\/www.camping-bellavista.com\/wp-content\/uploads\/2021\/12\/logo-bella-vista.png","contentUrl":"https:\/\/www.camping-bellavista.com\/wp-content\/uploads\/2021\/12\/logo-bella-vista.png","width":512,"height":512,"caption":"Camping Bellavista"},"image":{"@id":"https:\/\/www.camping-bellavista.com\/it\/#\/schema\/logo\/image\/"}}]}},"_links":{"self":[{"href":"https:\/\/www.camping-bellavista.com\/it\/wp-json\/wp\/v2\/pages\/2047"}],"collection":[{"href":"https:\/\/www.camping-bellavista.com\/it\/wp-json\/wp\/v2\/pages"}],"about":[{"href":"https:\/\/www.camping-bellavista.com\/it\/wp-json\/wp\/v2\/types\/page"}],"author":[{"embeddable":true,"href":"https:\/\/www.camping-bellavista.com\/it\/wp-json\/wp\/v2\/users\/1"}],"replies":[{"embeddable":true,"href":"https:\/\/www.camping-bellavista.com\/it\/wp-json\/wp\/v2\/comments?post=2047"}],"version-history":[{"count":5,"href":"https:\/\/www.camping-bellavista.com\/it\/wp-json\/wp\/v2\/pages\/2047\/revisions"}],"predecessor-version":[{"id":2055,"href":"https:\/\/www.camping-bellavista.com\/it\/wp-json\/wp\/v2\/pages\/2047\/revisions\/2055"}],"wp:attachment":[{"href":"https:\/\/www.camping-bellavista.com\/it\/wp-json\/wp\/v2\/media?parent=2047"}],"wp:term":[{"taxonomy":"sujet","embeddable":true,"href":"https:\/\/www.camping-bellavista.com\/it\/wp-json\/wp\/v2\/sujet?post=2047"}],"curies":[{"name":"wp","href":"https:\/\/api.w.org\/{rel}","templated":true}]}}