{"id":2056,"date":"2021-10-15T11:15:06","date_gmt":"2021-10-15T09:15:06","guid":{"rendered":"http:\/\/www.camping-bellavista.com\/mentions-legales\/"},"modified":"2021-12-15T14:47:30","modified_gmt":"2021-12-15T13:47:30","slug":"avvisi-legali","status":"publish","type":"page","link":"https:\/\/www.camping-bellavista.com\/it\/avvisi-legali\/","title":{"rendered":"Mentions l\u00e9gales"},"content":{"rendered":"<section id=\"ls-section-block_61967465597bb\" class=\"ls-section \" >\r\n        <div class=\"container container--wide\">\r\n        \n\n<h1 class=\"ls__heading has-text-align-center ls__heading-undefined wp-block-heading\">Informazioni legali<\/h1>\n\n\n\n<h2 class=\"ls__heading ls__heading inline-title center wp-block-heading\">Editore del sito<\/h2>\n\n\n\n<p class=\"ls-paragraph\">CAMPING Bella Vista<\/p>\n\n\n\n<p class=\"ls-paragraph\">Indirizzo : Route de Pietramaggiore 20260 Calvi<\/p>\n\n\n\n<p class=\"ls-paragraph\">Tel : +33 4 95 65 11 76<\/p>\n\n\n\n<p class=\"ls-paragraph\">Email :campingbellavista@orange.fr<\/p>\n\n\n\n<p class=\"ls-paragraph\">N\u00b0 Siret : 38954849600014<\/p>\n\n\n\n<p class=\"ls-paragraph\">Code APE : 5530Z<\/p>\n\n\n\n<h2 class=\"ls__heading ls__heading inline-title center wp-block-heading\">Realizzazione<\/h2>\n\n\n\n<p class=\"ls-paragraph\">Geek Tonic<\/p>\n\n\n\n<p class=\"ls-paragraph\">Rappresentato da Yohan Darmayan in qualit\u00e0 di Manager<\/p>\n\n\n\n<p class=\"ls-paragraph\">Sede centrale : 1 ALL\u00c9E PIERRE LAT\u00c9CO\u00c8RE 64200 BIARRITZ<\/p>\n\n\n\n<p class=\"ls-paragraph\">T\u00e9l : +33 5 32 74 11 53<\/p>\n\n\n\n<p class=\"ls-paragraph\">E-mail : info@geek-tonic.com<\/p>\n\n\n\n<p class=\"ls-paragraph\">Sito web : https:\/\/www.geek-tonic.com\/<\/p>\n\n\n\n<p class=\"ls-paragraph\">SIRET : 89746755100015<\/p>\n\n\n\n<p class=\"ls-paragraph\">APE : 6201Z<\/p>\n\n\n\n<h2 class=\"ls__heading ls__heading inline-title center wp-block-heading\">Diritti d&#8217;autore e copyright<\/h2>\n\n\n\n<p class=\"ls-paragraph\">L&#8217;intero contenuto di questo sito \u00e8 soggetto ai diritti d&#8217;autore e di propriet\u00e0 intellettuale della legge francese. Qualsiasi riproduzione (comprese le foto, le icone e i documenti scaricabili) \u00e8 vietata senza il previo accordo di Geek Tonic. La riproduzione su un supporto elettronico di tutto o parte del sito in formato cartaceo o elettronico \u00e8 vietata. Geek Tonic declina ogni responsabilit\u00e0 per il contenuto del sito. Geek Tonic declina inoltre ogni responsabilit\u00e0 per i link esterni che puntano a questo sito.<\/p>\n\n\n\n<h2 class=\"ls__heading ls__heading inline-title center wp-block-heading\">Dati personali e informazioni nominative<\/h2>\n\n\n\n<p class=\"ls-paragraph\">Disponete di un diritto di accesso, di modifica, di rettifica e di soppressione dei dati che vi riguardano, conformemente all&#8217;articolo 34 della legge francese sulla protezione dei dati (Loi &#8221; Informatique et Libert\u00e9s &#8221; n\u00b0 78-17 del 6 gennaio 1978, modificata il 6 agosto 2004). Per esercitare questo diritto di accesso, potete fare una richiesta scritta all&#8217;editore del sito.<\/p>\n\n\n\n<h2 class=\"ls__heading ls__heading inline-title center wp-block-heading\">Legislazione<\/h2>\n\n\n\n<p class=\"ls-paragraph\">Ai sensi della legge dell&#8217;11 marzo 1957 (art. 41) e del codice della propriet\u00e0 intellettuale del 1\u00b0 luglio 1992, \u00e8 vietata la riproduzione parziale o totale di qualsiasi parte del sito senza previa autorizzazione dell&#8217;editore del sito. I loghi, le immagini, le foto, i video, i grafici e i testi sono di propriet\u00e0 dei rispettivi proprietari. Questo sito pu\u00f2, a sua insaputa, essere stato collegato ad altri siti per mezzo di link ipermediali. L&#8217;editore del sito declina ogni responsabilit\u00e0 per le informazioni presentate su questi altri siti. L&#8217;utente Internet riconosce che l&#8217;uso di questo sito \u00e8 regolato dal diritto francese.<\/p>\n\n\r\n    <\/div>\r\n<\/section>","protected":false},"excerpt":{"rendered":"","protected":false},"author":1,"featured_media":0,"parent":0,"menu_order":0,"comment_status":"closed","ping_status":"closed","template":"","meta":{"_acf_changed":false,"footnotes":""},"sujet":[],"class_list":["post-2056","page","type-page","status-publish","hentry"],"acf":[],"yoast_head":"<!-- This site is optimized with the Yoast SEO plugin v25.3 - https:\/\/yoast.com\/wordpress\/plugins\/seo\/ -->\n<title>Avviso legale - Campeggio Bella Vista<\/title>\n<meta name=\"robots\" content=\"noindex, nofollow\" \/>\n<meta property=\"og:locale\" content=\"it_IT\" \/>\n<meta property=\"og:type\" content=\"article\" \/>\n<meta property=\"og:title\" content=\"Avviso legale - Campeggio Bella Vista\" \/>\n<meta property=\"og:url\" content=\"https:\/\/www.camping-bellavista.com\/it\/avvisi-legali\/\" \/>\n<meta property=\"og:site_name\" content=\"Camping Bella Vista\" \/>\n<meta property=\"article:modified_time\" content=\"2021-12-15T13:47:30+00:00\" \/>\n<meta name=\"twitter:card\" content=\"summary_large_image\" \/>\n<meta name=\"twitter:label1\" content=\"Tempo di lettura stimato\" \/>\n\t<meta name=\"twitter:data1\" content=\"2 minuti\" \/>\n<script type=\"application\/ld+json\" class=\"yoast-schema-graph\">{\"@context\":\"https:\/\/schema.org\",\"@graph\":[{\"@type\":\"WebPage\",\"@id\":\"https:\/\/www.camping-bellavista.com\/it\/avvisi-legali\/\",\"url\":\"https:\/\/www.camping-bellavista.com\/it\/avvisi-legali\/\",\"name\":\"Avviso legale - Campeggio Bella Vista\",\"isPartOf\":{\"@id\":\"https:\/\/www.camping-bellavista.com\/it\/#website\"},\"datePublished\":\"2021-10-15T09:15:06+00:00\",\"dateModified\":\"2021-12-15T13:47:30+00:00\",\"breadcrumb\":{\"@id\":\"https:\/\/www.camping-bellavista.com\/it\/avvisi-legali\/#breadcrumb\"},\"inLanguage\":\"it-IT\",\"potentialAction\":[{\"@type\":\"ReadAction\",\"target\":[\"https:\/\/www.camping-bellavista.com\/it\/avvisi-legali\/\"]}]},{\"@type\":\"BreadcrumbList\",\"@id\":\"https:\/\/www.camping-bellavista.com\/it\/avvisi-legali\/#breadcrumb\",\"itemListElement\":[{\"@type\":\"ListItem\",\"position\":1,\"name\":\"Campeggio Corse\",\"item\":\"https:\/\/www.camping-bellavista.com\/it\/\"},{\"@type\":\"ListItem\",\"position\":2,\"name\":\"Avvisi legali\"}]},{\"@type\":\"WebSite\",\"@id\":\"https:\/\/www.camping-bellavista.com\/it\/#website\",\"url\":\"https:\/\/www.camping-bellavista.com\/it\/\",\"name\":\"Camping Bella Vista\",\"description\":\"\",\"publisher\":{\"@id\":\"https:\/\/www.camping-bellavista.com\/it\/#organization\"},\"potentialAction\":[{\"@type\":\"SearchAction\",\"target\":{\"@type\":\"EntryPoint\",\"urlTemplate\":\"https:\/\/www.camping-bellavista.com\/it\/?s={search_term_string}\"},\"query-input\":{\"@type\":\"PropertyValueSpecification\",\"valueRequired\":true,\"valueName\":\"search_term_string\"}}],\"inLanguage\":\"it-IT\"},{\"@type\":\"Organization\",\"@id\":\"https:\/\/www.camping-bellavista.com\/it\/#organization\",\"name\":\"Camping Bellavista\",\"url\":\"https:\/\/www.camping-bellavista.com\/it\/\",\"logo\":{\"@type\":\"ImageObject\",\"inLanguage\":\"it-IT\",\"@id\":\"https:\/\/www.camping-bellavista.com\/it\/#\/schema\/logo\/image\/\",\"url\":\"https:\/\/www.camping-bellavista.com\/wp-content\/uploads\/2021\/12\/logo-bella-vista.png\",\"contentUrl\":\"https:\/\/www.camping-bellavista.com\/wp-content\/uploads\/2021\/12\/logo-bella-vista.png\",\"width\":512,\"height\":512,\"caption\":\"Camping Bellavista\"},\"image\":{\"@id\":\"https:\/\/www.camping-bellavista.com\/it\/#\/schema\/logo\/image\/\"}}]}<\/script>\n<!-- \/ Yoast SEO plugin. -->","yoast_head_json":{"title":"Avviso legale - Campeggio Bella Vista","robots":{"index":"noindex","follow":"nofollow"},"og_locale":"it_IT","og_type":"article","og_title":"Avviso legale - Campeggio Bella Vista","og_url":"https:\/\/www.camping-bellavista.com\/it\/avvisi-legali\/","og_site_name":"Camping Bella Vista","article_modified_time":"2021-12-15T13:47:30+00:00","twitter_card":"summary_large_image","twitter_misc":{"Tempo di lettura stimato":"2 minuti"},"schema":{"@context":"https:\/\/schema.org","@graph":[{"@type":"WebPage","@id":"https:\/\/www.camping-bellavista.com\/it\/avvisi-legali\/","url":"https:\/\/www.camping-bellavista.com\/it\/avvisi-legali\/","name":"Avviso legale - Campeggio Bella Vista","isPartOf":{"@id":"https:\/\/www.camping-bellavista.com\/it\/#website"},"datePublished":"2021-10-15T09:15:06+00:00","dateModified":"2021-12-15T13:47:30+00:00","breadcrumb":{"@id":"https:\/\/www.camping-bellavista.com\/it\/avvisi-legali\/#breadcrumb"},"inLanguage":"it-IT","potentialAction":[{"@type":"ReadAction","target":["https:\/\/www.camping-bellavista.com\/it\/avvisi-legali\/"]}]},{"@type":"BreadcrumbList","@id":"https:\/\/www.camping-bellavista.com\/it\/avvisi-legali\/#breadcrumb","itemListElement":[{"@type":"ListItem","position":1,"name":"Campeggio Corse","item":"https:\/\/www.camping-bellavista.com\/it\/"},{"@type":"ListItem","position":2,"name":"Avvisi legali"}]},{"@type":"WebSite","@id":"https:\/\/www.camping-bellavista.com\/it\/#website","url":"https:\/\/www.camping-bellavista.com\/it\/","name":"Camping Bella Vista","description":"","publisher":{"@id":"https:\/\/www.camping-bellavista.com\/it\/#organization"},"potentialAction":[{"@type":"SearchAction","target":{"@type":"EntryPoint","urlTemplate":"https:\/\/www.camping-bellavista.com\/it\/?s={search_term_string}"},"query-input":{"@type":"PropertyValueSpecification","valueRequired":true,"valueName":"search_term_string"}}],"inLanguage":"it-IT"},{"@type":"Organization","@id":"https:\/\/www.camping-bellavista.com\/it\/#organization","name":"Camping Bellavista","url":"https:\/\/www.camping-bellavista.com\/it\/","logo":{"@type":"ImageObject","inLanguage":"it-IT","@id":"https:\/\/www.camping-bellavista.com\/it\/#\/schema\/logo\/image\/","url":"https:\/\/www.camping-bellavista.com\/wp-content\/uploads\/2021\/12\/logo-bella-vista.png","contentUrl":"https:\/\/www.camping-bellavista.com\/wp-content\/uploads\/2021\/12\/logo-bella-vista.png","width":512,"height":512,"caption":"Camping Bellavista"},"image":{"@id":"https:\/\/www.camping-bellavista.com\/it\/#\/schema\/logo\/image\/"}}]}},"_links":{"self":[{"href":"https:\/\/www.camping-bellavista.com\/it\/wp-json\/wp\/v2\/pages\/2056"}],"collection":[{"href":"https:\/\/www.camping-bellavista.com\/it\/wp-json\/wp\/v2\/pages"}],"about":[{"href":"https:\/\/www.camping-bellavista.com\/it\/wp-json\/wp\/v2\/types\/page"}],"author":[{"embeddable":true,"href":"https:\/\/www.camping-bellavista.com\/it\/wp-json\/wp\/v2\/users\/1"}],"replies":[{"embeddable":true,"href":"https:\/\/www.camping-bellavista.com\/it\/wp-json\/wp\/v2\/comments?post=2056"}],"version-history":[{"count":2,"href":"https:\/\/www.camping-bellavista.com\/it\/wp-json\/wp\/v2\/pages\/2056\/revisions"}],"predecessor-version":[{"id":2061,"href":"https:\/\/www.camping-bellavista.com\/it\/wp-json\/wp\/v2\/pages\/2056\/revisions\/2061"}],"wp:attachment":[{"href":"https:\/\/www.camping-bellavista.com\/it\/wp-json\/wp\/v2\/media?parent=2056"}],"wp:term":[{"taxonomy":"sujet","embeddable":true,"href":"https:\/\/www.camping-bellavista.com\/it\/wp-json\/wp\/v2\/sujet?post=2056"}],"curies":[{"name":"wp","href":"https:\/\/api.w.org\/{rel}","templated":true}]}}